{"id":126,"date":"2024-09-04T14:48:53","date_gmt":"2024-09-04T12:48:53","guid":{"rendered":"https:\/\/www.ruheforst-deutschland.de\/aukrug\/?page_id=126"},"modified":"2025-11-05T08:26:50","modified_gmt":"2025-11-05T07:26:50","slug":"anfahrt","status":"publish","type":"page","link":"https:\/\/www.ruheforst-deutschland.de\/aukrug\/anfahrt\/","title":{"rendered":"Anfahrt"},"content":{"rendered":"<div class=\"wpb-content-wrapper\"><p>[vc_row][vc_column][vc_column_text css=&#8220;&#8220;]<\/p>\n<h1>Anfahrt<\/h1>\n<p>[\/vc_column_text][vc_row_inner gap=&#8220;25&#8243; css=&#8220;.vc_custom_1725978475409{padding: 0px !important;}&#8220;][vc_column_inner width=&#8220;1\/3&#8243;][vc_column_text css=&#8220;&#8220;]<strong>RuheForst Aukrug-Waldh\u00fctten<\/strong><\/p>\n<h4>Aus Richtung Neum\u00fcnster kommend:<\/h4>\n<p>\u00dcber die B430 Richtung Hohenwestedt bis Abzweig L121 (Itzehoer Str.) Richtung Hennstedt, nach 2 km halb rechts in die Stra\u00dfe Waldh\u00fcttener Weg<\/p>\n<h4>Aus Richtung Hamburg kommend:<\/h4>\n<p>\u00dcber die A7 Richtung Flensburg. Bis Autobahn Abfahrt Neum\u00fcnster-Mitte, dann auf die B430 Richtung Hohenwestedt bis Abzweig L121 (Itzehoer Str.) Richtung Hennstedt, nach 2km halb rechts in die Stra\u00dfe Waldh\u00fcttener Weg<\/p>\n<h4>Aus Richtung Heide kommend:<\/h4>\n<p>Die A23 Richtung Hamburg nach S\u00fcden. An der Abfahrt Schenefeld auf die B430 abzweigen. Immer der B430 folgen, \u00fcber Schenefeld \u2013 Christinenthal \u2013 Hohenwestedt weiter Richtung Neum\u00fcnster. Am Abzweig L121 (Itzehoer Str.) rechts Richtung Hennstedt, nach 2km halb rechts in die Stra\u00dfe Waldh\u00fcttener Weg<\/p>\n<h4>Aus Richtung Kiel\/ Flensburg kommend:<\/h4>\n<p>\u00dcber die A7 Richtung Hamburg. Bis Autobahn Abfahrt Neum\u00fcnster-Mitte, dann auf die B430 Richtung Hohenwestedt bis Abzweig L121 (Itzehoer Str.) Richtung Hennstedt, nach 2km halb rechts in die Stra\u00dfe Waldh\u00fcttener Weg<\/p>\n<p>&nbsp;<\/p>\n<p>QR-Code Anfahrt[\/vc_column_text][vc_single_image image=&#8220;920&#8243; img_size=&#8220;medium&#8220; css=&#8220;&#8220;][\/vc_column_inner][vc_column_inner width=&#8220;2\/3&#8243;][vc_gmaps link=&#8220;#E-8_JTNDaWZyYW1lJTIwc3JjJTNEJTIyaHR0cHMlM0ElMkYlMkZ3d3cuZ29vZ2xlLmNvbSUyRm1hcHMlMkZlbWJlZCUzRnBiJTNEJTIxMW0xOCUyMTFtMTIlMjExbTMlMjExZDIzNDIuMTkzMDU0ODYyODYzNCUyMTJkOS43NDAxMTEwNzc2NzM4OSUyMTNkNTQuMDUyNTgyOTIxNjQ2MTU2JTIxMm0zJTIxMWYwJTIxMmYwJTIxM2YwJTIxM20yJTIxMWkxMDI0JTIxMmk3NjglMjE0ZjEzLjElMjEzbTMlMjExbTIlMjExczB4NDdiM2I3NzJlZGZlOTIyNyUyNTNBMHg2MjZhNmQ4ZDc2NjQwOTJkJTIxMnNSdWhlZm9yc3QlMjUyMEF1a3J1Zy1XYWxkaCUyNUMzJTI1QkN0dGVuJTIxNWUwJTIxM20yJTIxMXNkZSUyMTJzZGUlMjE0djE3NjIyNjM3MzUwNzYlMjE1bTIlMjExc2RlJTIxMnNkZSUyMiUyMHdpZHRoJTNEJTIyNjAwJTIyJTIwaGVpZ2h0JTNEJTIyNDUwJTIyJTIwc3R5bGUlM0QlMjJib3JkZXIlM0EwJTNCJTIyJTIwYWxsb3dmdWxsc2NyZWVuJTNEJTIyJTIyJTIwbG9hZGluZyUzRCUyMmxhenklMjIlMjByZWZlcnJlcnBvbGljeSUzRCUyMm5vLXJlZmVycmVyLXdoZW4tZG93bmdyYWRlJTIyJTNFJTNDJTJGaWZyYW1lJTNF&#8220; css=&#8220;&#8220;][vc_single_image image=&#8220;918&#8243; img_size=&#8220;full&#8220; css=&#8220;&#8220;][\/vc_column_inner][\/vc_row_inner][\/vc_column][\/vc_row]<\/p>\n<\/div>","protected":false},"excerpt":{"rendered":"<p>[vc_row][vc_column][vc_column_text css=&#8220;&#8220;] Anfahrt [\/vc_column_text][vc_row_inner gap=&#8220;25&#8243; css=&#8220;.vc_custom_1725978475409{padding: 0px !important;}&#8220;][vc_column_inner width=&#8220;1\/3&#8243;][vc_column_text css=&#8220;&#8220;]RuheForst Aukrug-Waldh\u00fctten Aus Richtung Neum\u00fcnster kommend: \u00dcber die B430 Richtung Hohenwestedt bis Abzweig L121 (Itzehoer Str.) Richtung Hennstedt, nach 2 km&#8230; <a class=\"read-more\" href=\"https:\/\/www.ruheforst-deutschland.de\/aukrug\/anfahrt\/\">Weiterlesen<\/a><\/p>\n","protected":false},"author":1,"featured_media":0,"parent":0,"menu_order":7,"comment_status":"closed","ping_status":"closed","template":"","meta":{"site-sidebar-layout":"no-sidebar","site-content-layout":"plain-container","ast-site-content-layout":"default","site-content-style":"default","site-sidebar-style":"default","ast-global-header-display":"","ast-banner-title-visibility":"","ast-main-header-display":"","ast-hfb-above-header-display":"","ast-hfb-below-header-display":"","ast-hfb-mobile-header-display":"","site-post-title":"disabled","ast-breadcrumbs-content":"","ast-featured-img":"disabled","footer-sml-layout":"","ast-disable-related-posts":"","theme-transparent-header-meta":"default","adv-header-id-meta":"","stick-header-meta":"","header-above-stick-meta":"","header-main-stick-meta":"","header-below-stick-meta":"","astra-migrate-meta-layouts":"set","ast-page-background-enabled":"default","ast-page-background-meta":{"desktop":{"background-color":"var(--ast-global-color-4)","background-image":"","background-repeat":"repeat","background-position":"center center","background-size":"auto","background-attachment":"scroll","background-type":"","background-media":"","overlay-type":"","overlay-color":"","overlay-opacity":"","overlay-gradient":""},"tablet":{"background-color":"","background-image":"","background-repeat":"repeat","background-position":"center center","background-size":"auto","background-attachment":"scroll","background-type":"","background-media":"","overlay-type":"","overlay-color":"","overlay-opacity":"","overlay-gradient":""},"mobile":{"background-color":"","background-image":"","background-repeat":"repeat","background-position":"center center","background-size":"auto","background-attachment":"scroll","background-type":"","background-media":"","overlay-type":"","overlay-color":"","overlay-opacity":"","overlay-gradient":""}},"ast-content-background-meta":{"desktop":{"background-color":"var(--ast-global-color-5)","background-image":"","background-repeat":"repeat","background-position":"center center","background-size":"auto","background-attachment":"scroll","background-type":"","background-media":"","overlay-type":"","overlay-color":"","overlay-opacity":"","overlay-gradient":""},"tablet":{"background-color":"var(--ast-global-color-5)","background-image":"","background-repeat":"repeat","background-position":"center center","background-size":"auto","background-attachment":"scroll","background-type":"","background-media":"","overlay-type":"","overlay-color":"","overlay-opacity":"","overlay-gradient":""},"mobile":{"background-color":"var(--ast-global-color-5)","background-image":"","background-repeat":"repeat","background-position":"center center","background-size":"auto","background-attachment":"scroll","background-type":"","background-media":"","overlay-type":"","overlay-color":"","overlay-opacity":"","overlay-gradient":""}},"footnotes":""},"class_list":["post-126","page","type-page","status-publish","hentry"],"_links":{"self":[{"href":"https:\/\/www.ruheforst-deutschland.de\/aukrug\/wp-json\/wp\/v2\/pages\/126","targetHints":{"allow":["GET"]}}],"collection":[{"href":"https:\/\/www.ruheforst-deutschland.de\/aukrug\/wp-json\/wp\/v2\/pages"}],"about":[{"href":"https:\/\/www.ruheforst-deutschland.de\/aukrug\/wp-json\/wp\/v2\/types\/page"}],"author":[{"embeddable":true,"href":"https:\/\/www.ruheforst-deutschland.de\/aukrug\/wp-json\/wp\/v2\/users\/1"}],"replies":[{"embeddable":true,"href":"https:\/\/www.ruheforst-deutschland.de\/aukrug\/wp-json\/wp\/v2\/comments?post=126"}],"version-history":[{"count":14,"href":"https:\/\/www.ruheforst-deutschland.de\/aukrug\/wp-json\/wp\/v2\/pages\/126\/revisions"}],"predecessor-version":[{"id":1092,"href":"https:\/\/www.ruheforst-deutschland.de\/aukrug\/wp-json\/wp\/v2\/pages\/126\/revisions\/1092"}],"wp:attachment":[{"href":"https:\/\/www.ruheforst-deutschland.de\/aukrug\/wp-json\/wp\/v2\/media?parent=126"}],"curies":[{"name":"wp","href":"https:\/\/api.w.org\/{rel}","templated":true}]}}