{"id":378,"date":"2024-09-11T13:49:25","date_gmt":"2024-09-11T11:49:25","guid":{"rendered":"https:\/\/www.ruheforst-deutschland.de\/aukrug\/?page_id=378"},"modified":"2026-02-13T13:38:27","modified_gmt":"2026-02-13T12:38:27","slug":"ablauf-einer-waldbestattung","status":"publish","type":"page","link":"https:\/\/www.ruheforst-deutschland.de\/aukrug\/ablauf-einer-waldbestattung\/","title":{"rendered":"Ablauf einer Waldbestattung"},"content":{"rendered":"<div class=\"wpb-content-wrapper\"><p>[vc_row][vc_column][vc_column_text css=&#8220;&#8220;]<\/p>\n<h1>Ablauf einer Urnenbeisetzung im RuheForst<\/h1>\n<p>[\/vc_column_text][vc_column_text css=&#8220;&#8220;]<strong>Im Nachfolgenden finden Sie einige n\u00fctzliche Hinweise zur Beisetzung eines Verstorbenen in einem RuheForst. Da noch nicht alle Menschen den Ablauf einer Bestattung in einem RuheForst kennen, bitten wir Sie ihre Trauerg\u00e4ste entsprechend zu informieren.<\/strong><\/p>\n<p>Nachdem mit dem RuheForst-Standort ein Beisetzungstermin vereinbart wurde, wird das RuheBiotop vorbereitet. Das Urnengrab wird ausgehoben, mit einer Baumscheibe abgedeckt und mit nat\u00fcrlichen Materialien geschm\u00fcckt. Die Urne wird am Beisetzungstag durch das Personal des RuheForst-Standortes oder das beauftragte Bestattungsunternehmen in den RuheForst gebracht.[\/vc_column_text][vc_row_inner gap=&#8220;25&#8243; css=&#8220;.vc_custom_1726055401120{padding: 0px !important;}&#8220;][vc_column_inner width=&#8220;2\/3&#8243;][vc_column_text css=&#8220;&#8220;]Grunds\u00e4tzlich k\u00f6nnen die Beisetzungsfeierlichkeiten weitestgehend nach den W\u00fcnschen der verstorbenen Person (Beachtung des letzten Willens der Person) bzw. der Hinterbliebenen frei gestaltet werden. Jeder RuheForst ist mindestens mit einer Andachtsst\u00e4tte ausgestattet. Diese kann, muss aber nicht, f\u00fcr Trauerfeierlichkeiten genutzt werden. Sie k\u00f6nnen die Andacht auch direkt am RuheBiotop (Grabstelle) abhalten. Die Andachtsst\u00e4tte und\/oder das RuheBiotop k\u00f6nnen am Tag der Beisetzung nach Ihren W\u00fcnschen dekoriert werden. Die Dekoration muss aber nach der Beisetzung unbedingt wieder komplett entfernt und mitgenommen werden.<\/p>\n<p>Die Trauerfeier kann mit Hilfe eines geistlichen Beistandes, eines Trauerredners, des Bestatters gestaltet werden. Eine musikalische Begleitung der Beisetzung ist ebenso m\u00f6glich, wie das Abspielen von geliebten Musikst\u00fccken \u00fcber ein entsprechendes Medium.<br \/>\nGrunds\u00e4tzlich sollten Sie Ihre W\u00fcnsche und Vorstellungen zum Ablauf der Trauerfeier und Beisetzung im Vorfeld mit dem Bestatter und dem RuheForst-Personal abstimmen. Im Anschluss an die Zeremonie kommt ein RuheForst Mitarbeiter um die Grabst\u00e4tte zu verschlie\u00dfen und die Beisetzung zu dokumentieren.<\/p>\n<p>Nach der Beisetzungsfeier ist Grabschmuck im RuheForst grunds\u00e4tzlich nicht erw\u00fcnscht, da von da an die Natur diese Aufgabe selbst \u00fcbernimmt. Von dem Niederlegen von Blumengebinden, -gestecken und Kr\u00e4nzen ist an einem RuheBiotop Abstand zu nehmen. Bitte unterrichten Sie Ihre Trauerg\u00e4ste \u00fcber diese Tatsache.<\/p>\n<p>Da es sich um eine Beisetzung in freier Natur handelt, sollte die Kleidung dem Wetter und den Gegebenheiten des Waldes entsprechend angepasst werden. Wir empfehlen festes Schuhwerk und wetterfeste Kleidung. Grunds\u00e4tzlich finden Beisetzungen bei normalen Wetterlagen in jeder Jahreszeit statt, auch wenn es mal regnet oder schneit. Ausnahmen sind allerdings Wetterextreme, wie Sturm, Eisregen, Glatteis, \u2026. Treten diese ein, dann ist es sogar m\u00f6glich, dass eine Beisetzung auch kurzfristig vom RuheForst-Personal abgesagt werden kann und muss, um eine Gef\u00e4hrdung der Trauerg\u00e4ste auszuschlie\u00dfen. Bei solchen Wetterlagen sind RuheForste grunds\u00e4tzlich f\u00fcr jedermann gesperrt.[\/vc_column_text][\/vc_column_inner][vc_column_inner width=&#8220;1\/3&#8243;][vc_column_text css=&#8220;.vc_custom_1726056569029{padding: 25px !important;background-color: #E0DCCE !important;}&#8220;]<\/p>\n<h4>Download<\/h4>\n<ul>\n<li><a href=\"https:\/\/www.ruheforst-deutschland.de\/wp-content\/uploads\/2023\/11\/Wegweiser-im-Trauerfall.pdf\" target=\"_blank\" rel=\"noopener\">Abschied nehmen im Herzen des Waldes \u2013 Ein Wegweiser f\u00fcr den Trauerfall<\/a>, PDF<\/li>\n<\/ul>\n<p>[\/vc_column_text][vc_raw_html css=&#8220;&#8220;]JTNDaWZyYW1lJTIwJTIwJTIwc3JjJTNEJTIyaHR0cHMlM0ElMkYlMkZ3d3cucnVoZWZvcnN0LWRldXRzY2hsYW5kLmRlJTJGZmxpcGJvb2tzJTJGV2Vnd2Vpc2VyLWltLVRyYXVlcmZhbGwlMkYlMjIlMEElMjAlMjAlMjB3aWR0aCUzRCUyMjEwMCUyNSUyMiUyMCUwQSUyMCUyMCUyMGhlaWdodCUzRCUyMjQwMCUyMiUyMCUwQSUyMCUyMCUyMG5hbWUlM0QlMjJTRUxGSFRNTF9pbl9hX2JveCUyMiUzRSUwQSUwQSUzQ3AlM0VJaHIlMjBCcm93c2VyJTIwa2FubiUyMGxlaWRlciUyMGtlaW5lJTIwZWluZ2ViZXR0ZXRlbiUyMEZyYW1lcyUyMGFuemVpZ2VuJTNBJTBBU2llJTIwayVDMyVCNm5uZW4lMjBkaWUlMjBlaW5nZWJldHRldGUlMjBTZWl0ZSUyMCVDMyVCQ2JlciUyMGRlbiUyMGZvbGdlbmRlbiUyMFZlcndlaXMlMjBhdWZydWZlbiUzQSUyMCUwQSUzQ2ElMjBocmVmJTNEJTIydHRwcyUzQSUyRiUyRnJ1aGVmb3JzdC5jZHdvcmtzLmRlJTJGZmxpcGJvb2tzJTJGV2Vnd2Vpc2VyLWltLVRyYXVlcmZhbGwlMkYlMjIlMjB0YXJnZXQlM0QlMjJfYmxhbmslMjIlM0VMaW5rJTNDJTJGYSUzRSUwQSUzQyUyRnAlM0UlMEElM0MlMkZpZnJhbWUlM0U=[\/vc_raw_html][\/vc_column_inner][\/vc_row_inner][vc_empty_space height=&#8220;50px&#8220;][\/vc_column][\/vc_row]<\/p>\n<\/div>","protected":false},"excerpt":{"rendered":"<p>[vc_row][vc_column][vc_column_text css=&#8220;&#8220;] Ablauf einer Urnenbeisetzung im RuheForst [\/vc_column_text][vc_column_text css=&#8220;&#8220;]Im Nachfolgenden finden Sie einige n\u00fctzliche Hinweise zur Beisetzung eines Verstorbenen in einem RuheForst. Da noch nicht alle Menschen den Ablauf einer&#8230; <a class=\"read-more\" href=\"https:\/\/www.ruheforst-deutschland.de\/aukrug\/ablauf-einer-waldbestattung\/\">Weiterlesen<\/a><\/p>\n","protected":false},"author":1,"featured_media":0,"parent":0,"menu_order":0,"comment_status":"closed","ping_status":"closed","template":"","meta":{"site-sidebar-layout":"no-sidebar","site-content-layout":"plain-container","ast-site-content-layout":"default","site-content-style":"default","site-sidebar-style":"default","ast-global-header-display":"","ast-banner-title-visibility":"","ast-main-header-display":"","ast-hfb-above-header-display":"","ast-hfb-below-header-display":"","ast-hfb-mobile-header-display":"","site-post-title":"disabled","ast-breadcrumbs-content":"","ast-featured-img":"disabled","footer-sml-layout":"","ast-disable-related-posts":"","theme-transparent-header-meta":"default","adv-header-id-meta":"","stick-header-meta":"","header-above-stick-meta":"","header-main-stick-meta":"","header-below-stick-meta":"","astra-migrate-meta-layouts":"set","ast-page-background-enabled":"default","ast-page-background-meta":{"desktop":{"background-color":"var(--ast-global-color-4)","background-image":"","background-repeat":"repeat","background-position":"center center","background-size":"auto","background-attachment":"scroll","background-type":"","background-media":"","overlay-type":"","overlay-color":"","overlay-opacity":"","overlay-gradient":""},"tablet":{"background-color":"","background-image":"","background-repeat":"repeat","background-position":"center center","background-size":"auto","background-attachment":"scroll","background-type":"","background-media":"","overlay-type":"","overlay-color":"","overlay-opacity":"","overlay-gradient":""},"mobile":{"background-color":"","background-image":"","background-repeat":"repeat","background-position":"center center","background-size":"auto","background-attachment":"scroll","background-type":"","background-media":"","overlay-type":"","overlay-color":"","overlay-opacity":"","overlay-gradient":""}},"ast-content-background-meta":{"desktop":{"background-color":"var(--ast-global-color-5)","background-image":"","background-repeat":"repeat","background-position":"center center","background-size":"auto","background-attachment":"scroll","background-type":"","background-media":"","overlay-type":"","overlay-color":"","overlay-opacity":"","overlay-gradient":""},"tablet":{"background-color":"var(--ast-global-color-5)","background-image":"","background-repeat":"repeat","background-position":"center center","background-size":"auto","background-attachment":"scroll","background-type":"","background-media":"","overlay-type":"","overlay-color":"","overlay-opacity":"","overlay-gradient":""},"mobile":{"background-color":"var(--ast-global-color-5)","background-image":"","background-repeat":"repeat","background-position":"center center","background-size":"auto","background-attachment":"scroll","background-type":"","background-media":"","overlay-type":"","overlay-color":"","overlay-opacity":"","overlay-gradient":""}},"footnotes":""},"class_list":["post-378","page","type-page","status-publish","hentry"],"_links":{"self":[{"href":"https:\/\/www.ruheforst-deutschland.de\/aukrug\/wp-json\/wp\/v2\/pages\/378","targetHints":{"allow":["GET"]}}],"collection":[{"href":"https:\/\/www.ruheforst-deutschland.de\/aukrug\/wp-json\/wp\/v2\/pages"}],"about":[{"href":"https:\/\/www.ruheforst-deutschland.de\/aukrug\/wp-json\/wp\/v2\/types\/page"}],"author":[{"embeddable":true,"href":"https:\/\/www.ruheforst-deutschland.de\/aukrug\/wp-json\/wp\/v2\/users\/1"}],"replies":[{"embeddable":true,"href":"https:\/\/www.ruheforst-deutschland.de\/aukrug\/wp-json\/wp\/v2\/comments?post=378"}],"version-history":[{"count":11,"href":"https:\/\/www.ruheforst-deutschland.de\/aukrug\/wp-json\/wp\/v2\/pages\/378\/revisions"}],"predecessor-version":[{"id":1138,"href":"https:\/\/www.ruheforst-deutschland.de\/aukrug\/wp-json\/wp\/v2\/pages\/378\/revisions\/1138"}],"wp:attachment":[{"href":"https:\/\/www.ruheforst-deutschland.de\/aukrug\/wp-json\/wp\/v2\/media?parent=378"}],"curies":[{"name":"wp","href":"https:\/\/api.w.org\/{rel}","templated":true}]}}