{"id":126,"date":"2024-09-04T14:48:53","date_gmt":"2024-09-04T12:48:53","guid":{"rendered":"https:\/\/www.ruheforst-deutschland.de\/gluecksburg\/?page_id=126"},"modified":"2026-02-13T14:25:38","modified_gmt":"2026-02-13T13:25:38","slug":"anfahrt","status":"publish","type":"page","link":"https:\/\/www.ruheforst-deutschland.de\/gluecksburg\/anfahrt\/","title":{"rendered":"Anfahrt"},"content":{"rendered":"<div class=\"wpb-content-wrapper\"><p>[vc_row][vc_column][vc_column_text css=&#8220;&#8220;]<\/p>\n<h1>Anfahrt<\/h1>\n<p>[\/vc_column_text][vc_row_inner gap=&#8220;25&#8243; css=&#8220;.vc_custom_1725978475409{padding: 0px !important;}&#8220;][vc_column_inner width=&#8220;1\/3&#8243;][vc_column_text css=&#8220;&#8220;]<strong>RuheForst Flensburger F\u00f6rde\/Gl\u00fccksburg<\/strong><\/p>\n<p>Adresse f\u00fcr Eingabe in Navigationsger\u00e4te:<br \/>\nGl\u00fccksburg, Quellental<\/p>\n<h3>Anfahrtsbeschreibung:<\/h3>\n<p>Von der A 7 aus S\u00fcden kommend \u2013 Ausfahrt Flensburg\/Gl\u00fccksburg (Nr. 3) abfahren. Der B 200 in Richtung Norden (Flensburg) und Abfahrt Flensburg S\u00fcd folgen.<\/p>\n<p>Dem Stra\u00dfenverlauf auf der Osttangente weiter folgen bis zum \u00dcbergang auf die B 199 \u2013 Richtung Kappeln. An der Ampel in Wees (B 199) nach links abbiegen \u2013 Richtung Gl\u00fccksburg. Bitte beachten Sie f\u00fcr die restliche Anfahrt die RuheForst-Hinweisschilder.<\/p>\n<p>&nbsp;<\/p>\n<p>QR-Code Anfahrt[\/vc_column_text][vc_single_image image=&#8220;983&#8243; img_size=&#8220;300px 300px&#8220; css=&#8220;&#8220;][\/vc_column_inner][vc_column_inner width=&#8220;2\/3&#8243;][vc_gmaps link=&#8220;#E-8_JTNDaWZyYW1lJTIwc3JjJTNEJTIyaHR0cHMlM0ElMkYlMkZ3d3cuZ29vZ2xlLmNvbSUyRm1hcHMlMkZlbWJlZCUzRnBiJTNEJTIxMW0xOCUyMTFtMTIlMjExbTMlMjExZDIyOTcuNzM0Mzc4MjY3NzkyJTIxMmQ5LjUxODA0MzI3NzEyNDc0JTIxM2Q1NC44MzczNTA4NjIxMjc0NiUyMTJtMyUyMTFmMCUyMTJmMCUyMTNmMCUyMTNtMiUyMTFpMTAyNCUyMTJpNzY4JTIxNGYxMy4xJTIxM20zJTIxMW0yJTIxMXMweDQ3YjM0M2VjNmIxNjQwNmIlMjUzQTB4ZmE2NWYzMDIyYWZiMGQwZSUyMTJzUnVoZUZvcnN0JTI1MjBGbGVuc2J1cmdlciUyNTIwRiUyNUMzJTI1QjZyZGUlMjUyMCUyNTJGJTI1MjBHbCUyNUMzJTI1QkNja3NidXJnJTIxNWUwJTIxM20yJTIxMXNkZSUyMTJzZGUlMjE0djE3NjQxNjIxNDUxODclMjE1bTIlMjExc2RlJTIxMnNkZSUyMiUyMHdpZHRoJTNEJTIyMTAwJTI1JTIyJTIwaGVpZ2h0JTNEJTIyNTUwJTIyJTIwc3R5bGUlM0QlMjJib3JkZXIlM0EwJTNCJTIyJTIwYWxsb3dmdWxsc2NyZWVuJTNEJTIyJTIyJTIwbG9hZGluZyUzRCUyMmxhenklMjIlMjByZWZlcnJlcnBvbGljeSUzRCUyMm5vLXJlZmVycmVyLXdoZW4tZG93bmdyYWRlJTIyJTNFJTNDJTJGaWZyYW1lJTNFJTBBJTBB&#8220; css=&#8220;&#8220;][\/vc_column_inner][\/vc_row_inner][\/vc_column][\/vc_row]<\/p>\n<\/div>","protected":false},"excerpt":{"rendered":"<p>[vc_row][vc_column][vc_column_text css=&#8220;&#8220;] Anfahrt [\/vc_column_text][vc_row_inner gap=&#8220;25&#8243; css=&#8220;.vc_custom_1725978475409{padding: 0px !important;}&#8220;][vc_column_inner width=&#8220;1\/3&#8243;][vc_column_text css=&#8220;&#8220;]RuheForst Flensburger F\u00f6rde\/Gl\u00fccksburg Adresse f\u00fcr Eingabe in Navigationsger\u00e4te: Gl\u00fccksburg, Quellental Anfahrtsbeschreibung: Von der A 7 aus S\u00fcden kommend \u2013 Ausfahrt Flensburg\/Gl\u00fccksburg&#8230; <a class=\"read-more\" href=\"https:\/\/www.ruheforst-deutschland.de\/gluecksburg\/anfahrt\/\">Weiterlesen<\/a><\/p>\n","protected":false},"author":1,"featured_media":0,"parent":0,"menu_order":7,"comment_status":"closed","ping_status":"closed","template":"","meta":{"site-sidebar-layout":"no-sidebar","site-content-layout":"plain-container","ast-site-content-layout":"default","site-content-style":"default","site-sidebar-style":"default","ast-global-header-display":"","ast-banner-title-visibility":"","ast-main-header-display":"","ast-hfb-above-header-display":"","ast-hfb-below-header-display":"","ast-hfb-mobile-header-display":"","site-post-title":"disabled","ast-breadcrumbs-content":"","ast-featured-img":"disabled","footer-sml-layout":"","ast-disable-related-posts":"","theme-transparent-header-meta":"default","adv-header-id-meta":"","stick-header-meta":"","header-above-stick-meta":"","header-main-stick-meta":"","header-below-stick-meta":"","astra-migrate-meta-layouts":"set","ast-page-background-enabled":"default","ast-page-background-meta":{"desktop":{"background-color":"var(--ast-global-color-4)","background-image":"","background-repeat":"repeat","background-position":"center center","background-size":"auto","background-attachment":"scroll","background-type":"","background-media":"","overlay-type":"","overlay-color":"","overlay-opacity":"","overlay-gradient":""},"tablet":{"background-color":"","background-image":"","background-repeat":"repeat","background-position":"center center","background-size":"auto","background-attachment":"scroll","background-type":"","background-media":"","overlay-type":"","overlay-color":"","overlay-opacity":"","overlay-gradient":""},"mobile":{"background-color":"","background-image":"","background-repeat":"repeat","background-position":"center center","background-size":"auto","background-attachment":"scroll","background-type":"","background-media":"","overlay-type":"","overlay-color":"","overlay-opacity":"","overlay-gradient":""}},"ast-content-background-meta":{"desktop":{"background-color":"var(--ast-global-color-5)","background-image":"","background-repeat":"repeat","background-position":"center center","background-size":"auto","background-attachment":"scroll","background-type":"","background-media":"","overlay-type":"","overlay-color":"","overlay-opacity":"","overlay-gradient":""},"tablet":{"background-color":"var(--ast-global-color-5)","background-image":"","background-repeat":"repeat","background-position":"center center","background-size":"auto","background-attachment":"scroll","background-type":"","background-media":"","overlay-type":"","overlay-color":"","overlay-opacity":"","overlay-gradient":""},"mobile":{"background-color":"var(--ast-global-color-5)","background-image":"","background-repeat":"repeat","background-position":"center center","background-size":"auto","background-attachment":"scroll","background-type":"","background-media":"","overlay-type":"","overlay-color":"","overlay-opacity":"","overlay-gradient":""}},"footnotes":""},"class_list":["post-126","page","type-page","status-publish","hentry"],"_links":{"self":[{"href":"https:\/\/www.ruheforst-deutschland.de\/gluecksburg\/wp-json\/wp\/v2\/pages\/126","targetHints":{"allow":["GET"]}}],"collection":[{"href":"https:\/\/www.ruheforst-deutschland.de\/gluecksburg\/wp-json\/wp\/v2\/pages"}],"about":[{"href":"https:\/\/www.ruheforst-deutschland.de\/gluecksburg\/wp-json\/wp\/v2\/types\/page"}],"author":[{"embeddable":true,"href":"https:\/\/www.ruheforst-deutschland.de\/gluecksburg\/wp-json\/wp\/v2\/users\/1"}],"replies":[{"embeddable":true,"href":"https:\/\/www.ruheforst-deutschland.de\/gluecksburg\/wp-json\/wp\/v2\/comments?post=126"}],"version-history":[{"count":13,"href":"https:\/\/www.ruheforst-deutschland.de\/gluecksburg\/wp-json\/wp\/v2\/pages\/126\/revisions"}],"predecessor-version":[{"id":1016,"href":"https:\/\/www.ruheforst-deutschland.de\/gluecksburg\/wp-json\/wp\/v2\/pages\/126\/revisions\/1016"}],"wp:attachment":[{"href":"https:\/\/www.ruheforst-deutschland.de\/gluecksburg\/wp-json\/wp\/v2\/media?parent=126"}],"curies":[{"name":"wp","href":"https:\/\/api.w.org\/{rel}","templated":true}]}}