{"id":58,"date":"2024-09-04T13:00:07","date_gmt":"2024-09-04T11:00:07","guid":{"rendered":"https:\/\/www.ruheforst-deutschland.de\/gluecksburg\/?page_id=58"},"modified":"2026-02-13T14:13:08","modified_gmt":"2026-02-13T13:13:08","slug":"kontakt","status":"publish","type":"page","link":"https:\/\/www.ruheforst-deutschland.de\/gluecksburg\/kontakt\/","title":{"rendered":"Kontakt"},"content":{"rendered":"<div class=\"wpb-content-wrapper\"><p>[vc_row][vc_column][vc_column_text css=&#8220;&#8220;]<\/p>\n<h1>Kontakt<\/h1>\n<h4>Beratung \u2013 F\u00fchrungen &#8211; Verwaltung<\/h4>\n<p>[\/vc_column_text][vc_row_inner gap=&#8220;25&#8243; css=&#8220;.vc_custom_1725873527427{padding: 0px !important;}&#8220;][vc_column_inner width=&#8220;1\/2&#8243;][vc_column_text css=&#8220;&#8220;]Die Mitarbeiterinnen und Mitarbeiter des RuheForstes\u00ae Flensburger F\u00f6rde \/ Gl\u00fccksburg beraten Sie gerne umf\u00e4nglich \u00fcber die Beisetzungsm\u00f6glichkeiten im Wald, vereinbaren pers\u00f6nliche Termine und helfen Ihnen bei der RuheBiotop-Auswahl.[\/vc_column_text][vc_column_text css=&#8220;&#8220;]<span style=\"font-size: large\"><b>Information und Beratungstermine:<\/b><\/span><\/p>\n<p><span style=\"font-size: medium\">RuheForst Flensburger F\u00f6rde\/Gl\u00fccksburg<br \/>\n<\/span><span style=\"font-size: medium\">Quellental Parkplatz<br \/>\n<\/span><span style=\"font-size: medium\">24960 Gl\u00fccksburg<br \/>\n<\/span><span style=\"font-size: medium\">(keine Postadresse)<\/span><\/p>\n<table class=\"standort-kontakt\" style=\"font-size: 16px;font-style: normal\">\n<tbody>\n<tr>\n<td>Festnetz<\/td>\n<td>+49 4631 409 139 2<\/td>\n<\/tr>\n<tr>\n<td><\/td>\n<td><\/td>\n<\/tr>\n<tr>\n<td class=\"space\" colspan=\"2\"><\/td>\n<\/tr>\n<tr>\n<td><\/td>\n<td><\/td>\n<\/tr>\n<tr>\n<td><\/td>\n<td><\/td>\n<\/tr>\n<\/tbody>\n<\/table>\n<p>[\/vc_column_text][vc_column_text css=&#8220;&#8220;]<strong>Ansprechpartner f\u00fcr Beisetzungstermine:<\/strong><\/p>\n<p>RuheForst Flensburger F\u00f6rde\/Gl\u00fccksburg<br \/>\nFriedhofsverwaltung Gl\u00fccksburg<br \/>\n24960 Gl\u00fccksburg<\/p>\n<table class=\"standort-kontakt\" style=\"font-size: 16px;font-style: normal\">\n<tbody>\n<tr>\n<td>Mobil<\/td>\n<td>+49 170 234 857 2<\/td>\n<\/tr>\n<tr>\n<td><\/td>\n<td><\/td>\n<\/tr>\n<tr>\n<td class=\"space\" colspan=\"2\"><\/td>\n<\/tr>\n<tr>\n<td>E-Mail-Adresse:<\/td>\n<td><a class=\"mailto-link\" href=\"mailto:gluecksburg@kirche-slfl.de\" target=\"_blank\" rel=\"noopener\">gluecksburg@kirche-slfl.de<\/a><\/td>\n<\/tr>\n<tr>\n<td><\/td>\n<td><\/td>\n<\/tr>\n<\/tbody>\n<\/table>\n<p>[\/vc_column_text][\/vc_column_inner][vc_column_inner width=&#8220;1\/2&#8243;][vc_masonry_media_grid element_width=&#8220;6&#8243; css=&#8220;&#8220; grid_id=&#8220;vc_gid:1770988307156-5d9ecfe3-1a09-2&#8243; include=&#8220;870,755,867,903&#8243;][\/vc_column_inner][\/vc_row_inner][vc_column_text css=&#8220;&#8220;]<strong>B\u00fcroadresse RuheForst Flensburger F\u00f6rde\/Gl\u00fccksburg:<\/strong><\/p>\n<p>Landwirtschaftskammer Schleswig-Holstein<br \/>\nWaldbestattung<br \/>\nHamburger Str. 115<br \/>\n23795 Bad Segeberg<\/p>\n<table class=\"standort-kontakt\" style=\"font-size: 16px;font-style: normal\">\n<tbody>\n<tr>\n<td>Festnetz<\/td>\n<td>+49 4551 959 845<\/td>\n<\/tr>\n<tr>\n<td><\/td>\n<td><\/td>\n<\/tr>\n<tr>\n<td class=\"space\" colspan=\"2\"><\/td>\n<\/tr>\n<tr>\n<td>E-Mail-Adresse:<\/td>\n<td><a class=\"mailto-link\" href=\"mailto:info@ruheforst-gluecksburg.de\" target=\"_blank\" rel=\"noopener\">info@ruheforst-gluecksburg.de<\/a><\/td>\n<\/tr>\n<tr>\n<td>Internet-Adresse:<\/td>\n<td><a href=\"http:\/\/www.ruheforst-gluecksburg.de\" target=\"_blank\" rel=\"noopener\">www.ruheforst-gluecksburg.de<\/a><\/td>\n<\/tr>\n<\/tbody>\n<\/table>\n<p>[\/vc_column_text][\/vc_column][\/vc_row]<\/p>\n<\/div>","protected":false},"excerpt":{"rendered":"<p>[vc_row][vc_column][vc_column_text css=&#8220;&#8220;] Kontakt Beratung \u2013 F\u00fchrungen &#8211; Verwaltung [\/vc_column_text][vc_row_inner gap=&#8220;25&#8243; css=&#8220;.vc_custom_1725873527427{padding: 0px !important;}&#8220;][vc_column_inner width=&#8220;1\/2&#8243;][vc_column_text css=&#8220;&#8220;]Die Mitarbeiterinnen und Mitarbeiter des RuheForstes\u00ae Flensburger F\u00f6rde \/ Gl\u00fccksburg beraten Sie gerne umf\u00e4nglich \u00fcber die&#8230; <a class=\"read-more\" href=\"https:\/\/www.ruheforst-deutschland.de\/gluecksburg\/kontakt\/\">Weiterlesen<\/a><\/p>\n","protected":false},"author":1,"featured_media":0,"parent":0,"menu_order":1,"comment_status":"closed","ping_status":"closed","template":"","meta":{"site-sidebar-layout":"no-sidebar","site-content-layout":"plain-container","ast-site-content-layout":"default","site-content-style":"default","site-sidebar-style":"default","ast-global-header-display":"","ast-banner-title-visibility":"","ast-main-header-display":"","ast-hfb-above-header-display":"","ast-hfb-below-header-display":"","ast-hfb-mobile-header-display":"","site-post-title":"disabled","ast-breadcrumbs-content":"","ast-featured-img":"disabled","footer-sml-layout":"","ast-disable-related-posts":"","theme-transparent-header-meta":"default","adv-header-id-meta":"","stick-header-meta":"","header-above-stick-meta":"","header-main-stick-meta":"","header-below-stick-meta":"","astra-migrate-meta-layouts":"set","ast-page-background-enabled":"default","ast-page-background-meta":{"desktop":{"background-color":"var(--ast-global-color-4)","background-image":"","background-repeat":"repeat","background-position":"center center","background-size":"auto","background-attachment":"scroll","background-type":"","background-media":"","overlay-type":"","overlay-color":"","overlay-opacity":"","overlay-gradient":""},"tablet":{"background-color":"","background-image":"","background-repeat":"repeat","background-position":"center center","background-size":"auto","background-attachment":"scroll","background-type":"","background-media":"","overlay-type":"","overlay-color":"","overlay-opacity":"","overlay-gradient":""},"mobile":{"background-color":"","background-image":"","background-repeat":"repeat","background-position":"center center","background-size":"auto","background-attachment":"scroll","background-type":"","background-media":"","overlay-type":"","overlay-color":"","overlay-opacity":"","overlay-gradient":""}},"ast-content-background-meta":{"desktop":{"background-color":"var(--ast-global-color-5)","background-image":"","background-repeat":"repeat","background-position":"center center","background-size":"auto","background-attachment":"scroll","background-type":"","background-media":"","overlay-type":"","overlay-color":"","overlay-opacity":"","overlay-gradient":""},"tablet":{"background-color":"var(--ast-global-color-5)","background-image":"","background-repeat":"repeat","background-position":"center center","background-size":"auto","background-attachment":"scroll","background-type":"","background-media":"","overlay-type":"","overlay-color":"","overlay-opacity":"","overlay-gradient":""},"mobile":{"background-color":"var(--ast-global-color-5)","background-image":"","background-repeat":"repeat","background-position":"center center","background-size":"auto","background-attachment":"scroll","background-type":"","background-media":"","overlay-type":"","overlay-color":"","overlay-opacity":"","overlay-gradient":""}},"footnotes":""},"class_list":["post-58","page","type-page","status-publish","hentry"],"_links":{"self":[{"href":"https:\/\/www.ruheforst-deutschland.de\/gluecksburg\/wp-json\/wp\/v2\/pages\/58","targetHints":{"allow":["GET"]}}],"collection":[{"href":"https:\/\/www.ruheforst-deutschland.de\/gluecksburg\/wp-json\/wp\/v2\/pages"}],"about":[{"href":"https:\/\/www.ruheforst-deutschland.de\/gluecksburg\/wp-json\/wp\/v2\/types\/page"}],"author":[{"embeddable":true,"href":"https:\/\/www.ruheforst-deutschland.de\/gluecksburg\/wp-json\/wp\/v2\/users\/1"}],"replies":[{"embeddable":true,"href":"https:\/\/www.ruheforst-deutschland.de\/gluecksburg\/wp-json\/wp\/v2\/comments?post=58"}],"version-history":[{"count":38,"href":"https:\/\/www.ruheforst-deutschland.de\/gluecksburg\/wp-json\/wp\/v2\/pages\/58\/revisions"}],"predecessor-version":[{"id":1005,"href":"https:\/\/www.ruheforst-deutschland.de\/gluecksburg\/wp-json\/wp\/v2\/pages\/58\/revisions\/1005"}],"wp:attachment":[{"href":"https:\/\/www.ruheforst-deutschland.de\/gluecksburg\/wp-json\/wp\/v2\/media?parent=58"}],"curies":[{"name":"wp","href":"https:\/\/api.w.org\/{rel}","templated":true}]}}