{"id":413,"date":"2024-09-11T15:54:54","date_gmt":"2024-09-11T13:54:54","guid":{"rendered":"https:\/\/www.ruheforst-deutschland.de\/hellwege\/?page_id=413"},"modified":"2024-09-11T15:57:36","modified_gmt":"2024-09-11T13:57:36","slug":"faq-umbettung","status":"publish","type":"page","link":"https:\/\/www.ruheforst-deutschland.de\/hellwege\/faq-umbettung\/","title":{"rendered":"FAQ Umbettung"},"content":{"rendered":"\n<h3 class=\"wp-block-heading\">Was ist eine Umbettung?<\/h3>\n\n\n\n<p>Der Ausdruck Umbettung bezeichnet die Verlagerung der sterblichen \u00dcberreste einer verstorbenen Person von einer Grabst\u00e4tte an einen anderen Bestattungsort.<\/p>\n\n\n\n<h3 class=\"wp-block-heading\">Kann ich meinen Verstorbenen in einen RuheForst umbetten lassen?<\/h3>\n\n\n\n<p>Grunds\u00e4tzlich JA. In einen RuheForst k\u00f6nnen aber nur Urnen mit den Aschen der Verstorbenen umgebettet werden.<\/p>\n\n\n\n<h3 class=\"wp-block-heading\">Wer ist der Ansprechpartner f\u00fcr eine Umbettung?<\/h3>\n\n\n\n<p>Ansprechpartner ist zun\u00e4chst die jeweilige Friedhofsverwaltung, auf deren Friedhof ein Mensch beigesetzt worden ist. Bei ihr muss der Antrag auf Umbettung durch die Hinterbliebenen gestellt werden. Dort bekommen Sie alle Ausk\u00fcnfte dar\u00fcber, wie die Umbettung durchzuf\u00fchren ist. Sie k\u00f6nnen aber auch ein Bestattungsinstitut Ihrer Wahl mit der Durchf\u00fchrung der Umbettung beauftragen. Dieses ist beim Ausf\u00fcllen der Antr\u00e4ge behilflich und k\u00fcmmert sich um die Genehmigung einer Umbettung bei der Friedhofsverwaltung.<\/p>\n\n\n\n<h3 class=\"wp-block-heading\">Wann kann ich meine Angeh\u00f6rigen umbetten lassen?<\/h3>\n\n\n\n<p>Da die Totenruhe grunds\u00e4tzlich nicht gest\u00f6rt werden darf, kann eine Umbettung nur in besonderen Ausnahmef\u00e4llen vorgenommen werden. Damit die Genehmigung f\u00fcr eine Umbettung werden kann, m\u00fcssen der zust\u00e4ndigen Friedhofsbeh\u00f6rde dringliche Gr\u00fcnde f\u00fcr eine Umbettung per Antrag vorgelegt werden.<\/p>\n\n\n\n<p>Sie sollten sich mit dem jeweiligen Friedhofsbeh\u00f6rde in Verbindung setzen, um zu erfahren, ab wann ein Antrag auf Umbettung gestellt werden kann.<\/p>\n\n\n\n<h3 class=\"wp-block-heading\">Ich ziehe um. Kann mein Angeh\u00f6riger an den neuen Wohnort umgebettet werden?<\/h3>\n\n\n\n<p>siehe: \u201eWas ist ein wichtiger Grund f\u00fcr eine Umbettung vor Ablauf der gesetzlichen Ruhezeit\u201c.<\/p>\n\n\n\n<h3 class=\"wp-block-heading\">Ich kann den Friedhof aus Altersgr\u00fcnden nicht mehr aufsuchen und die Grabstelle pflegen. Ist eine Umbettung daher gerechtfertigt?<\/h3>\n\n\n\n<p>siehe: \u201eWas ist ein wichtiger Grund f\u00fcr eine Umbettung vor Ablauf der gesetzlichen Ruhezeit\u201d<\/p>\n\n\n\n<h3 class=\"wp-block-heading\">Welche Gr\u00fcnde kann es beispielsweise f\u00fcr eine Umbettung geben?<\/h3>\n\n\n\n<ul class=\"wp-block-list\">\n<li>die testamentarische Verf\u00fcgung (\u201eletzter Wille\u201c) der verstorbenen Person,<\/li>\n\n\n\n<li>der Umzug der Hinterbliebenen an einen weit entfernten Ort,<\/li>\n\n\n\n<li>wenn den Angeh\u00f6rigen der Besuch des Grabes nicht mehr zumutbar ist, z. B. wegen hohen Alters,<\/li>\n\n\n\n<li>wenn der Verstorbene im falschen Grab bestattet worden ist,<\/li>\n\n\n\n<li>wenn Verstorbene in einem Familiengrab zusammengelegt werden sollen,<\/li>\n\n\n\n<li>die Schlie\u00dfung eines Friedhofs,<\/li>\n<\/ul>\n\n\n\n<p><strong>Letztendlich ist jeder Antrag auf Umbettung eine Einzelfallentscheidung der zust\u00e4ndigen Beh\u00f6rde!!!<\/strong><\/p>\n\n\n\n<h3 class=\"wp-block-heading\">Wie lange ist die gesetzliche Ruhezeit?<\/h3>\n\n\n\n<p>Das h\u00e4ngt von den landesspezifischen Bestattungsgesetzen und \u00f6rtlichen Friedhofssatzungen ab. Das Bestattungsrecht ist L\u00e4nderrecht. In der Regel betr\u00e4gt die Ruhezeit zwischen 20 bis 30 Jahren bei Erdbestattungen und 15 bis 25 Jahren bei Ascheurnen.<\/p>\n\n\n\n<h3 class=\"wp-block-heading\">Kann ich auch Erdbestattete in einen RuheForst umbetten lassen, oder geht das nur mit Urnen?<\/h3>\n\n\n\n<p>Grunds\u00e4tzlich JA. Da in einem RuheForst aber nur Urnenbeisetzungen gestattet sind, m\u00fcssten die \u00dcberreste des Verstorbenen kremiert und in eine Urne umgef\u00fcllt werden. N\u00e4heres dazu k\u00f6nnen Sie von einem Bestatter Ihrer Wahl erfahren.<\/p>\n\n\n\n<h3 class=\"wp-block-heading\">Brauche ich eine Genehmigung zur Umbettung?<\/h3>\n\n\n\n<p><strong>JA.<\/strong> Die Umbettung von Urnen bed\u00fcrfen der vorherigen Zustimmung der Friedhofsverwaltung sowie der Genehmigung der \u00f6rtlichen Ordnungsbeh\u00f6rde. Die n\u00e4chsten Angeh\u00f6rigen m\u00fcssen sich mit der Umbettung einverstanden erkl\u00e4ren.<\/p>\n\n\n\n<h3 class=\"wp-block-heading\">Wer f\u00fchrt die Umbettung durch?<\/h3>\n\n\n\n<p>Bei der Beantragung und Durchf\u00fchrung der Umbettung hilft ihnen der von Ihnen beauftragte Bestatter.<br>Adressen von Bestattern finden Sie unter anderem auch auf den RuheForst-Standort-Homepages unter dem Punkt \u201ePartner\u201d.<\/p>\n\n\n\n<h3 class=\"wp-block-heading\">Was kostet eine Umbettung?<\/h3>\n\n\n\n<p>Das ist unterschiedlich. Die Geb\u00fchren f\u00fcr die Umbettung sind per Satzung festgelegt. Hinzukommen die Kosten f\u00fcr den Bestatter und das RuheBiotop im RuheForst.<\/p>\n\n\n\n<h3 class=\"wp-block-heading\">Die gesetzliche Ruhezeit der Urne l\u00e4uft auf einem herk\u00f6mmlichen Friedhof ab. Was passiert mit der Urne?<\/h3>\n\n\n\n<p>Sofern die Angeh\u00f6rigen keine Umbettung (Grabstellenverlagerung) oder Verl\u00e4ngerung der Laufzeit der Ruhest\u00e4tte vornehmen lassen. Wird die Urne von der Friedhofsverwaltung in ein anderes Grab verlegt.<\/p>\n\n\n\n<div style=\"height:50px\" aria-hidden=\"true\" class=\"wp-block-spacer\"><\/div>\n","protected":false},"excerpt":{"rendered":"<p>Was ist eine Umbettung? Der Ausdruck Umbettung bezeichnet die Verlagerung der sterblichen \u00dcberreste einer verstorbenen Person von einer Grabst\u00e4tte an einen anderen Bestattungsort. Kann ich meinen Verstorbenen in einen RuheForst&#8230; <a class=\"read-more\" href=\"https:\/\/www.ruheforst-deutschland.de\/hellwege\/faq-umbettung\/\">Weiterlesen<\/a><\/p>\n","protected":false},"author":1,"featured_media":0,"parent":0,"menu_order":0,"comment_status":"closed","ping_status":"closed","template":"","meta":{"site-sidebar-layout":"default","site-content-layout":"","ast-site-content-layout":"default","site-content-style":"default","site-sidebar-style":"default","ast-global-header-display":"","ast-banner-title-visibility":"","ast-main-header-display":"","ast-hfb-above-header-display":"","ast-hfb-below-header-display":"","ast-hfb-mobile-header-display":"","site-post-title":"","ast-breadcrumbs-content":"","ast-featured-img":"","footer-sml-layout":"","ast-disable-related-posts":"","theme-transparent-header-meta":"","adv-header-id-meta":"","stick-header-meta":"","header-above-stick-meta":"","header-main-stick-meta":"","header-below-stick-meta":"","astra-migrate-meta-layouts":"default","ast-page-background-enabled":"default","ast-page-background-meta":{"desktop":{"background-color":"var(--ast-global-color-4)","background-image":"","background-repeat":"repeat","background-position":"center center","background-size":"auto","background-attachment":"scroll","background-type":"","background-media":"","overlay-type":"","overlay-color":"","overlay-opacity":"","overlay-gradient":""},"tablet":{"background-color":"","background-image":"","background-repeat":"repeat","background-position":"center center","background-size":"auto","background-attachment":"scroll","background-type":"","background-media":"","overlay-type":"","overlay-color":"","overlay-opacity":"","overlay-gradient":""},"mobile":{"background-color":"","background-image":"","background-repeat":"repeat","background-position":"center center","background-size":"auto","background-attachment":"scroll","background-type":"","background-media":"","overlay-type":"","overlay-color":"","overlay-opacity":"","overlay-gradient":""}},"ast-content-background-meta":{"desktop":{"background-color":"var(--ast-global-color-5)","background-image":"","background-repeat":"repeat","background-position":"center center","background-size":"auto","background-attachment":"scroll","background-type":"","background-media":"","overlay-type":"","overlay-color":"","overlay-opacity":"","overlay-gradient":""},"tablet":{"background-color":"var(--ast-global-color-5)","background-image":"","background-repeat":"repeat","background-position":"center center","background-size":"auto","background-attachment":"scroll","background-type":"","background-media":"","overlay-type":"","overlay-color":"","overlay-opacity":"","overlay-gradient":""},"mobile":{"background-color":"var(--ast-global-color-5)","background-image":"","background-repeat":"repeat","background-position":"center center","background-size":"auto","background-attachment":"scroll","background-type":"","background-media":"","overlay-type":"","overlay-color":"","overlay-opacity":"","overlay-gradient":""}},"footnotes":""},"class_list":["post-413","page","type-page","status-publish","hentry"],"_links":{"self":[{"href":"https:\/\/www.ruheforst-deutschland.de\/hellwege\/wp-json\/wp\/v2\/pages\/413","targetHints":{"allow":["GET"]}}],"collection":[{"href":"https:\/\/www.ruheforst-deutschland.de\/hellwege\/wp-json\/wp\/v2\/pages"}],"about":[{"href":"https:\/\/www.ruheforst-deutschland.de\/hellwege\/wp-json\/wp\/v2\/types\/page"}],"author":[{"embeddable":true,"href":"https:\/\/www.ruheforst-deutschland.de\/hellwege\/wp-json\/wp\/v2\/users\/1"}],"replies":[{"embeddable":true,"href":"https:\/\/www.ruheforst-deutschland.de\/hellwege\/wp-json\/wp\/v2\/comments?post=413"}],"version-history":[{"count":3,"href":"https:\/\/www.ruheforst-deutschland.de\/hellwege\/wp-json\/wp\/v2\/pages\/413\/revisions"}],"predecessor-version":[{"id":418,"href":"https:\/\/www.ruheforst-deutschland.de\/hellwege\/wp-json\/wp\/v2\/pages\/413\/revisions\/418"}],"wp:attachment":[{"href":"https:\/\/www.ruheforst-deutschland.de\/hellwege\/wp-json\/wp\/v2\/media?parent=413"}],"curies":[{"name":"wp","href":"https:\/\/api.w.org\/{rel}","templated":true}]}}