{"id":105,"date":"2024-09-04T14:32:57","date_gmt":"2024-09-04T12:32:57","guid":{"rendered":"https:\/\/www.ruheforst-deutschland.de\/kummerfeld\/?page_id=105"},"modified":"2026-03-17T12:27:18","modified_gmt":"2026-03-17T11:27:18","slug":"orientierung-im-ruheforst","status":"publish","type":"page","link":"https:\/\/www.ruheforst-deutschland.de\/kummerfeld\/orientierung-im-ruheforst\/","title":{"rendered":"Orientierung im RuheForst"},"content":{"rendered":"<div class=\"wpb-content-wrapper\"><p>[vc_row][vc_column][vc_column_text css=&#8220;&#8220;]<\/p>\n<h1>Orientierung im Wald ist \u00dcbungssache.<\/h1>\n<p>[\/vc_column_text][vc_column_text css=&#8220;&#8220;]Jeder Wald ist einzigartig. Im Verlauf der Jahreszeiten wechselt er aber immer wieder sein \u00e4u\u00dferes Erscheinungsbild, was dem Waldbesucher die Orientierung durchaus erschweren kann.\u00a0 Mit ein klein wenig Hilfe finden auch Sie sich im Wald zurecht. Orientierung im Wald ist, wie so vieles, \u00dcbungssache.[\/vc_column_text][vc_column_text css=&#8220;&#8220;]<\/p>\n<h1>Orientierung im RuheForst\u00ae<\/h1>\n<p>[\/vc_column_text][vc_column_text css=&#8220;&#8220;]Am Eingang des RuheForstes\u00ae finden Sie eine Infotafel mit einer \u00dcbersichtskarte. Auf dieser Karte sind die Wege und RuheBiotop\u00ae-Bereiche eingezeichnet, so dass ein RuheBiotop\u00ae bei einem Besuch leicht zu finden ist.[\/vc_column_text][vc_row_inner gap=&#8220;25&#8243; css=&#8220;.vc_custom_1725878312872{padding-top: 0px !important;padding-right: 0px !important;padding-bottom: 0px !important;padding-left: 0px !important;}&#8220;][vc_column_inner width=&#8220;1\/2&#8243;][vc_single_image image=&#8220;757&#8243; img_size=&#8220;full&#8220; css=&#8220;.vc_custom_1764242688336{margin-bottom: 10px !important;}&#8220;][vc_column_text css=&#8220;&#8220;]<em>Infotafel am Eingang des RuheForstes\u00ae Kummerfeld\/Kreis Pinneberg<\/em>[\/vc_column_text][\/vc_column_inner][vc_column_inner width=&#8220;1\/2&#8243;][vc_single_image image=&#8220;756&#8243; img_size=&#8220;full&#8220; css=&#8220;.vc_custom_1764242729399{margin-bottom: 10px !important;}&#8220;][vc_column_text css=&#8220;&#8220;]<em>Infotafelbild RuheForst\u00ae Kummerfeld\/Kreis Pinneberg<\/em>[\/vc_column_text][\/vc_column_inner][\/vc_row_inner][vc_column_text css=&#8220;&#8220;]Zus\u00e4tzlich stellen wir Ihnen hier noch weitere \u201eWerkzeuge\u201c bereit, um die Orientierung vor Ort zu erleichtern. <strong>Voraussetzung<\/strong> f\u00fcr die Nutzung dieser \u201eWerkzeuge\u201c <strong>ist die Kenntnis der Baumnummer des gesuchten RuheBiotops<\/strong>. Diese k\u00f6nnen Sie bei Ihrem RuheForst\u00ae erfragen.<\/p>\n<p>Momentan stehen Ihnen zwei M\u00f6glichkeiten zur Orientierung zur Verf\u00fcgung: <strong>Das RuheVis<\/strong> und die <strong>RuheForst-App<\/strong>.[\/vc_column_text][\/vc_column][\/vc_row][vc_row full_width=&#8220;stretch_row&#8220; css=&#8220;.vc_custom_1725879312703{margin-top: 50px !important;margin-bottom: 50px !important;padding-top: 50px !important;padding-bottom: 50px !important;background-color: #BFD4C2 !important;}&#8220;][vc_column width=&#8220;1\/2&#8243;][vc_column_text css=&#8220;&#8220;]<\/p>\n<h2>RuheVis<\/h2>\n<h4>Orientierung mit Hilfe des PC, Laptop oder Tablet<\/h4>\n<p>RuheVis ist eine Baumsuchfunktion \u00fcber diese Homepage. Hier k\u00f6nnen Sie sich \u00dcbersichts- und Detailkarten zu dem von Ihnen gesuchten Baum anschauen und ausdrucken.[\/vc_column_text][vc_btn title=&#8220;RuheVis&#8220; style=&#8220;outline-custom&#8220; outline_custom_color=&#8220;#004519&#8243; outline_custom_hover_background=&#8220;#004519&#8243; outline_custom_hover_text=&#8220;#FFFFFF&#8220; shape=&#8220;square&#8220; i_align=&#8220;right&#8220; i_icon_fontawesome=&#8220;&#8220; css=&#8220;.vc_custom_1773746836812{background-color: #FFFFFF !important;border-color: #FFFFFF !important;}&#8220; add_icon=&#8220;true&#8220; link=&#8220;url:https%3A%2F%2Fwww.ruheforst-deutschland.de%2Fkummerfeld%2Fruhevis%2F|title:RuheVis&#8220;][\/vc_column][vc_column width=&#8220;1\/2&#8243;][\/vc_column][\/vc_row][vc_row][vc_column][vc_row_inner gap=&#8220;25&#8243; css=&#8220;.vc_custom_1725878312872{padding-top: 0px !important;padding-right: 0px !important;padding-bottom: 0px !important;padding-left: 0px !important;}&#8220;][vc_column_inner width=&#8220;1\/2&#8243;][vc_column_text css=&#8220;&#8220;]<\/p>\n<h2>RuheForst\u00ae-App<\/h2>\n<h4>Orientierung mit Hilfe des Smartphones<\/h4>\n<p>[\/vc_column_text][vc_column_text css=&#8220;&#8220;]Wer mag, kann sich aber auch die kostenlose RuheForst\u00ae-App unter \u201cruheforstapp.de\u201c auf das Smartphone herunterladen, um das gesuchte RuheBiotop mit Hilfe des Smartphones zu finden.<\/p>\n<p><strong>Link zum Herunterladen der RF-App:<\/strong>[\/vc_column_text][vc_btn title=&#8220;RuheForst-App&#8220; style=&#8220;outline-custom&#8220; outline_custom_color=&#8220;#004519&#8243; outline_custom_hover_background=&#8220;#004519&#8243; outline_custom_hover_text=&#8220;#FFFFFF&#8220; shape=&#8220;square&#8220; i_align=&#8220;right&#8220; i_icon_fontawesome=&#8220;&#8220; css=&#8220;.vc_custom_1764274596327{background-color: #FFFFFF !important;border-color: #FFFFFF !important;}&#8220; add_icon=&#8220;true&#8220; link=&#8220;url:https%3A%2F%2Fruheforstapp.de%2Fkumme%2FRfKummerfeld_app.html%23%2F|target:_blank&#8220;][vc_column_text css=&#8220;&#8220;]<a href=\"https:\/\/www.ruheforst-deutschland.de\/kummerfeld\/wp-content\/uploads\/sites\/28\/2024\/09\/RuheForst-App.pdf\" target=\"_blank\" rel=\"noopener\">Eine kurze Bedienungs- bzw. Installationsanweisung finden sie hier (PDF-Datei)<\/a><\/p>\n<p>Nach dem Herunterladen der App w\u00e4hlen Sie zun\u00e4chst den richtigen RuheForst\u00ae-Standort aus.<\/p>\n<p>\u00dcber das Men\u00fc (K\u00e4stchen mit drei Balken oben links im Bild) w\u00e4hlt man die Suche aus, gibt dort die gew\u00fcnschte RuheBiotop\u00ae-Nummer ein und kann die Karte \u00fcber das Antippen der \u201eZur\u00fcck\u201c Funktion (Wort \u201eZur\u00fcck\u201c in blauer Schrift) aufrufen. Nun kann man sich zum RuheBiotop\u00ae leiten lassen, vorausgesetzt man hat die Standortfunktion im Smartphone aktiviert.<\/p>\n<p>Die Nutzung dieser Funktionen ist selbstverst\u00e4ndlich kostenlos. Wenn Sie Hilfe bei der Anwendung ben\u00f6tigen, wenden Sie sich an Ihren RuheForst\u00ae-Standort.[\/vc_column_text][\/vc_column_inner][vc_column_inner width=&#8220;1\/2&#8243;][vc_single_image image=&#8220;274&#8243; img_size=&#8220;full&#8220; css=&#8220;&#8220;][\/vc_column_inner][\/vc_row_inner][vc_empty_space height=&#8220;50&#8243;][\/vc_column][\/vc_row]<\/p>\n<\/div>","protected":false},"excerpt":{"rendered":"<p>[vc_row][vc_column][vc_column_text css=&#8220;&#8220;] Orientierung im Wald ist \u00dcbungssache. [\/vc_column_text][vc_column_text css=&#8220;&#8220;]Jeder Wald ist einzigartig. Im Verlauf der Jahreszeiten wechselt er aber immer wieder sein \u00e4u\u00dferes Erscheinungsbild, was dem Waldbesucher die Orientierung durchaus&#8230; <a class=\"read-more\" href=\"https:\/\/www.ruheforst-deutschland.de\/kummerfeld\/orientierung-im-ruheforst\/\">Weiterlesen<\/a><\/p>\n","protected":false},"author":1,"featured_media":0,"parent":0,"menu_order":5,"comment_status":"closed","ping_status":"closed","template":"","meta":{"site-sidebar-layout":"no-sidebar","site-content-layout":"plain-container","ast-site-content-layout":"default","site-content-style":"default","site-sidebar-style":"default","ast-global-header-display":"","ast-banner-title-visibility":"","ast-main-header-display":"","ast-hfb-above-header-display":"","ast-hfb-below-header-display":"","ast-hfb-mobile-header-display":"","site-post-title":"disabled","ast-breadcrumbs-content":"","ast-featured-img":"disabled","footer-sml-layout":"","ast-disable-related-posts":"","theme-transparent-header-meta":"default","adv-header-id-meta":"","stick-header-meta":"","header-above-stick-meta":"","header-main-stick-meta":"","header-below-stick-meta":"","astra-migrate-meta-layouts":"set","ast-page-background-enabled":"default","ast-page-background-meta":{"desktop":{"background-color":"var(--ast-global-color-4)","background-image":"","background-repeat":"repeat","background-position":"center center","background-size":"auto","background-attachment":"scroll","background-type":"","background-media":"","overlay-type":"","overlay-color":"","overlay-opacity":"","overlay-gradient":""},"tablet":{"background-color":"","background-image":"","background-repeat":"repeat","background-position":"center center","background-size":"auto","background-attachment":"scroll","background-type":"","background-media":"","overlay-type":"","overlay-color":"","overlay-opacity":"","overlay-gradient":""},"mobile":{"background-color":"","background-image":"","background-repeat":"repeat","background-position":"center center","background-size":"auto","background-attachment":"scroll","background-type":"","background-media":"","overlay-type":"","overlay-color":"","overlay-opacity":"","overlay-gradient":""}},"ast-content-background-meta":{"desktop":{"background-color":"var(--ast-global-color-5)","background-image":"","background-repeat":"repeat","background-position":"center center","background-size":"auto","background-attachment":"scroll","background-type":"","background-media":"","overlay-type":"","overlay-color":"","overlay-opacity":"","overlay-gradient":""},"tablet":{"background-color":"var(--ast-global-color-5)","background-image":"","background-repeat":"repeat","background-position":"center center","background-size":"auto","background-attachment":"scroll","background-type":"","background-media":"","overlay-type":"","overlay-color":"","overlay-opacity":"","overlay-gradient":""},"mobile":{"background-color":"var(--ast-global-color-5)","background-image":"","background-repeat":"repeat","background-position":"center center","background-size":"auto","background-attachment":"scroll","background-type":"","background-media":"","overlay-type":"","overlay-color":"","overlay-opacity":"","overlay-gradient":""}},"footnotes":""},"class_list":["post-105","page","type-page","status-publish","hentry"],"_links":{"self":[{"href":"https:\/\/www.ruheforst-deutschland.de\/kummerfeld\/wp-json\/wp\/v2\/pages\/105","targetHints":{"allow":["GET"]}}],"collection":[{"href":"https:\/\/www.ruheforst-deutschland.de\/kummerfeld\/wp-json\/wp\/v2\/pages"}],"about":[{"href":"https:\/\/www.ruheforst-deutschland.de\/kummerfeld\/wp-json\/wp\/v2\/types\/page"}],"author":[{"embeddable":true,"href":"https:\/\/www.ruheforst-deutschland.de\/kummerfeld\/wp-json\/wp\/v2\/users\/1"}],"replies":[{"embeddable":true,"href":"https:\/\/www.ruheforst-deutschland.de\/kummerfeld\/wp-json\/wp\/v2\/comments?post=105"}],"version-history":[{"count":43,"href":"https:\/\/www.ruheforst-deutschland.de\/kummerfeld\/wp-json\/wp\/v2\/pages\/105\/revisions"}],"predecessor-version":[{"id":1118,"href":"https:\/\/www.ruheforst-deutschland.de\/kummerfeld\/wp-json\/wp\/v2\/pages\/105\/revisions\/1118"}],"wp:attachment":[{"href":"https:\/\/www.ruheforst-deutschland.de\/kummerfeld\/wp-json\/wp\/v2\/media?parent=105"}],"curies":[{"name":"wp","href":"https:\/\/api.w.org\/{rel}","templated":true}]}}