{"id":126,"date":"2024-09-04T14:48:53","date_gmt":"2024-09-04T12:48:53","guid":{"rendered":"https:\/\/www.ruheforst-deutschland.de\/kummerfeld\/?page_id=126"},"modified":"2026-02-13T18:21:01","modified_gmt":"2026-02-13T17:21:01","slug":"anfahrt","status":"publish","type":"page","link":"https:\/\/www.ruheforst-deutschland.de\/kummerfeld\/anfahrt\/","title":{"rendered":"Anfahrt"},"content":{"rendered":"<div class=\"wpb-content-wrapper\"><p>[vc_row][vc_column][vc_column_text css=&#8220;&#8220;]<\/p>\n<h1>Anfahrt<\/h1>\n<p>[\/vc_column_text][vc_row_inner gap=&#8220;25&#8243; css=&#8220;.vc_custom_1725978475409{padding: 0px !important;}&#8220;][vc_column_inner width=&#8220;1\/3&#8243;][vc_column_text css=&#8220;&#8220;]<strong>RuheForst Kummerfeld\/Kreis Pinneberg<\/strong><\/p>\n<p>\u00dcber die Autobahn A 23 kommend Abfahrt Tornesch (15) zur Landesstra\u00dfe L 76 fahren. Der Landesstra\u00dfe nach rechts in Richtung Kummerfeld f\u00fcr ca. 1.5 km folgen. Links abbiegen in die Dorfstra\u00dfe und sofort wieder links in die Stra\u00dfe Nyding. Ab hier der Ausschilderung \u201eRuheForst\u201c f\u00fcr weitere ca. 1,5 km folgen, bis Sie den Waldparkplatz erreichen.<\/p>\n<p><span style=\"color: #ff0000\">Sie befahren ab hier enge, schlecht einsehbare Feldwege, bitte nehmen Sie R\u00fccksicht auf Anwohner, Spazierg\u00e4nger und Radfahrer und passen Sie Ihre Geschwindigkeit entsprechend an!!!<\/span><\/p>\n<p>Von A 7 bzw. B 4 kommend \u00fcber Quickborn und Borstel-Hohenraden nach Kummerfeld. Auf die L 76 nach rechts abbiegen und bis zur Abzweigung rechts in die Dorfstra\u00dfe folgen. Weiter nach der Ausschilderung \u201eRuheForst\u201c, bis zur Ankunft am Waldparkplatz.<\/p>\n<p><span style=\"color: #ff0000\">Sie befahren ab hier enge, schlecht einsehbare Feldwege, bitte nehmen Sie R\u00fccksicht auf Anwohner, Spazierg\u00e4nger und Radfahrer und passen Sie Ihre Geschwindigkeit entsprechend an!!!<\/span><\/p>\n<p>&nbsp;<\/p>\n<p>QR-Code Anfahrt[\/vc_column_text][vc_single_image image=&#8220;1039&#8243; img_size=&#8220;medium&#8220; css=&#8220;&#8220;][\/vc_column_inner][vc_column_inner width=&#8220;2\/3&#8243;][vc_gmaps link=&#8220;#E-8_JTNDaWZyYW1lJTIwc3JjJTNEJTIyaHR0cHMlM0ElMkYlMkZ3d3cuZ29vZ2xlLmNvbSUyRm1hcHMlMkZlbWJlZCUzRnBiJTNEJTIxMW0xOCUyMTFtMTIlMjExbTMlMjExZDIzNjEuMjUxNDg3ODA3MDU4MyUyMTJkOS43OTQ0MjQwNzcwNzE0NTQlMjEzZDUzLjcxMzc4MjE0NzE2NzEzJTIxMm0zJTIxMWYwJTIxMmYwJTIxM2YwJTIxM20yJTIxMWkxMDI0JTIxMmk3NjglMjE0ZjEzLjElMjEzbTMlMjExbTIlMjExczB4NDdiM2Q0YTA4ODBiNTkwMyUyNTNBMHgzYTYzOTkwMDk1Mjc0MWQ1JTIxMnNSdWhlRm9yc3QlMjUyMEt1bW1lcmZlbGQlMjE1ZTAlMjEzbTIlMjExc2RlJTIxMnNkZSUyMTR2MTc2NDI3NDcxNzE0MiUyMTVtMiUyMTFzZGUlMjEyc2RlJTIyJTIwd2lkdGglM0QlMjIxMDAlMjUlMjIlMjBoZWlnaHQlM0QlMjI1NTAlMjIlMjBzdHlsZSUzRCUyMmJvcmRlciUzQTAlM0IlMjIlMjBhbGxvd2Z1bGxzY3JlZW4lM0QlMjIlMjIlMjBsb2FkaW5nJTNEJTIybGF6eSUyMiUyMHJlZmVycmVycG9saWN5JTNEJTIybm8tcmVmZXJyZXItd2hlbi1kb3duZ3JhZGUlMjIlM0UlM0MlMkZpZnJhbWUlM0UlMEElMEE=&#8220; css=&#8220;&#8220;][\/vc_column_inner][\/vc_row_inner][\/vc_column][\/vc_row]<\/p>\n<\/div>","protected":false},"excerpt":{"rendered":"<p>[vc_row][vc_column][vc_column_text css=&#8220;&#8220;] Anfahrt [\/vc_column_text][vc_row_inner gap=&#8220;25&#8243; css=&#8220;.vc_custom_1725978475409{padding: 0px !important;}&#8220;][vc_column_inner width=&#8220;1\/3&#8243;][vc_column_text css=&#8220;&#8220;]RuheForst Kummerfeld\/Kreis Pinneberg \u00dcber die Autobahn A 23 kommend Abfahrt Tornesch (15) zur Landesstra\u00dfe L 76 fahren. Der Landesstra\u00dfe nach rechts&#8230; <a class=\"read-more\" href=\"https:\/\/www.ruheforst-deutschland.de\/kummerfeld\/anfahrt\/\">Weiterlesen<\/a><\/p>\n","protected":false},"author":1,"featured_media":0,"parent":0,"menu_order":7,"comment_status":"closed","ping_status":"closed","template":"","meta":{"site-sidebar-layout":"no-sidebar","site-content-layout":"plain-container","ast-site-content-layout":"default","site-content-style":"default","site-sidebar-style":"default","ast-global-header-display":"","ast-banner-title-visibility":"","ast-main-header-display":"","ast-hfb-above-header-display":"","ast-hfb-below-header-display":"","ast-hfb-mobile-header-display":"","site-post-title":"disabled","ast-breadcrumbs-content":"","ast-featured-img":"disabled","footer-sml-layout":"","ast-disable-related-posts":"","theme-transparent-header-meta":"default","adv-header-id-meta":"","stick-header-meta":"","header-above-stick-meta":"","header-main-stick-meta":"","header-below-stick-meta":"","astra-migrate-meta-layouts":"set","ast-page-background-enabled":"default","ast-page-background-meta":{"desktop":{"background-color":"var(--ast-global-color-4)","background-image":"","background-repeat":"repeat","background-position":"center center","background-size":"auto","background-attachment":"scroll","background-type":"","background-media":"","overlay-type":"","overlay-color":"","overlay-opacity":"","overlay-gradient":""},"tablet":{"background-color":"","background-image":"","background-repeat":"repeat","background-position":"center center","background-size":"auto","background-attachment":"scroll","background-type":"","background-media":"","overlay-type":"","overlay-color":"","overlay-opacity":"","overlay-gradient":""},"mobile":{"background-color":"","background-image":"","background-repeat":"repeat","background-position":"center center","background-size":"auto","background-attachment":"scroll","background-type":"","background-media":"","overlay-type":"","overlay-color":"","overlay-opacity":"","overlay-gradient":""}},"ast-content-background-meta":{"desktop":{"background-color":"var(--ast-global-color-5)","background-image":"","background-repeat":"repeat","background-position":"center center","background-size":"auto","background-attachment":"scroll","background-type":"","background-media":"","overlay-type":"","overlay-color":"","overlay-opacity":"","overlay-gradient":""},"tablet":{"background-color":"var(--ast-global-color-5)","background-image":"","background-repeat":"repeat","background-position":"center center","background-size":"auto","background-attachment":"scroll","background-type":"","background-media":"","overlay-type":"","overlay-color":"","overlay-opacity":"","overlay-gradient":""},"mobile":{"background-color":"var(--ast-global-color-5)","background-image":"","background-repeat":"repeat","background-position":"center center","background-size":"auto","background-attachment":"scroll","background-type":"","background-media":"","overlay-type":"","overlay-color":"","overlay-opacity":"","overlay-gradient":""}},"footnotes":""},"class_list":["post-126","page","type-page","status-publish","hentry"],"_links":{"self":[{"href":"https:\/\/www.ruheforst-deutschland.de\/kummerfeld\/wp-json\/wp\/v2\/pages\/126","targetHints":{"allow":["GET"]}}],"collection":[{"href":"https:\/\/www.ruheforst-deutschland.de\/kummerfeld\/wp-json\/wp\/v2\/pages"}],"about":[{"href":"https:\/\/www.ruheforst-deutschland.de\/kummerfeld\/wp-json\/wp\/v2\/types\/page"}],"author":[{"embeddable":true,"href":"https:\/\/www.ruheforst-deutschland.de\/kummerfeld\/wp-json\/wp\/v2\/users\/1"}],"replies":[{"embeddable":true,"href":"https:\/\/www.ruheforst-deutschland.de\/kummerfeld\/wp-json\/wp\/v2\/comments?post=126"}],"version-history":[{"count":13,"href":"https:\/\/www.ruheforst-deutschland.de\/kummerfeld\/wp-json\/wp\/v2\/pages\/126\/revisions"}],"predecessor-version":[{"id":1079,"href":"https:\/\/www.ruheforst-deutschland.de\/kummerfeld\/wp-json\/wp\/v2\/pages\/126\/revisions\/1079"}],"wp:attachment":[{"href":"https:\/\/www.ruheforst-deutschland.de\/kummerfeld\/wp-json\/wp\/v2\/media?parent=126"}],"curies":[{"name":"wp","href":"https:\/\/api.w.org\/{rel}","templated":true}]}}