{"id":132,"date":"2024-09-04T14:51:08","date_gmt":"2024-09-04T12:51:08","guid":{"rendered":"https:\/\/www.ruheforst-deutschland.de\/kummerfeld\/?page_id=132"},"modified":"2026-03-17T12:10:40","modified_gmt":"2026-03-17T11:10:40","slug":"unsere-partner","status":"publish","type":"page","link":"https:\/\/www.ruheforst-deutschland.de\/kummerfeld\/unsere-partner\/","title":{"rendered":"Unsere Partner"},"content":{"rendered":"<div class=\"wpb-content-wrapper\"><p>[vc_row][vc_column][vc_column_text css=&#8220;&#8220;]<\/p>\n<h1>Unsere Partner<\/h1>\n<p>[\/vc_column_text][vc_column_text css=&#8220;&#8220;]Bestattungsunternehmen, Trauerrednerinnen und Trauerredner sind wichtige Ansprechpartner, die Sie bei der Organisation und Durchf\u00fchrung von Beisetzungen im RuheForst\u00ae unterst\u00fctzen. \u00dcber die Partnersuche finden Sie Kontaktdaten von unseren Partnern in der N\u00e4he des RuheForst-Standortes. Sie k\u00f6nnen nat\u00fcrlich auch ein Bestattungsunternehmen oder Trauerrednerinnen und Trauerredner w\u00e4hlen, die nicht in unserer Liste zu finden sind.\u00a0<strong>Wir arbeiten mit allen Bestatterinnen und Bestattern zusammen.<\/strong>[\/vc_column_text][vc_tta_tabs shape=&#8220;square&#8220; color=&#8220;green&#8220; active_section=&#8220;1&#8243; el_id=&#8220;partnerTabs&#8220;][vc_tta_section title=&#8220;Partner suchen&#8220; tab_id=&#8220;1725886631543-8ea9cd49-b5ba&#8220;][vc_column_text css=&#8220;&#8220;]<\/p>\n<h3>Partner suchen<\/h3>\n<p>W\u00e4hlen Sie einen PLZ-Bereich aus. Anschlie\u00dfend sehen Sie eine Liste aller registrierten Unternehmen und Personen. Diese Liste k\u00f6nnen Sie gezielt durch zus\u00e4tzliche Angaben wie Name, Ort oder genaue Postleitzahl weiter eingrenzen.[\/vc_column_text][vc_column_text css=&#8220;&#8220;]<div id=\"rf-partner-frontend\"><div id=\"rf-partner-search\"><form id=\"rf-partner-search-form\"><input type=\"text\" id=\"rf-search-name\" placeholder=\"Name oder Ort\" \/><input type=\"text\" id=\"rf-search-plz\" placeholder=\"PLZ\" id=\"plz\" maxlength=\"5\" pattern=\"\\d{5}\" inputmode=\"numeric\" \/><button type=\"button\" id=\"rf-search-reset\">X<\/button><\/form><\/div><div id=\"rf-partner-list\"><ul class=\"rf-partner-list\"><li class=\"rf-partner\">\n                            <div class=\"rf-partner-name\">A. Dohrmann Beerdigungsinstitut<\/div>\n                            <div class=\"rf-partner-anschrift\">Hauptstra\u00dfe 54<br>\n                            25469 Halstenbek ( Pinneberg )<\/div>\n                            <div class=\"rf-partner-kontakt\">Tel.: 04101\/41153<br \/>\r\nE-Mail: dohrmann.bestatter@web.de<br \/>\r\nInternet: http:\/\/www.dohrmann-beerdigung.de<\/div>\n                        <\/li><li class=\"rf-partner\">\n                            <div class=\"rf-partner-name\">A. Dohrmann Beerdigungsinstitut<\/div>\n                            <div class=\"rf-partner-anschrift\">Hauptstr.54<br>\n                            25469 Halstenbek ( Pinneberg )<\/div>\n                            <div class=\"rf-partner-kontakt\">Tel.: 04101\/41153<br \/>\r\nE-Mail: dohrmann.bestatter@web.de<br \/>\r\nInternet: http:\/\/www.dohrmann-beerdigung.de<\/div>\n                        <\/li><li class=\"rf-partner\">\n                            <div class=\"rf-partner-name\">A. Dohrmann Beerdigungsinstitut<\/div>\n                            <div class=\"rf-partner-anschrift\">Hauptstra\u00dfe 54<br>\n                            25469 Halstenbek (Pinneberg)<\/div>\n                            <div class=\"rf-partner-kontakt\">Tel.: 04101\/411 53<br \/>\r\nE-Mail: dohrmann.bestatter@web.de<br \/>\r\nInternet: www.dohrmann-beerdigung.de<\/div>\n                        <\/li><li class=\"rf-partner\">\n                            <div class=\"rf-partner-name\">Beerdigungs-Institut Seemann &amp; S\u00f6hne KG<\/div>\n                            <div class=\"rf-partner-anschrift\">Dormienstra\u00dfe 9<br>\n                            22587 Hamburg<\/div>\n                            <div class=\"rf-partner-kontakt\">Tel.: 040-8660610<br \/>\r\nInternet: www.seemannsoehne.de<\/div>\n                        <\/li><li class=\"rf-partner\">\n                            <div class=\"rf-partner-name\">Beerdigungsinstitut Erwin J\u00fcrs<\/div>\n                            <div class=\"rf-partner-anschrift\">Niendorfer Marktplatz 8<br>\n                            22459 Hamburg<\/div>\n                            <div class=\"rf-partner-kontakt\">Tel.: 040\/586565<br \/>\r\nE-Mail: info@erwin-juers.de<\/div>\n                        <\/li><li class=\"rf-partner\">\n                            <div class=\"rf-partner-name\">Bestattungen Hinrich<\/div>\n                            <div class=\"rf-partner-anschrift\">Reuterstra\u00dfe 88a<br>\n                            25436 Uetersen<\/div>\n                            <div class=\"rf-partner-kontakt\">Tel.: 04122-2577<br \/>\r\nE-Mail: info@hinrich-bestattungen.de<br \/>\r\nInternet: http:\/\/www.hinrich-bestattungen.de<\/div>\n                        <\/li><li class=\"rf-partner\">\n                            <div class=\"rf-partner-name\">Bestattungen Sturzenbecher - \r\nFamilienbetrieb seit 1893<\/div>\n                            <div class=\"rf-partner-anschrift\">Molkenbuhrstra\u00dfe 19<br>\n                            22525 Hamburg<\/div>\n                            <div class=\"rf-partner-kontakt\">Tel.: 040-54 55 39<br \/>\r\nE-Mail: info@bestattungen-sturzenbecher.de<\/div>\n                        <\/li><li class=\"rf-partner\">\n                            <div class=\"rf-partner-name\">Bestattungsinstitut Bade<\/div>\n                            <div class=\"rf-partner-anschrift\">Flerrentwiete 32<br>\n                            22880 Wedel<\/div>\n                            <div class=\"rf-partner-kontakt\">Tel.: 040\/ 524 776 200 oder 04103\/ 51 60 <br \/>\r\nE-Mail: bade@bade-bestattungen.de<br \/>\r\nInternet: www.bade-bestattungen.de<\/div>\n                        <\/li><li class=\"rf-partner\">\n                            <div class=\"rf-partner-name\">Eggerstedt Bestattungsinstitut GmbH<\/div>\n                            <div class=\"rf-partner-anschrift\">Friedenstra\u00dfe 44<br>\n                            25421 Pinneberg<\/div>\n                            <div class=\"rf-partner-kontakt\">Tel.: 04101\/222 01<br \/>\r\nE-Mail: info@eggerstedt-bestattungen.de<br \/>\r\nInternet: http:\/\/www.eggerstedt-bestattungen.de<\/div>\n                        <\/li><li class=\"rf-partner\">\n                            <div class=\"rf-partner-name\">F\u00f6hring Bestattungen GbR\r\nNicola und Selina F\u00f6hring<\/div>\n                            <div class=\"rf-partner-anschrift\">L\u00fcbecker Str. 10<br>\n                            22941 Bargteheide<\/div>\n                            <div class=\"rf-partner-kontakt\">Tel.: 04532\/40 98 448<br \/>\r\nE-Mail: fb@foehring-bestattungen.de<br \/>\r\nInternet: www.foehring-bestattungen.de<\/div>\n                        <\/li><li class=\"rf-partner\">\n                            <div class=\"rf-partner-name\">F\u00f6hring Bestattungen GbR Nicola und Selina F\u00f6hring<\/div>\n                            <div class=\"rf-partner-anschrift\">Fuhlsb\u00fcttler Str. 792<br>\n                            22337 Hamburg<\/div>\n                            <div class=\"rf-partner-kontakt\">Tel.: 040 636 52 202<br \/>\r\nE-Mail: fb@foehring-bestattungen.de<br \/>\r\nInternet: www.foehring-bestattungen.de<\/div>\n                        <\/li><li class=\"rf-partner\">\n                            <div class=\"rf-partner-name\">F\u00f6hring Bestattungen GbR Nicola und Selina F\u00f6hring<\/div>\n                            <div class=\"rf-partner-anschrift\">L\u00fcbecker Str. 10<br>\n                            22941 Bargteheide<\/div>\n                            <div class=\"rf-partner-kontakt\">Tel.: 04532\/40 89 448<br \/>\r\nE-Mail: fb@foehring-bestattungen.de<br \/>\r\nInternet: www.foehring-bestattungen.de<\/div>\n                        <\/li><li class=\"rf-partner\">\n                            <div class=\"rf-partner-name\">Freier Redner Matthias P. Bruhn - Zertifizierter (gepr\u00fcfter) Trauerredner<\/div>\n                            <div class=\"rf-partner-anschrift\">Ostlandring 32<br>\n                            21465 Reinbek<\/div>\n                            <div class=\"rf-partner-kontakt\">Tel.: 0178\/205 1332<br \/>\r\nE-Mail: freier.redner.bruhn@web.de<br \/>\r\nInternet: www.trauerredner-bruhn.de<\/div>\n                        <\/li><li class=\"rf-partner\">\n                            <div class=\"rf-partner-name\">Gasthof\/Cafe Zur Linde<\/div>\n                            <div class=\"rf-partner-anschrift\">Barmstedter Str. 23<br>\n                            25373 Ellerhoop<\/div>\n                            <div class=\"rf-partner-kontakt\">Tel.: 04120\/200<br \/>\r\nInternet: http:\/\/www.zur-ellerhooper-linde.de<\/div>\n                        <\/li><li class=\"rf-partner\">\n                            <div class=\"rf-partner-name\">Hamburger Bestattungsdienst\r\nAndr\u00e9 Hahn Trauerhilfe<\/div>\n                            <div class=\"rf-partner-anschrift\">Hamburg Ohlsdorf beim Schwimmbad Im Gr\u00fcnen Grunde 2 Hauptverwaltung und Trauertenne L\u00fcbecker Stra\u00dfe 25<br>\n                            22949 Ammersbek\/Hornaue<\/div>\n                            <div class=\"rf-partner-kontakt\">Tel.: 040\/59 05 65<br \/>\r\noder 04102\/23 92 0<br \/>\r\nFax: 04102\/23 92 24<br \/>\r\nMobil: 0170\/999 333 6<br \/>\r\nE-Mail: bestattungen@trauerhahn.de <br \/>\r\nInternet: www.bestattungsdienst.hamburg<\/div>\n                        <\/li><li class=\"rf-partner\">\n                            <div class=\"rf-partner-name\">Jan Fuhrmann, Musik,\r\nKonzertgitarre<\/div>\n                            <div class=\"rf-partner-anschrift\">In de H\u00f6rn 12<br>\n                            25371 Seesterm\u00fche<\/div>\n                            <div class=\"rf-partner-kontakt\">Mobil: 0172 43 55 190<\/div>\n                        <\/li><li class=\"rf-partner\">\n                            <div class=\"rf-partner-name\">Johannes Konetzny GmbH\r\nEdgar und Volker Konetzny<\/div>\n                            <div class=\"rf-partner-anschrift\">K\u00f6hnholz 24<br>\n                            25336 Elmshorn<\/div>\n                            <div class=\"rf-partner-kontakt\">Tel.: 04121 93444<br \/>\r\nFax: 04121 92555<br \/>\r\nE-Mail: info@bestattungen-konetzny.de<br \/>\r\nInternet: http:\/\/www.bestattungen-konetzny.de<\/div>\n                        <\/li><li class=\"rf-partner\">\n                            <div class=\"rf-partner-name\">Lenggenhager Bestattungen<\/div>\n                            <div class=\"rf-partner-anschrift\">Hamburger Stra\u00dfe 127<br>\n                            25337 Elmshorn<\/div>\n                            <div class=\"rf-partner-kontakt\">Tel: 04121\/724 04\t<br \/>\r\nInternet: http:\/\/www.lenggenhager-bestattungen.de<br \/>\r\nE-Mail: info@lenggenhager-bestattungen.de<\/div>\n                        <\/li><li class=\"rf-partner\">\n                            <div class=\"rf-partner-name\">Lenz-Bestattungen<\/div>\n                            <div class=\"rf-partner-anschrift\">Pinneberger Chaussee 18A<br>\n                            22523 Hamburg-Eidelstedt<\/div>\n                            <div class=\"rf-partner-kontakt\"><\/div>\n                        <\/li><li class=\"rf-partner\">\n                            <div class=\"rf-partner-name\">Matthie\u00dfen OHG<\/div>\n                            <div class=\"rf-partner-anschrift\">Damm 2<br>\n                            25421 Pinneberg<\/div>\n                            <div class=\"rf-partner-kontakt\">Tel.: 04101\/8441-0<br \/>\r\nFax: 04101\/8441-20<br \/>\r\nEmail: info@matthiessen-bestattungen.de<br \/>\r\nInternet: www.matthiessen-bestattungen.de<\/div>\n                        <\/li><li class=\"rf-partner\">\n                            <div class=\"rf-partner-name\">Michalzik Bestattungen<\/div>\n                            <div class=\"rf-partner-anschrift\">Teichweg 23 a<br>\n                            22869 Schenefeld<\/div>\n                            <div class=\"rf-partner-kontakt\">Tel.: 040 83 040 84<br \/>\r\nE-Mail: h.michalzik@gmx.de<\/div>\n                        <\/li><li class=\"rf-partner\">\n                            <div class=\"rf-partner-name\">Pertzel Bestattungen<\/div>\n                            <div class=\"rf-partner-anschrift\">Ochsenweg 20<br>\n                            24941 Flensburg<\/div>\n                            <div class=\"rf-partner-kontakt\">Tel.: 0461\/5000110<br \/>\r\nE-Mail: info@bestattungshaus-pertzel.de<br \/>\r\nInternet: www.bestattungshaus-pertzel.de<\/div>\n                        <\/li><li class=\"rf-partner\">\n                            <div class=\"rf-partner-name\">Sabine B\u00fcrmann\r\nTrauerrede Herzenssache\r\nZertifizierte Trauerrednerin<\/div>\n                            <div class=\"rf-partner-anschrift\">Krohnskamp 15<br>\n                            22941 Bargteheide<\/div>\n                            <div class=\"rf-partner-kontakt\">Tel.: 04532 5039400<br \/>\r\nMobil: 01515 4829223<br \/>\r\nE-Mail: mail@trauerrede-herzenssache.de<br \/>\r\nInternet: www.trauerrede-herzenssache.de<\/div>\n                        <\/li><li class=\"rf-partner\">\n                            <div class=\"rf-partner-name\">Schmidt-Peil<\/div>\n                            <div class=\"rf-partner-anschrift\">Brockdorffstr. 14<br>\n                            22149 Hamburg-Rahlstedt<\/div>\n                            <div class=\"rf-partner-kontakt\">J\u00f6rn Schmidt-Peil<\/div>\n                        <\/li><li class=\"rf-partner\">\n                            <div class=\"rf-partner-name\">Sturzenbecher Bestattungen - \r\nFamilienbetrieb seit 1893<\/div>\n                            <div class=\"rf-partner-anschrift\">Fruchtallee 136<br>\n                            20259 Hamburg<\/div>\n                            <div class=\"rf-partner-kontakt\">Tel.: 040-54 55 39<br \/>\r\nE-Mail: info@bestattungen-sturzenbecher.de<br \/>\r\nInternet: www.bestattungen-sturzenbecher.de<\/div>\n                        <\/li><li class=\"rf-partner\">\n                            <div class=\"rf-partner-name\">Trauerrednerin Hochdeutsch und Plattdeutsch\r\nMaren Sommer<\/div>\n                            <div class=\"rf-partner-anschrift\">Medelbyer Weg 14<br>\n                            24983 Handewitt<\/div>\n                            <div class=\"rf-partner-kontakt\">Tel.: 0151 - 20832073<br \/>\r\nE-Mail: malerei-sommer@t-online.de<\/div>\n                        <\/li><li class=\"rf-partner\">\n                            <div class=\"rf-partner-name\">Westphal Bestattungen<\/div>\n                            <div class=\"rf-partner-anschrift\">Vormstegen 39<br>\n                            25336 Elmshorn<\/div>\n                            <div class=\"rf-partner-kontakt\">Tel.: 04121-62592<br \/>\r\nE-Mail: timm.westphal@web.de<\/div>\n                        <\/li><\/ul><\/div><\/div>[\/vc_column_text][\/vc_tta_section][vc_tta_section title=&#8220;Partner vorschlagen&#8220; tab_id=&#8220;1725886631551-c66a4542-7948&#8243;][vc_column_text css=&#8220;&#8220;]<\/p>\n<h3>Partner vorschlagen<\/h3>\n<p>Bestattungsunternehmen, Trauerrednerinnen und Trauerredner k\u00f6nnen sich hier registrieren oder registrieren lassen, wenn sie nicht in unserer Partnerliste zu finden sind. F\u00fcllen Sie bitte alle Felder aus und klicken anschlie\u00dfend auf \u00fcbermitteln. Nachdem wir Ihre Eingaben erfolgreich gepr\u00fcft haben, wird der Eintrag freigegeben.[\/vc_column_text][vc_column_text css=&#8220;&#8220;]    <style>\n        \/* optionales visuelles Feedback *\/\n        .is-invalid { outline: 2px solid red; }\n        .is-valid   { outline: 2px solid green; }\n    <\/style>\n    <form id=\"rf-partner-submit-form\" method=\"post\">\n        <div class=\"form-row\">\n            <label for=\"kategorie\">Kategorie<\/label>\n            <select id=\"kategorie\" name=\"kategorie\" required>\n            <option value=\"\">-- Bitte w\u00e4hlen --<\/option>\n            <option value=\"Bestatter\">Bestatter<\/option>\n            <option value=\"Dienstleister\">Dienstleister<\/option>\n            <option value=\"Trauerredner\">Trauerredner<\/option>\n            <\/select>\n        <\/div>\n        <div class=\"form-row\">\n            <label for=\"name\">Name<\/label>\n            <textarea id=\"name\" name=\"name\" required><\/textarea>\n        <\/div>\n        <div class=\"form-row\">\n            <label for=\"strasse\">Stra\u00dfe<\/label>\n            <input id=\"strasse\" name=\"strasse\" type=\"text\" required>\n        <\/div>\n        <div class=\"form-row\">\n            <label for=\"plz\">PLZ<\/label>\n            <input id=\"plz\" name=\"plz\"\n                    type=\"text\"\n                    inputmode=\"numeric\"\n                    maxlength=\"5\"\n                    pattern=\"^\\d{5}$\"\n                    title=\"Bitte genau 5 Ziffern eingeben\"\n                    required>\n        <\/div>\n        <div class=\"form-row\">\n            <label for=\"ort\">Ort<\/label>\n            <input id=\"ort\" name=\"ort\" type=\"text\" required>\n        <\/div>\n        <div class=\"form-row\">\n            <label for=\"telefon\">Telefon<\/label>\n            <input id=\"telefon\" name=\"telefon\" type=\"tel\"\n                    pattern=\"[0-9\\\/+ ]{5,}\"\n                    inputmode=\"tel\"\n                    autocomplete=\"tel\"\n                    title=\"Nur Ziffern, +, \/ und Leerzeichen; mindestens 5 Ziffern\">\n        <\/div>\n        <div class=\"form-row\">\n            <label for=\"mobil\">Mobil<\/label>\n            <input id=\"mobil\" name=\"mobil\" type=\"tel\"\n                    pattern=\"[0-9\\\/+ ]{5,}\"\n                    inputmode=\"tel\"\n                    autocomplete=\"tel\"\n                    title=\"Nur Ziffern, +, \/ und Leerzeichen; mindestens 5 Ziffern\">\n        <\/div>\n        <div class=\"form-row\">\n            <label for=\"fax\">Fax<\/label>\n            <input id=\"fax\" name=\"fax\" type=\"tel\"\n                    pattern=\"[0-9\\\/+ ]{5,}\"\n                    inputmode=\"tel\"\n                    autocomplete=\"tel\"\n                    title=\"Nur Ziffern, +, \/ und Leerzeichen; mindestens 5 Ziffern\">\n        <\/div>\n        <div class=\"form-row\">\n            <label for=\"email\">E-Mail<\/label>\n            <input id=\"email\" name=\"email\" type=\"email\">\n        <\/div>\n        <div class=\"form-row\">\n            <label for=\"url\">Website<\/label>\n            <input id=\"url\" name=\"url\" type=\"url\"\n                    pattern=\"https?:\/\/.+\"\n                    title=\"Bitte eine URL mit http:\/\/ oder https:\/\/ eingeben\"\n                    placeholder=\"https:\/\/www.beispiel.de\">\n        <\/div>\n        <div class=\"form-row\"><label for=\"standort\">Standort<\/label><input type=\"hidden\" id=\"standort\" name=\"standort\" value=\"RuheForst Kummerfeld\"><input type=\"text\" value=\"RuheForst Kummerfeld\" disabled><\/div>\n        <!-- Honeypot-Feld (nicht ausf\u00fcllen) -->\n        <div style=\"display:none;\">\n            <label for=\"hp_field\">Nicht ausf\u00fcllen<\/label>\n            <input type=\"text\" id=\"hp_field\" name=\"hp_field\" value=\"\">\n        <\/div>\n\n        <!-- Sicherheits-Nonce -->\n        <input type=\"hidden\" id=\"rf_partner_nonce\" name=\"rf_partner_nonce\" value=\"19da3c91e3\" \/><input type=\"hidden\" name=\"_wp_http_referer\" value=\"\/kummerfeld\/wp-json\/wp\/v2\/pages\/132\" \/>\n        <!-- Hidden-Feld: aktiv wird immer als \"0\" \u00fcbermittelt -->\n        <input type=\"hidden\" id=\"aktiv\" name=\"aktiv\" value=\"0\">\n\n        <div class=\"form-row\">\n            <label for=\"submit\"><\/label>\n            <input type=\"submit\" value=\"Absenden\">\n        <\/div>\n    <\/form>\n    <div id=\"rf-partner-submit-message\"><\/div>\n    \n    <script>\n    (function () {\n        var form = document.getElementById('rf-partner-submit-form');\n        if (!form) return;\n\n        \/\/ Felder, die wir beobachten (alle Inputs, Textareas, Selects)\n        var fields = form.querySelectorAll('input, textarea, select');\n\n        function paint(el) {\n            \/\/ Nur einf\u00e4rben, wenn der User etwas eingegeben\/gew\u00e4hlt hat\n            var hasValue = (el.type === 'checkbox' || el.type === 'radio')\n            ? el.checked\n            : (el.value || '').trim() !== '';\n\n            var valid = el.checkValidity();\n            el.classList.toggle('is-valid',   hasValue && valid);\n            el.classList.toggle('is-invalid', hasValue && !valid);\n        }\n\n        fields.forEach(function (el) {\n            \/\/ W\u00e4hrend der Eingabe live pr\u00fcfen (ohne st\u00f6rende Bubble)\n            el.addEventListener('input', function () { paint(el); });\n\n            \/\/ Beim Verlassen auch die native Meldung zeigen, falls ung\u00fcltig\n            \/*\n            el.addEventListener('blur', function () {\n                paint(el);\n                if (!el.checkValidity() && (el.value || '').trim() !== '') {\n                    el.reportValidity();\n                }\n            });\n            *\/\n        });\n\n        \/\/ Beim Submit native Validierung nutzen\n        form.addEventListener('submit', function (e) {\n            \/\/ einmal alles f\u00e4rben\n            fields.forEach(paint);\n            if (!form.checkValidity()) {\n            e.preventDefault();\n            form.reportValidity();\n            }\n        });\n    })();\n    <\/script>\n    [\/vc_column_text][\/vc_tta_section][\/vc_tta_tabs][vc_column_text css=&#8220;&#8220;]Sollten Sie feststellen, dass ein Partnereintrag nicht vollst\u00e4ndig oder fehlerhaft ist, dann senden Sie eine Mail mit den korrekten Angaben an: <a href=\"mailto:kontakt@ruheforst.de\">kontakt@ruheforst.de<\/a>. Wir werden dann die entsprechende Berichtigung vornehmen.<\/p>\n<p>[\/vc_column_text][\/vc_column][\/vc_row]<\/p>\n<\/div>","protected":false},"excerpt":{"rendered":"<p>[vc_row][vc_column][vc_column_text css=&#8220;&#8220;] Unsere Partner [\/vc_column_text][vc_column_text css=&#8220;&#8220;]Bestattungsunternehmen, Trauerrednerinnen und Trauerredner sind wichtige Ansprechpartner, die Sie bei der Organisation und Durchf\u00fchrung von Beisetzungen im RuheForst\u00ae unterst\u00fctzen. \u00dcber die Partnersuche finden Sie Kontaktdaten&#8230; <a class=\"read-more\" href=\"https:\/\/www.ruheforst-deutschland.de\/kummerfeld\/unsere-partner\/\">Weiterlesen<\/a><\/p>\n","protected":false},"author":1,"featured_media":0,"parent":0,"menu_order":10,"comment_status":"closed","ping_status":"closed","template":"","meta":{"site-sidebar-layout":"no-sidebar","site-content-layout":"plain-container","ast-site-content-layout":"default","site-content-style":"default","site-sidebar-style":"default","ast-global-header-display":"","ast-banner-title-visibility":"","ast-main-header-display":"","ast-hfb-above-header-display":"","ast-hfb-below-header-display":"","ast-hfb-mobile-header-display":"","site-post-title":"disabled","ast-breadcrumbs-content":"","ast-featured-img":"disabled","footer-sml-layout":"","ast-disable-related-posts":"","theme-transparent-header-meta":"default","adv-header-id-meta":"","stick-header-meta":"","header-above-stick-meta":"","header-main-stick-meta":"","header-below-stick-meta":"","astra-migrate-meta-layouts":"set","ast-page-background-enabled":"default","ast-page-background-meta":{"desktop":{"background-color":"var(--ast-global-color-4)","background-image":"","background-repeat":"repeat","background-position":"center center","background-size":"auto","background-attachment":"scroll","background-type":"","background-media":"","overlay-type":"","overlay-color":"","overlay-opacity":"","overlay-gradient":""},"tablet":{"background-color":"","background-image":"","background-repeat":"repeat","background-position":"center center","background-size":"auto","background-attachment":"scroll","background-type":"","background-media":"","overlay-type":"","overlay-color":"","overlay-opacity":"","overlay-gradient":""},"mobile":{"background-color":"","background-image":"","background-repeat":"repeat","background-position":"center center","background-size":"auto","background-attachment":"scroll","background-type":"","background-media":"","overlay-type":"","overlay-color":"","overlay-opacity":"","overlay-gradient":""}},"ast-content-background-meta":{"desktop":{"background-color":"var(--ast-global-color-5)","background-image":"","background-repeat":"repeat","background-position":"center center","background-size":"auto","background-attachment":"scroll","background-type":"","background-media":"","overlay-type":"","overlay-color":"","overlay-opacity":"","overlay-gradient":""},"tablet":{"background-color":"var(--ast-global-color-5)","background-image":"","background-repeat":"repeat","background-position":"center center","background-size":"auto","background-attachment":"scroll","background-type":"","background-media":"","overlay-type":"","overlay-color":"","overlay-opacity":"","overlay-gradient":""},"mobile":{"background-color":"var(--ast-global-color-5)","background-image":"","background-repeat":"repeat","background-position":"center center","background-size":"auto","background-attachment":"scroll","background-type":"","background-media":"","overlay-type":"","overlay-color":"","overlay-opacity":"","overlay-gradient":""}},"footnotes":""},"class_list":["post-132","page","type-page","status-publish","hentry"],"_links":{"self":[{"href":"https:\/\/www.ruheforst-deutschland.de\/kummerfeld\/wp-json\/wp\/v2\/pages\/132","targetHints":{"allow":["GET"]}}],"collection":[{"href":"https:\/\/www.ruheforst-deutschland.de\/kummerfeld\/wp-json\/wp\/v2\/pages"}],"about":[{"href":"https:\/\/www.ruheforst-deutschland.de\/kummerfeld\/wp-json\/wp\/v2\/types\/page"}],"author":[{"embeddable":true,"href":"https:\/\/www.ruheforst-deutschland.de\/kummerfeld\/wp-json\/wp\/v2\/users\/1"}],"replies":[{"embeddable":true,"href":"https:\/\/www.ruheforst-deutschland.de\/kummerfeld\/wp-json\/wp\/v2\/comments?post=132"}],"version-history":[{"count":22,"href":"https:\/\/www.ruheforst-deutschland.de\/kummerfeld\/wp-json\/wp\/v2\/pages\/132\/revisions"}],"predecessor-version":[{"id":1112,"href":"https:\/\/www.ruheforst-deutschland.de\/kummerfeld\/wp-json\/wp\/v2\/pages\/132\/revisions\/1112"}],"wp:attachment":[{"href":"https:\/\/www.ruheforst-deutschland.de\/kummerfeld\/wp-json\/wp\/v2\/media?parent=132"}],"curies":[{"name":"wp","href":"https:\/\/api.w.org\/{rel}","templated":true}]}}