{"id":231,"date":"2024-09-09T10:49:16","date_gmt":"2024-09-09T08:49:16","guid":{"rendered":"https:\/\/www.ruheforst-deutschland.de\/kummerfeld\/?page_id=231"},"modified":"2026-02-13T17:38:47","modified_gmt":"2026-02-13T16:38:47","slug":"ruheforst-konzept","status":"publish","type":"page","link":"https:\/\/www.ruheforst-deutschland.de\/kummerfeld\/ruheforst-konzept\/","title":{"rendered":"RuheForst\u00ae Konzept"},"content":{"rendered":"<div class=\"wpb-content-wrapper\"><p>[vc_row gap=&#8220;25&#8243;][vc_column][vc_column_text css=&#8220;&#8220;]<\/p>\n<h1>RuheForst\u00ae Konzept<\/h1>\n<p>[\/vc_column_text][vc_row_inner gap=&#8220;25&#8243; css=&#8220;.vc_custom_1725874562904{padding: 0px !important;}&#8220;][vc_column_inner][vc_column_text css=&#8220;&#8220;]In herrlichen, speziell ausgew\u00e4hlten Waldgebieten bieten RuheForste\u00ae Ruhest\u00e4tten f\u00fcr verstorbene Menschen an. Diese W\u00e4lder zeichnen sich vor allem durch heimische Baumarten aus, die nun nicht mehr forstwirtschaftlich genutzt werden. In RuheForsten wird grunds\u00e4tzlich kein Holz mehr eingeschlagen oder Totholz entfernt, es sei denn, die Sicherheit der Besucher w\u00e4re gef\u00e4hrdet. Ansonsten k\u00f6nnen sich diese W\u00e4lder in den n\u00e4chsten 100 Jahre ungest\u00f6rt weiterentwickeln. Dadurch entstehen neue Lebensr\u00e4ume f\u00fcr Pflanzen, Pilze, Tiere, V\u00f6gel und Insekten. So bleibt dieser Ort mit seinen Besonderheiten erhalten und besonders gesch\u00fctzt. Ein RuheForst ist Lebensraum und Waldfriedhof zugleich.<\/p>\n<p>In einem RuheForst befinden sich zahlreiche <strong>RuheBiotope\u00ae<\/strong>. So werden die Ruhest\u00e4tten beziehungsweise die Urnengrabst\u00e4tten im RuheForst\u00ae bezeichnet. In einem solchen Biotop werden die Aschen von Menschen beigesetzt, die sich zu Lebzeiten mit der Natur und dem Wald verbunden f\u00fchlten. Die Urnen werden Teil des Waldbodens. Gleichzeitig dient das Biotop als Lebensraum f\u00fcr die Bewohner des Waldes.<\/p>\n<p>Das Wort \u201eBiotop\u201c kommt eigentlich aus der Biowissenschaft und bezeichnet den Lebensraum einer Lebensgemeinschaft in einem bestimmten Gebiet. Bios (griechisch) steht f\u00fcr das Leben, und Topos (griechisch) f\u00fcr den Ort. Da in diesem Biotop die Asche eines Menschen in einer biologisch abbaubaren Urne zur letzten Ruhe beigesetzt wird, entsteht der Begriff RuheBiotop\u00ae.<\/p>\n<p>RuheForste sind also zeitgleich der Ort der letzten Ruhe f\u00fcr die Verstorbenen, ein Ort zum Trauern und Erinnern f\u00fcr die Hinterbliebenen und ein Lebensraum f\u00fcr Pflanzen und Tiere.[\/vc_column_text][vc_column_text css=&#8220;&#8220;]<\/p>\n<h1>Waldbau<\/h1>\n<p>[\/vc_column_text][vc_column_text css=&#8220;&#8220;]Die W\u00e4lder der Schleswig-Holsteinischen Landesforsten sind gem\u00e4\u00df FSC und PEFC zertifiziert. Diese internationalen Zertifikate bescheinigen eine naturnahe, r\u00fccksichtsvolle Waldbewirtschaftung. Die naturnahe Waldbewirtschaftung der nicht ausgewiesenen Waldfl\u00e4chen wird weiter fortgesetzt. Zum Schutz der verpachteten Ruhest\u00e4tten k\u00f6nnen zudem vorsichtige pflegerische Ma\u00dfnahmen durchgef\u00fchrt werden.<\/p>\n<p>Der Wald des RuheForstes Kummerfeld\/Kreis Pinneberg wird durch die behutsame Bewirtschaftung gepr\u00e4gt. Der Waldbau richtet sich nach folgenden Leitlinien:<\/p>\n<ul>\n<li>Arbeiten ohne Kahlschl\u00e4ge, ohne Chemie und ohne D\u00fcngung<\/li>\n<li>F\u00f6rderung strukturreicher Mischw\u00e4lder<\/li>\n<li>Erhalt \u00f6kologisch wertvoller Einzelb\u00e4ume<\/li>\n<li>Bewahrung der Waldbodenqualit\u00e4t<\/li>\n<\/ul>\n<p>[\/vc_column_text][vc_media_grid element_width=&#8220;3&#8243; css=&#8220;&#8220; grid_id=&#8220;vc_gid:1771000614023-c013e2a3-1e59-4&#8243; include=&#8220;863,793,790,968&#8243;][\/vc_column_inner][\/vc_row_inner][\/vc_column][\/vc_row]<\/p>\n<\/div>","protected":false},"excerpt":{"rendered":"<p>[vc_row gap=&#8220;25&#8243;][vc_column][vc_column_text css=&#8220;&#8220;] RuheForst\u00ae Konzept [\/vc_column_text][vc_row_inner gap=&#8220;25&#8243; css=&#8220;.vc_custom_1725874562904{padding: 0px !important;}&#8220;][vc_column_inner][vc_column_text css=&#8220;&#8220;]In herrlichen, speziell ausgew\u00e4hlten Waldgebieten bieten RuheForste\u00ae Ruhest\u00e4tten f\u00fcr verstorbene Menschen an. Diese W\u00e4lder zeichnen sich vor allem durch heimische&#8230; <a class=\"read-more\" href=\"https:\/\/www.ruheforst-deutschland.de\/kummerfeld\/ruheforst-konzept\/\">Weiterlesen<\/a><\/p>\n","protected":false},"author":1,"featured_media":0,"parent":0,"menu_order":0,"comment_status":"closed","ping_status":"closed","template":"","meta":{"site-sidebar-layout":"no-sidebar","site-content-layout":"plain-container","ast-site-content-layout":"default","site-content-style":"default","site-sidebar-style":"default","ast-global-header-display":"","ast-banner-title-visibility":"","ast-main-header-display":"","ast-hfb-above-header-display":"","ast-hfb-below-header-display":"","ast-hfb-mobile-header-display":"","site-post-title":"disabled","ast-breadcrumbs-content":"","ast-featured-img":"disabled","footer-sml-layout":"","ast-disable-related-posts":"","theme-transparent-header-meta":"default","adv-header-id-meta":"","stick-header-meta":"","header-above-stick-meta":"","header-main-stick-meta":"","header-below-stick-meta":"","astra-migrate-meta-layouts":"set","ast-page-background-enabled":"default","ast-page-background-meta":{"desktop":{"background-color":"var(--ast-global-color-4)","background-image":"","background-repeat":"repeat","background-position":"center center","background-size":"auto","background-attachment":"scroll","background-type":"","background-media":"","overlay-type":"","overlay-color":"","overlay-opacity":"","overlay-gradient":""},"tablet":{"background-color":"","background-image":"","background-repeat":"repeat","background-position":"center center","background-size":"auto","background-attachment":"scroll","background-type":"","background-media":"","overlay-type":"","overlay-color":"","overlay-opacity":"","overlay-gradient":""},"mobile":{"background-color":"","background-image":"","background-repeat":"repeat","background-position":"center center","background-size":"auto","background-attachment":"scroll","background-type":"","background-media":"","overlay-type":"","overlay-color":"","overlay-opacity":"","overlay-gradient":""}},"ast-content-background-meta":{"desktop":{"background-color":"var(--ast-global-color-5)","background-image":"","background-repeat":"repeat","background-position":"center center","background-size":"auto","background-attachment":"scroll","background-type":"","background-media":"","overlay-type":"","overlay-color":"","overlay-opacity":"","overlay-gradient":""},"tablet":{"background-color":"var(--ast-global-color-5)","background-image":"","background-repeat":"repeat","background-position":"center center","background-size":"auto","background-attachment":"scroll","background-type":"","background-media":"","overlay-type":"","overlay-color":"","overlay-opacity":"","overlay-gradient":""},"mobile":{"background-color":"var(--ast-global-color-5)","background-image":"","background-repeat":"repeat","background-position":"center center","background-size":"auto","background-attachment":"scroll","background-type":"","background-media":"","overlay-type":"","overlay-color":"","overlay-opacity":"","overlay-gradient":""}},"footnotes":""},"class_list":["post-231","page","type-page","status-publish","hentry"],"_links":{"self":[{"href":"https:\/\/www.ruheforst-deutschland.de\/kummerfeld\/wp-json\/wp\/v2\/pages\/231","targetHints":{"allow":["GET"]}}],"collection":[{"href":"https:\/\/www.ruheforst-deutschland.de\/kummerfeld\/wp-json\/wp\/v2\/pages"}],"about":[{"href":"https:\/\/www.ruheforst-deutschland.de\/kummerfeld\/wp-json\/wp\/v2\/types\/page"}],"author":[{"embeddable":true,"href":"https:\/\/www.ruheforst-deutschland.de\/kummerfeld\/wp-json\/wp\/v2\/users\/1"}],"replies":[{"embeddable":true,"href":"https:\/\/www.ruheforst-deutschland.de\/kummerfeld\/wp-json\/wp\/v2\/comments?post=231"}],"version-history":[{"count":14,"href":"https:\/\/www.ruheforst-deutschland.de\/kummerfeld\/wp-json\/wp\/v2\/pages\/231\/revisions"}],"predecessor-version":[{"id":1060,"href":"https:\/\/www.ruheforst-deutschland.de\/kummerfeld\/wp-json\/wp\/v2\/pages\/231\/revisions\/1060"}],"wp:attachment":[{"href":"https:\/\/www.ruheforst-deutschland.de\/kummerfeld\/wp-json\/wp\/v2\/media?parent=231"}],"curies":[{"name":"wp","href":"https:\/\/api.w.org\/{rel}","templated":true}]}}