{"id":90,"date":"2024-09-04T14:12:16","date_gmt":"2024-09-04T12:12:16","guid":{"rendered":"https:\/\/www.ruheforst-deutschland.de\/kummerfeld\/?page_id=90"},"modified":"2026-03-06T10:30:10","modified_gmt":"2026-03-06T09:30:10","slug":"wertstufen-preise","status":"publish","type":"page","link":"https:\/\/www.ruheforst-deutschland.de\/kummerfeld\/wertstufen-preise\/","title":{"rendered":"Wertstufen und Preise"},"content":{"rendered":"<div class=\"wpb-content-wrapper\"><p>[vc_row][vc_column][vc_column_text css=&#8220;&#8220;]<\/p>\n<h1>Wertstufen, RuheBiotop- und Beisetzungsgeb\u00fchren<\/h1>\n<p>[\/vc_column_text][vc_row_inner gap=&#8220;25&#8243; css=&#8220;.vc_custom_1725452071181{padding: 0px !important;}&#8220;][vc_column_inner width=&#8220;2\/3&#8243;][vc_column_text css=&#8220;&#8220;]Jedes RuheBiotop ist einmalig. Wir bieten Ihnen eine vielf\u00e4ltige Auswahl an RuheBiotopen. Je nach Dimension, Lage oder Einzigartigkeit sind die RuheBiotope vier verschiedenen Wertstufen zugeordnet.[\/vc_column_text][\/vc_column_inner][vc_column_inner width=&#8220;1\/3&#8243;][vc_btn title=&#8220;Kosten\u00fcbersicht, Download als PDF&#8220; style=&#8220;outline-custom&#8220; outline_custom_color=&#8220;#004519&#8243; outline_custom_hover_background=&#8220;#076F32&#8243; outline_custom_hover_text=&#8220;#FFFFFF&#8220; shape=&#8220;square&#8220; i_icon_fontawesome=&#8220;&#8220; css=&#8220;&#8220; add_icon=&#8220;true&#8220; link=&#8220;url:https%3A%2F%2Fwww.ruheforst-deutschland.de%2Fkummerfeld%2Fwp-content%2Fuploads%2Fsites%2F28%2F2025%2F11%2FPreisliste_RF_Kummerfeld_2025.pdf|target:_blank&#8220;][\/vc_column_inner][\/vc_row_inner][vc_column_text css=&#8220;&#8220;]<\/p>\n<h1>Wertstufen und Geb\u00fchren<\/h1>\n<p>Stand September 2023<\/p>\n<p><strong>Nutzungsentgelt<\/strong><\/p>\n<ol type=\"a\">\n<li>Die Entgelte richten sich nach der Bewertung des Biotops und der Bestimmung der Beisetzungsstelle.<\/li>\n<li>Bewertungskriterien sind u. a. die Lage der Ruhest\u00e4tte und die direkten und angrenzenden Naturelemente.<\/li>\n<li>Die Bestimmung der Beisetzungsstelle beinhaltet die Verwendung als GemeinschaftsBiotop, Familien- oder FreundschaftsBiotop oder als RegenbogenBiotop.<\/li>\n<\/ol>\n<p>[\/vc_column_text][vc_row_inner gap=&#8220;25&#8243; css=&#8220;.vc_custom_1725452071181{padding: 0px !important;}&#8220;][vc_column_inner width=&#8220;2\/3&#8243;][vc_column_text css=&#8220;&#8220;]<strong>GemeinschaftsBiotop<\/strong> mit bis zu 12 Beisetzungsstellen, mit gelber Kunststoffscheibe gekennzeichnet[\/vc_column_text][vc_column_text css=&#8220;&#8220;]<\/p>\n<table class=\"rf-table\">\n<tbody>\n<tr>\n<td>Wertstufe I (Entgelt je Beisetzungsstelle)<\/td>\n<td>590,00 \u20ac<\/td>\n<\/tr>\n<tr>\n<td>Wertstufe II (Entgelt je Beisetzungsstelle)<\/td>\n<td>890,00 \u20ac<\/td>\n<\/tr>\n<tr>\n<td>Wertstufe III (Entgelt je Beisetzungsstelle)<\/td>\n<td>1.090,00 \u20ac<\/td>\n<\/tr>\n<tr>\n<td>Wertstufe IV (Entgelt je Beisetzungsstelle)<\/td>\n<td>1.890,00 \u20ac<\/td>\n<\/tr>\n<\/tbody>\n<\/table>\n<p>[\/vc_column_text][\/vc_column_inner][vc_column_inner width=&#8220;1\/3&#8243;][vc_single_image image=&#8220;843&#8243; img_size=&#8220;large&#8220; css=&#8220;&#8220;][\/vc_column_inner][\/vc_row_inner][vc_row_inner gap=&#8220;25&#8243; css=&#8220;.vc_custom_1725452071181{padding: 0px !important;}&#8220;][vc_column_inner width=&#8220;2\/3&#8243;][vc_column_text css=&#8220;&#8220;]<strong>Familien-\/FreundschaftsBiotop<\/strong> mit bis zu 12 Beisetzungsstellen, mit gr\u00fcner Kunststoffscheibe gekennzeichnet[\/vc_column_text][vc_column_text css=&#8220;&#8220;]<\/p>\n<table class=\"rf-table\">\n<tbody>\n<tr>\n<td>Wertstufe II (Entgelt f\u00fcr das ganze Biotop)<\/td>\n<td>5.300,00 \u20ac<\/td>\n<\/tr>\n<tr>\n<td>Wertstufe III (Entgelt f\u00fcr das ganze Biotop)<\/td>\n<td>6.400,00 \u20ac<\/td>\n<\/tr>\n<tr>\n<td>Wertstufe IV (Entgelt f\u00fcr das ganze Biotop)<\/td>\n<td>9.600,00 \u20ac<\/td>\n<\/tr>\n<\/tbody>\n<\/table>\n<p>[\/vc_column_text][vc_empty_space height=&#8220;40px&#8220;][vc_column_text css=&#8220;&#8220;]<strong>Beisetzungsentgelt<\/strong><\/p>\n<table class=\"rf-table\">\n<tbody>\n<tr>\n<td>Herstellung der Grab\u00f6ffnung, die Beisetzung der Urne sowie das Verschlie\u00dfen<br \/>\ndes Grabes w\u00e4hrend der Regelarbeitszeiten<\/td>\n<td>350,00 \u20ac<\/td>\n<\/tr>\n<tr>\n<td>Zusatzgeb\u00fchr f\u00fcr Beisetzungen au\u00dferhalb der Regelarbeitszeit<br \/>\n(Freitags ab 14:00 Uhr und an Samstagen)<\/td>\n<td>100,00 \u20ac<\/td>\n<\/tr>\n<tr>\n<td>Urnenanforderung<\/td>\n<td>25,00 \u20ac<\/td>\n<\/tr>\n<tr>\n<td>Beisetzungsbest\u00e4tigung<\/td>\n<td>25,00 \u20ac<\/td>\n<\/tr>\n<tr>\n<td>Gestellung, Beschriftung und Anbringung einer Gedenktafel<\/td>\n<td>25,00 \u20ac<\/td>\n<\/tr>\n<\/tbody>\n<\/table>\n<p>[\/vc_column_text][vc_empty_space height=&#8220;80px&#8220;][\/vc_column_inner][vc_column_inner width=&#8220;1\/3&#8243;][vc_single_image image=&#8220;845&#8243; img_size=&#8220;large&#8220; css=&#8220;&#8220;][\/vc_column_inner][\/vc_row_inner][\/vc_column][\/vc_row]<\/p>\n<\/div>","protected":false},"excerpt":{"rendered":"<p>[vc_row][vc_column][vc_column_text css=&#8220;&#8220;] Wertstufen, RuheBiotop- und Beisetzungsgeb\u00fchren [\/vc_column_text][vc_row_inner gap=&#8220;25&#8243; css=&#8220;.vc_custom_1725452071181{padding: 0px !important;}&#8220;][vc_column_inner width=&#8220;2\/3&#8243;][vc_column_text css=&#8220;&#8220;]Jedes RuheBiotop ist einmalig. Wir bieten Ihnen eine vielf\u00e4ltige Auswahl an RuheBiotopen. Je nach Dimension, Lage oder Einzigartigkeit&#8230; <a class=\"read-more\" href=\"https:\/\/www.ruheforst-deutschland.de\/kummerfeld\/wertstufen-preise\/\">Weiterlesen<\/a><\/p>\n","protected":false},"author":1,"featured_media":0,"parent":0,"menu_order":3,"comment_status":"closed","ping_status":"closed","template":"","meta":{"site-sidebar-layout":"no-sidebar","site-content-layout":"plain-container","ast-site-content-layout":"default","site-content-style":"default","site-sidebar-style":"default","ast-global-header-display":"","ast-banner-title-visibility":"","ast-main-header-display":"","ast-hfb-above-header-display":"","ast-hfb-below-header-display":"","ast-hfb-mobile-header-display":"","site-post-title":"disabled","ast-breadcrumbs-content":"","ast-featured-img":"disabled","footer-sml-layout":"","ast-disable-related-posts":"","theme-transparent-header-meta":"default","adv-header-id-meta":"","stick-header-meta":"","header-above-stick-meta":"","header-main-stick-meta":"","header-below-stick-meta":"","astra-migrate-meta-layouts":"set","ast-page-background-enabled":"default","ast-page-background-meta":{"desktop":{"background-color":"var(--ast-global-color-4)","background-image":"","background-repeat":"repeat","background-position":"center center","background-size":"auto","background-attachment":"scroll","background-type":"","background-media":"","overlay-type":"","overlay-color":"","overlay-opacity":"","overlay-gradient":""},"tablet":{"background-color":"","background-image":"","background-repeat":"repeat","background-position":"center center","background-size":"auto","background-attachment":"scroll","background-type":"","background-media":"","overlay-type":"","overlay-color":"","overlay-opacity":"","overlay-gradient":""},"mobile":{"background-color":"","background-image":"","background-repeat":"repeat","background-position":"center center","background-size":"auto","background-attachment":"scroll","background-type":"","background-media":"","overlay-type":"","overlay-color":"","overlay-opacity":"","overlay-gradient":""}},"ast-content-background-meta":{"desktop":{"background-color":"var(--ast-global-color-5)","background-image":"","background-repeat":"repeat","background-position":"center center","background-size":"auto","background-attachment":"scroll","background-type":"","background-media":"","overlay-type":"","overlay-color":"","overlay-opacity":"","overlay-gradient":""},"tablet":{"background-color":"var(--ast-global-color-5)","background-image":"","background-repeat":"repeat","background-position":"center center","background-size":"auto","background-attachment":"scroll","background-type":"","background-media":"","overlay-type":"","overlay-color":"","overlay-opacity":"","overlay-gradient":""},"mobile":{"background-color":"var(--ast-global-color-5)","background-image":"","background-repeat":"repeat","background-position":"center center","background-size":"auto","background-attachment":"scroll","background-type":"","background-media":"","overlay-type":"","overlay-color":"","overlay-opacity":"","overlay-gradient":""}},"footnotes":""},"class_list":["post-90","page","type-page","status-publish","hentry"],"_links":{"self":[{"href":"https:\/\/www.ruheforst-deutschland.de\/kummerfeld\/wp-json\/wp\/v2\/pages\/90","targetHints":{"allow":["GET"]}}],"collection":[{"href":"https:\/\/www.ruheforst-deutschland.de\/kummerfeld\/wp-json\/wp\/v2\/pages"}],"about":[{"href":"https:\/\/www.ruheforst-deutschland.de\/kummerfeld\/wp-json\/wp\/v2\/types\/page"}],"author":[{"embeddable":true,"href":"https:\/\/www.ruheforst-deutschland.de\/kummerfeld\/wp-json\/wp\/v2\/users\/1"}],"replies":[{"embeddable":true,"href":"https:\/\/www.ruheforst-deutschland.de\/kummerfeld\/wp-json\/wp\/v2\/comments?post=90"}],"version-history":[{"count":55,"href":"https:\/\/www.ruheforst-deutschland.de\/kummerfeld\/wp-json\/wp\/v2\/pages\/90\/revisions"}],"predecessor-version":[{"id":1110,"href":"https:\/\/www.ruheforst-deutschland.de\/kummerfeld\/wp-json\/wp\/v2\/pages\/90\/revisions\/1110"}],"wp:attachment":[{"href":"https:\/\/www.ruheforst-deutschland.de\/kummerfeld\/wp-json\/wp\/v2\/media?parent=90"}],"curies":[{"name":"wp","href":"https:\/\/api.w.org\/{rel}","templated":true}]}}