{"id":90,"date":"2024-09-04T14:12:16","date_gmt":"2024-09-04T12:12:16","guid":{"rendered":"https:\/\/www.ruheforst-deutschland.de\/lustadt\/?page_id=90"},"modified":"2024-11-07T13:34:50","modified_gmt":"2024-11-07T12:34:50","slug":"wertstufen-preise","status":"publish","type":"page","link":"https:\/\/www.ruheforst-deutschland.de\/lustadt\/wertstufen-preise\/","title":{"rendered":"Wertstufen und Preise"},"content":{"rendered":"<div class=\"wpb-content-wrapper\"><p>[vc_row][vc_column][vc_column_text css=&#8220;&#8220;]<\/p>\n<h1>Wertstufen, RuheBiotop- und Beisetzungsgeb\u00fchren<\/h1>\n<p>[\/vc_column_text][vc_row_inner gap=&#8220;25&#8243; css=&#8220;.vc_custom_1725452071181{padding: 0px !important;}&#8220;][vc_column_inner width=&#8220;2\/3&#8243;][vc_column_text css=&#8220;&#8220;]Jedes RuheBiotop ist einmalig. Wir bieten Ihnen eine vielf\u00e4ltige Auswahl an RuheBiotopen. Je nach Dimension, Lage oder Einzigartigkeit sind die RuheBiotope vier verschiedenen Wertstufen zugeordnet.[\/vc_column_text][\/vc_column_inner][vc_column_inner width=&#8220;1\/3&#8243;][vc_btn title=&#8220;Kosten\u00fcbersicht, Download als PDF&#8220; style=&#8220;outline-custom&#8220; outline_custom_color=&#8220;#004519&#8243; outline_custom_hover_background=&#8220;#076F32&#8243; outline_custom_hover_text=&#8220;#FFFFFF&#8220; shape=&#8220;square&#8220; i_icon_fontawesome=&#8220;fas fa-download&#8220; css=&#8220;&#8220; add_icon=&#8220;true&#8220; link=&#8220;url:https%3A%2F%2Fwww.ruheforst-deutschland.de%2Flustadt%2Fwp-content%2Fuploads%2Fsites%2F7%2F2024%2F09%2FRF-Lustadt-Kostenuebersicht.pdf|target:_blank&#8220;][\/vc_column_inner][\/vc_row_inner][vc_column_text css=&#8220;&#8220;]<\/p>\n<h1>Preise<\/h1>\n<p>g\u00fcltig ab dem 09 November 2024<\/p>\n<p><strong>Auszug aus der Satzung \u00fcber die Erhebung von Friedhofsgeb\u00fchren f\u00fcr die Nutzung des Friedhofs \u201eRuheForst Maiblumenwald Lustadt\u201c in der Ortsgemeinde Lustadt<\/strong><\/p>\n<p><strong>1) Allgemeines<\/strong><\/p>\n<p>F\u00fcr die Ausstellung einer Graburkunde oder \u00dcberschreibung einer Graburkunde bei Wechsel des\/der Verf\u00fcgungsberechtigten wird eine Geb\u00fchr von 15,00 \u20ac erhoben.<\/p>\n<p><strong>2)\u00a0Geb\u00fchr f\u00fcr die \u00dcberlassung von Grabnutzungsrechten (gem\u00e4\u00df der Friedhofssatzung f\u00fcr den Friedhof \u201eRuheForst Maiblumenwald Lustadt\u201c)<\/strong>[\/vc_column_text][vc_row_inner gap=&#8220;25&#8243; css=&#8220;.vc_custom_1725452071181{padding: 0px !important;}&#8220;][vc_column_inner width=&#8220;2\/3&#8243;][vc_column_text css=&#8220;&#8220;]<strong>GemeinschaftsBiotop<\/strong> mit bis zu 12 Beisetzungsstellen, mit <strong>gelber Kunststoffscheibe<\/strong> gekennzeichnet[\/vc_column_text][vc_column_text css=&#8220;&#8220;]<\/p>\n<table class=\"rf-table\">\n<tbody>\n<tr>\n<td>Wertstufe I (pro Beisetzungsstelle)<\/td>\n<td>600,00 \u20ac<\/td>\n<\/tr>\n<tr>\n<td>Wertstufe II (pro Beisetzungsstelle)<\/td>\n<td>950,00 \u20ac<\/td>\n<\/tr>\n<tr>\n<td>Wertstufe III (pro Beisetzungsstelle)<\/td>\n<td>1.200,00 \u20ac<\/td>\n<\/tr>\n<tr>\n<td>Wertstufe IV (pro Beisetzungsstelle)<\/td>\n<td>1.600,00 \u20ac<\/td>\n<\/tr>\n<\/tbody>\n<\/table>\n<p>[\/vc_column_text][\/vc_column_inner][vc_column_inner width=&#8220;1\/3&#8243;][vc_single_image image=&#8220;265&#8243; img_size=&#8220;large&#8220; css=&#8220;&#8220;][\/vc_column_inner][\/vc_row_inner][vc_row_inner gap=&#8220;25&#8243; css=&#8220;.vc_custom_1725452071181{padding: 0px !important;}&#8220;][vc_column_inner width=&#8220;2\/3&#8243;][vc_column_text css=&#8220;&#8220;]<strong>Familien-\/FreundschaftsBiotop<\/strong> mit bis zu 12 Beisetzungsstellen, mit <strong>blauer Kunststoffscheibe<\/strong> gekennzeichnet[\/vc_column_text][vc_column_text css=&#8220;&#8220;]<\/p>\n<table class=\"rf-table\">\n<tbody>\n<tr>\n<td>Wertstufe I<\/td>\n<td>3.400,00 \u20ac<\/td>\n<\/tr>\n<tr>\n<td>Wertstufe II<\/td>\n<td>4.500,00 \u20ac<\/td>\n<\/tr>\n<tr>\n<td>Wertstufe III<\/td>\n<td>5.800,00 \u20ac<\/td>\n<\/tr>\n<tr>\n<td>Wertstufe IV<\/td>\n<td>7.500,00 \u20ac<\/td>\n<\/tr>\n<tr>\n<td>RegenbogenBiotop f\u00fcr Sternenkinder<\/td>\n<td>ohne Geb\u00fchr<\/td>\n<\/tr>\n<\/tbody>\n<\/table>\n<p>[\/vc_column_text][vc_empty_space height=&#8220;40px&#8220;][vc_column_text css=&#8220;&#8220;]<strong>3) Beisetzungsgeb\u00fchr <\/strong>(Montag bis Freitag)<\/p>\n<p>F\u00fcr die Herstellung des Bestattungsplatzes am RuheBiotop, die Beisetzung der Urne, das Verschlie\u00dfen des Grabes sowie die Wiederherstellung des nat\u00fcrlichen Zustandes des RuheBiotops wird eine Geb\u00fchr von 300,00 \u20ac je Urnenbeisetzung erhoben.<\/p>\n<p>F\u00fcr die Beisetzung im RegenbogenBiotop wird keine Geb\u00fchr erhoben.<\/p>\n<p><strong>4) Zusatzleistungen f\u00fcr die Beisetzung<\/strong><\/p>\n<p>F\u00fcr Beisetzungen an einem Samstag (nur vormittags) wird je Urnenbeisetzung zus\u00e4tzlich zur regul\u00e4ren Beisetzungsgeb\u00fchr ein Zuschlag von 90,00 \u20ac erhoben.<\/p>\n<p><strong>5) Gedenktafel<\/strong><\/p>\n<p>Die Standardausf\u00fchrung enth\u00e4lt Vorname, Name, Geburts- und Sterbedatum, wahlweise mit Kreuz- oder Baummotiv. Die Standardausf\u00fchrung ist im Nutzungsentgelt enthalten, hierf\u00fcr wird kein gesondertes Entgelt erhoben. F\u00fcr individuelle Beschriftungs- und Motivw\u00fcnsche wird ein Entgelt von 25,00 \u20ac erhoben.<\/p>\n<p>Bei Motivw\u00fcnschen kann aus den Grafikvorlagen beim RuheForst Maiblumenwald Lustadt ein Motiv gew\u00e4hlt werden.<\/p>\n<p>Von den Angeh\u00f6rigen zur Verf\u00fcgung gestellte Grafiken sind nicht m\u00f6glich.[\/vc_column_text][vc_empty_space height=&#8220;80px&#8220;][\/vc_column_inner][vc_column_inner width=&#8220;1\/3&#8243;][vc_single_image image=&#8220;264&#8243; img_size=&#8220;large&#8220; css=&#8220;&#8220;][\/vc_column_inner][\/vc_row_inner][\/vc_column][\/vc_row]<\/p>\n<\/div>","protected":false},"excerpt":{"rendered":"<p>[vc_row][vc_column][vc_column_text css=&#8220;&#8220;] Wertstufen, RuheBiotop- und Beisetzungsgeb\u00fchren [\/vc_column_text][vc_row_inner gap=&#8220;25&#8243; css=&#8220;.vc_custom_1725452071181{padding: 0px !important;}&#8220;][vc_column_inner width=&#8220;2\/3&#8243;][vc_column_text css=&#8220;&#8220;]Jedes RuheBiotop ist einmalig. Wir bieten Ihnen eine vielf\u00e4ltige Auswahl an RuheBiotopen. Je nach Dimension, Lage oder Einzigartigkeit&#8230; <a class=\"read-more\" href=\"https:\/\/www.ruheforst-deutschland.de\/lustadt\/wertstufen-preise\/\">Weiterlesen<\/a><\/p>\n","protected":false},"author":1,"featured_media":0,"parent":0,"menu_order":3,"comment_status":"closed","ping_status":"closed","template":"","meta":{"site-sidebar-layout":"no-sidebar","site-content-layout":"plain-container","ast-site-content-layout":"default","site-content-style":"default","site-sidebar-style":"default","ast-global-header-display":"","ast-banner-title-visibility":"","ast-main-header-display":"","ast-hfb-above-header-display":"","ast-hfb-below-header-display":"","ast-hfb-mobile-header-display":"","site-post-title":"disabled","ast-breadcrumbs-content":"","ast-featured-img":"disabled","footer-sml-layout":"","ast-disable-related-posts":"","theme-transparent-header-meta":"default","adv-header-id-meta":"","stick-header-meta":"","header-above-stick-meta":"","header-main-stick-meta":"","header-below-stick-meta":"","astra-migrate-meta-layouts":"set","ast-page-background-enabled":"default","ast-page-background-meta":{"desktop":{"background-color":"var(--ast-global-color-4)","background-image":"","background-repeat":"repeat","background-position":"center center","background-size":"auto","background-attachment":"scroll","background-type":"","background-media":"","overlay-type":"","overlay-color":"","overlay-opacity":"","overlay-gradient":""},"tablet":{"background-color":"","background-image":"","background-repeat":"repeat","background-position":"center center","background-size":"auto","background-attachment":"scroll","background-type":"","background-media":"","overlay-type":"","overlay-color":"","overlay-opacity":"","overlay-gradient":""},"mobile":{"background-color":"","background-image":"","background-repeat":"repeat","background-position":"center center","background-size":"auto","background-attachment":"scroll","background-type":"","background-media":"","overlay-type":"","overlay-color":"","overlay-opacity":"","overlay-gradient":""}},"ast-content-background-meta":{"desktop":{"background-color":"var(--ast-global-color-5)","background-image":"","background-repeat":"repeat","background-position":"center center","background-size":"auto","background-attachment":"scroll","background-type":"","background-media":"","overlay-type":"","overlay-color":"","overlay-opacity":"","overlay-gradient":""},"tablet":{"background-color":"var(--ast-global-color-5)","background-image":"","background-repeat":"repeat","background-position":"center center","background-size":"auto","background-attachment":"scroll","background-type":"","background-media":"","overlay-type":"","overlay-color":"","overlay-opacity":"","overlay-gradient":""},"mobile":{"background-color":"var(--ast-global-color-5)","background-image":"","background-repeat":"repeat","background-position":"center center","background-size":"auto","background-attachment":"scroll","background-type":"","background-media":"","overlay-type":"","overlay-color":"","overlay-opacity":"","overlay-gradient":""}},"footnotes":""},"class_list":["post-90","page","type-page","status-publish","hentry"],"_links":{"self":[{"href":"https:\/\/www.ruheforst-deutschland.de\/lustadt\/wp-json\/wp\/v2\/pages\/90","targetHints":{"allow":["GET"]}}],"collection":[{"href":"https:\/\/www.ruheforst-deutschland.de\/lustadt\/wp-json\/wp\/v2\/pages"}],"about":[{"href":"https:\/\/www.ruheforst-deutschland.de\/lustadt\/wp-json\/wp\/v2\/types\/page"}],"author":[{"embeddable":true,"href":"https:\/\/www.ruheforst-deutschland.de\/lustadt\/wp-json\/wp\/v2\/users\/1"}],"replies":[{"embeddable":true,"href":"https:\/\/www.ruheforst-deutschland.de\/lustadt\/wp-json\/wp\/v2\/comments?post=90"}],"version-history":[{"count":37,"href":"https:\/\/www.ruheforst-deutschland.de\/lustadt\/wp-json\/wp\/v2\/pages\/90\/revisions"}],"predecessor-version":[{"id":584,"href":"https:\/\/www.ruheforst-deutschland.de\/lustadt\/wp-json\/wp\/v2\/pages\/90\/revisions\/584"}],"wp:attachment":[{"href":"https:\/\/www.ruheforst-deutschland.de\/lustadt\/wp-json\/wp\/v2\/media?parent=90"}],"curies":[{"name":"wp","href":"https:\/\/api.w.org\/{rel}","templated":true}]}}