{"id":101,"date":"2024-09-04T14:22:24","date_gmt":"2024-09-04T12:22:24","guid":{"rendered":"https:\/\/www.ruheforst-deutschland.de\/marienthal\/?page_id=101"},"modified":"2026-03-16T15:25:44","modified_gmt":"2026-03-16T14:25:44","slug":"fuehrungen","status":"publish","type":"page","link":"https:\/\/www.ruheforst-deutschland.de\/marienthal\/fuehrungen\/","title":{"rendered":"F\u00fchrungen"},"content":{"rendered":"<div class=\"wpb-content-wrapper\"><p>[vc_row gap=&#8220;25&#8243;][vc_column][vc_column_text css=&#8220;&#8220;]<\/p>\n<h1>F\u00fchrungen durch den RuheForst\u00ae<\/h1>\n<p>[\/vc_column_text][\/vc_column][\/vc_row][vc_row gap=&#8220;25&#8243;][vc_column width=&#8220;2\/3&#8243;][vc_column_text css=&#8220;&#8220;]Lernen Sie den RuheForst Marienthal mit seinen zahlreichen RuheBiotopen, dem denkmalgesch\u00fctzen, historischen und einzigartigen Andachtsplatz, dem wundersch\u00f6nen naturnahen Mischwald mit \u00fcber 200-j\u00e4hrigen Eichen und Linden und seinen verschlungenen Wegen kennen.<\/p>\n<p>Bei dem gemeinsamen Waldspaziergang erfahren Interessierte einiges \u00fcber die Geschichte des Ortes und der Region, den Wald vor Ort und nat\u00fcrlich auch \u00fcber die verschiedenen individuellen M\u00f6glichkeiten der Naturbestattung im RuheForst Marienthal.<\/p>\n<p>Erfahren Sie, wie dieses Betriebskonzept auf einzigartige Weise den Schutz alter Laubw\u00e4lder mit einer neuen Bestattungsform verbindet.[\/vc_column_text][vc_column_text css=&#8220;&#8220;]<\/p>\n<h3>Kontaktdaten<\/h3>\n<p><strong>B\u00fcroadresse RuheForst Marienthal:<\/strong><\/p>\n<p>Kastanienalle 13<br \/>\n06648 Eckartsberga OT Marienthal<\/p>\n<table class=\"standort-kontakt\" style=\"font-size: 16px; font-style: normal;\">\n<tbody>\n<tr>\n<td>Festnetz<\/td>\n<td>(034467) 2798 \u2013 70<\/td>\n<\/tr>\n<tr>\n<td><\/td>\n<td><\/td>\n<\/tr>\n<tr>\n<td class=\"space\" colspan=\"2\"><\/td>\n<\/tr>\n<tr>\n<td>E-Mail-Adresse:<\/td>\n<td><a href=\"mailto:info@ruheforst-marienthal.de\">info@ruheforst-marienthal.de<\/a><\/td>\n<\/tr>\n<tr>\n<td>Internet-Adresse:<\/td>\n<td><a href=\"http:\/\/www.ruheforst-marienthal.de\">www.ruheforst-marienthal.de<\/a><\/td>\n<\/tr>\n<\/tbody>\n<\/table>\n<p>[\/vc_column_text][\/vc_column][vc_column width=&#8220;1\/3&#8243;][vc_column_text css=&#8220;.vc_custom_1773671141922{padding-top: 25px !important;padding-right: 25px !important;padding-bottom: 25px !important;padding-left: 25px !important;background-color: #BFD4C2 !important;}&#8220;]<\/p>\n<h3>Termine<\/h3>\n<p>21.03.2026 um 15 Uhr<br \/>\n11.04.2026 um 15 Uhr<br \/>\n26.04.2026 um 15 Uhr \u201eMit Impulsen am Andachtsplatz\u201c<br \/>\n09.05.2026 um 15 Uhr<br \/>\n23.05.2026 um 15 Uhr<br \/>\n13.06.2026 um 15 Uhr<br \/>\n27.06.2026 um 15 Uhr<br \/>\n11.07.2026 um 15 Uhr<br \/>\n25.07.2026 um 15 Uhr<br \/>\n08.08.2026 um 15 Uhr<br \/>\n22.08.2026 um 15 Uhr<br \/>\n12.09.2026 um 15 Uhr<br \/>\n26.09.2026 um 15 Uhr<br \/>\n10.10.2026 um 15 Uhr<br \/>\n24.10.2026 um 15 Uhr<br \/>\n15.11.2026 um 14 Uhr \u201eImpuls zum Gedenken an die Verstorbenen\u201c<br \/>\n28.11.2026 um 15 Uhr<br \/>\n12.12.2026 um 15 Uhr<\/p>\n<p>Beim gemeinsamen Spaziergang lernen Sie den Wald kennen und erfahren Wissenswertes zum RuheForst-Konzept und zur Bestattung in der Natur.<\/p>\n<p>Einzelf\u00fchrungen k\u00f6nnen ebenfalls nach telefonischer Vereinbarung durchgef\u00fchrt werden.<\/p>\n<h3>Anmeldungen<\/h3>\n<p>Anmeldungen jederzeit unter<\/p>\n<p>(034467) 2798 \u2013 70<\/p>\n<h3>Treffpunkt<\/h3>\n<p>Parkplatz des RuheForstes in der Kastanienallee (N\u00e4he Reitplatz).<\/p>\n<h3>Dauer<\/h3>\n<p>ca. 1 Stunde[\/vc_column_text][\/vc_column][\/vc_row][vc_row gap=&#8220;25&#8243;][vc_column][vc_media_grid element_width=&#8220;3&#8243; css=&#8220;&#8220; grid_id=&#8220;vc_gid:1773671084623-ec424253-477d-0&#8243; include=&#8220;2408,2390,2425,2428&#8243;][\/vc_column][\/vc_row]<\/p>\n<\/div>","protected":false},"excerpt":{"rendered":"<p>[vc_row gap=&#8220;25&#8243;][vc_column][vc_column_text css=&#8220;&#8220;] F\u00fchrungen durch den RuheForst\u00ae [\/vc_column_text][\/vc_column][\/vc_row][vc_row gap=&#8220;25&#8243;][vc_column width=&#8220;2\/3&#8243;][vc_column_text css=&#8220;&#8220;]Lernen Sie den RuheForst Marienthal mit seinen zahlreichen RuheBiotopen, dem denkmalgesch\u00fctzen, historischen und einzigartigen Andachtsplatz, dem wundersch\u00f6nen naturnahen Mischwald mit&#8230; <a class=\"read-more\" href=\"https:\/\/www.ruheforst-deutschland.de\/marienthal\/fuehrungen\/\">Weiterlesen<\/a><\/p>\n","protected":false},"author":1,"featured_media":0,"parent":0,"menu_order":4,"comment_status":"closed","ping_status":"closed","template":"","meta":{"site-sidebar-layout":"no-sidebar","site-content-layout":"plain-container","ast-site-content-layout":"default","site-content-style":"default","site-sidebar-style":"default","ast-global-header-display":"","ast-banner-title-visibility":"","ast-main-header-display":"","ast-hfb-above-header-display":"","ast-hfb-below-header-display":"","ast-hfb-mobile-header-display":"","site-post-title":"disabled","ast-breadcrumbs-content":"","ast-featured-img":"disabled","footer-sml-layout":"","ast-disable-related-posts":"","theme-transparent-header-meta":"default","adv-header-id-meta":"","stick-header-meta":"","header-above-stick-meta":"","header-main-stick-meta":"","header-below-stick-meta":"","astra-migrate-meta-layouts":"set","ast-page-background-enabled":"default","ast-page-background-meta":{"desktop":{"background-color":"var(--ast-global-color-4)","background-image":"","background-repeat":"repeat","background-position":"center center","background-size":"auto","background-attachment":"scroll","background-type":"","background-media":"","overlay-type":"","overlay-color":"","overlay-opacity":"","overlay-gradient":""},"tablet":{"background-color":"","background-image":"","background-repeat":"repeat","background-position":"center center","background-size":"auto","background-attachment":"scroll","background-type":"","background-media":"","overlay-type":"","overlay-color":"","overlay-opacity":"","overlay-gradient":""},"mobile":{"background-color":"","background-image":"","background-repeat":"repeat","background-position":"center center","background-size":"auto","background-attachment":"scroll","background-type":"","background-media":"","overlay-type":"","overlay-color":"","overlay-opacity":"","overlay-gradient":""}},"ast-content-background-meta":{"desktop":{"background-color":"var(--ast-global-color-5)","background-image":"","background-repeat":"repeat","background-position":"center center","background-size":"auto","background-attachment":"scroll","background-type":"","background-media":"","overlay-type":"","overlay-color":"","overlay-opacity":"","overlay-gradient":""},"tablet":{"background-color":"var(--ast-global-color-5)","background-image":"","background-repeat":"repeat","background-position":"center center","background-size":"auto","background-attachment":"scroll","background-type":"","background-media":"","overlay-type":"","overlay-color":"","overlay-opacity":"","overlay-gradient":""},"mobile":{"background-color":"var(--ast-global-color-5)","background-image":"","background-repeat":"repeat","background-position":"center center","background-size":"auto","background-attachment":"scroll","background-type":"","background-media":"","overlay-type":"","overlay-color":"","overlay-opacity":"","overlay-gradient":""}},"footnotes":""},"class_list":["post-101","page","type-page","status-publish","hentry"],"_links":{"self":[{"href":"https:\/\/www.ruheforst-deutschland.de\/marienthal\/wp-json\/wp\/v2\/pages\/101","targetHints":{"allow":["GET"]}}],"collection":[{"href":"https:\/\/www.ruheforst-deutschland.de\/marienthal\/wp-json\/wp\/v2\/pages"}],"about":[{"href":"https:\/\/www.ruheforst-deutschland.de\/marienthal\/wp-json\/wp\/v2\/types\/page"}],"author":[{"embeddable":true,"href":"https:\/\/www.ruheforst-deutschland.de\/marienthal\/wp-json\/wp\/v2\/users\/1"}],"replies":[{"embeddable":true,"href":"https:\/\/www.ruheforst-deutschland.de\/marienthal\/wp-json\/wp\/v2\/comments?post=101"}],"version-history":[{"count":37,"href":"https:\/\/www.ruheforst-deutschland.de\/marienthal\/wp-json\/wp\/v2\/pages\/101\/revisions"}],"predecessor-version":[{"id":2701,"href":"https:\/\/www.ruheforst-deutschland.de\/marienthal\/wp-json\/wp\/v2\/pages\/101\/revisions\/2701"}],"wp:attachment":[{"href":"https:\/\/www.ruheforst-deutschland.de\/marienthal\/wp-json\/wp\/v2\/media?parent=101"}],"curies":[{"name":"wp","href":"https:\/\/api.w.org\/{rel}","templated":true}]}}