{"id":132,"date":"2024-09-04T14:51:08","date_gmt":"2024-09-04T12:51:08","guid":{"rendered":"https:\/\/www.ruheforst-deutschland.de\/ostseekueste\/?page_id=132"},"modified":"2026-03-24T17:45:54","modified_gmt":"2026-03-24T16:45:54","slug":"unsere-partner","status":"publish","type":"page","link":"https:\/\/www.ruheforst-deutschland.de\/ostseekueste\/unsere-partner\/","title":{"rendered":"Unsere Partner"},"content":{"rendered":"<div class=\"wpb-content-wrapper\"><p>[vc_row][vc_column][vc_column_text css=&#8220;&#8220;]<\/p>\n<h1>Unsere Partner<\/h1>\n<p>[\/vc_column_text][vc_column_text css=&#8220;&#8220;]Bestattungsunternehmen, Trauerrednerinnen und Trauerredner sind wichtige Ansprechpartner, die Sie bei der Organisation und Durchf\u00fchrung von Beisetzungen im RuheForst\u00ae unterst\u00fctzen. \u00dcber die Partnersuche finden Sie Kontaktdaten von unseren Partnern in der N\u00e4he des RuheForst-Standortes. Sie k\u00f6nnen nat\u00fcrlich auch ein Bestattungsunternehmen oder Trauerrednerinnen und Trauerredner w\u00e4hlen, die nicht in unserer Liste zu finden sind.\u00a0<strong>Wir arbeiten mit allen Bestatterinnen und Bestattern zusammen.<\/strong>[\/vc_column_text][vc_tta_tabs shape=&#8220;square&#8220; color=&#8220;green&#8220; active_section=&#8220;1&#8243; el_id=&#8220;partnerTabs&#8220;][vc_tta_section title=&#8220;Partner suchen&#8220; tab_id=&#8220;1725886631543-8ea9cd49-b5ba&#8220;][vc_column_text css=&#8220;&#8220;]<\/p>\n<h3>Partner suchen<\/h3>\n<p>W\u00e4hlen Sie einen PLZ-Bereich aus. Anschlie\u00dfend sehen Sie eine Liste aller registrierten Unternehmen und Personen. Diese Liste k\u00f6nnen Sie gezielt durch zus\u00e4tzliche Angaben wie Name, Ort oder genaue Postleitzahl weiter eingrenzen.[\/vc_column_text][vc_column_text css=&#8220;&#8220;]<div id=\"rf-partner-frontend\"><div id=\"rf-partner-search\"><form id=\"rf-partner-search-form\"><input type=\"text\" id=\"rf-search-name\" placeholder=\"Name oder Ort\" \/><input type=\"text\" id=\"rf-search-plz\" placeholder=\"PLZ\" id=\"plz\" maxlength=\"5\" pattern=\"\\d{5}\" inputmode=\"numeric\" \/><button type=\"button\" id=\"rf-search-reset\">X<\/button><\/form><\/div><div id=\"rf-partner-list\"><ul class=\"rf-partner-list\"><li class=\"rf-partner\">\n                            <div class=\"rf-partner-name\">Bahr &amp; Schr\u00f6der\r\nBestattungen<\/div>\n                            <div class=\"rf-partner-anschrift\">Schauenburger Str. 1<br>\n                            23758 Oldenburg\/Hostein<\/div>\n                            <div class=\"rf-partner-kontakt\">Internet: http:\/\/www.schroeder-bestattungen<br \/>\r\nE-Mail: info@schroeder-bestattungen.de<br \/>\r\nTel.: 04361 - 1441<br \/>\r\nFax: 04521 - 70890<br \/>\r\n<br \/>\r\nInternet: http:\/\/www.bahr-bestattungen.de<br \/>\r\nE-Mail: info@bahr-bestattungen.de<br \/>\r\nTel.: 04371-863656<br \/>\r\n<br \/>\r\nTag-und Nachtruf<br \/>\r\n04361-1441<\/div>\n                        <\/li><li class=\"rf-partner\">\n                            <div class=\"rf-partner-name\">Bestattungen\r\nWild &amp; Thun<\/div>\n                            <div class=\"rf-partner-anschrift\">Westpreu\u00dfenring 166<br>\n                            23569 L\u00fcbeck<\/div>\n                            <div class=\"rf-partner-kontakt\">Tel.: 0451\/ 47 99 56 03<br \/>\r\nFax: 0451\/ 47 99 56 05<br \/>\r\nInternet: http:\/\/www.wild-thun-bestattungen.de<br \/>\r\nE-Mail: info@bestattung-luebeck.de<\/div>\n                        <\/li><li class=\"rf-partner\">\n                            <div class=\"rf-partner-name\">Bestattungen Dabringhaus<\/div>\n                            <div class=\"rf-partner-anschrift\">B\u00e4ckergang 37 \/ Ecke Parkweg<br>\n                            23617 Stockelsdorf<\/div>\n                            <div class=\"rf-partner-kontakt\">Tel.: (0451) 491256<br \/>\r\nFax: (0451) 4998290<br \/>\r\nE-Mail: info@Dabringhaus.de<br \/>\r\nInternet: http:\/\/www.Dabringhaus.de<\/div>\n                        <\/li><li class=\"rf-partner\">\n                            <div class=\"rf-partner-name\">Bestattungen Dabringhaus im Thanatorium<\/div>\n                            <div class=\"rf-partner-anschrift\">B\u00e4ckergang 37<br>\n                            23617 Stockelsdorf<\/div>\n                            <div class=\"rf-partner-kontakt\">Tel.: (0451) 59 220 20<br \/>\r\nFax: (0451) 4 99 82 90<br \/>\r\nE-Mail: info@Dabringhaus.de<br \/>\r\nInternet: http:\/\/www.Dabringhaus.de<\/div>\n                        <\/li><li class=\"rf-partner\">\n                            <div class=\"rf-partner-name\">Bestattungen und\r\nTrauerhilfe\r\nAndr\u00e9 Hahn eK<\/div>\n                            <div class=\"rf-partner-anschrift\">L\u00fcbecker Str. 25<br>\n                            22949 Ammersbek<\/div>\n                            <div class=\"rf-partner-kontakt\">Tel.: 04102-23920<br \/>\r\nE-Mail: bestattungen@trauerhahn.de<br \/>\r\nInternet: http:\/\/www.trauerhahn.de<\/div>\n                        <\/li><li class=\"rf-partner\">\n                            <div class=\"rf-partner-name\">Bestattungshaus Dabringhaus\r\nam St. Lorenz Friedhof<\/div>\n                            <div class=\"rf-partner-anschrift\">Steinrader Weg 18<br>\n                            23558 L\u00fcbeck<\/div>\n                            <div class=\"rf-partner-kontakt\">Tel.: (0451) 491256<br \/>\r\nFax: (0451) 4998290<br \/>\r\nE-Mail: info@Dabringhaus.de<br \/>\r\nInternet: http:\/\/www.Dabringhaus.de<\/div>\n                        <\/li><li class=\"rf-partner\">\n                            <div class=\"rf-partner-name\">Bestattungshaus Lociks<\/div>\n                            <div class=\"rf-partner-anschrift\">Eutiner Stra\u00dfe 104<br>\n                            23689 Pansdorf<\/div>\n                            <div class=\"rf-partner-kontakt\">Tel.: 04504 \/ 1842 o. 0451 \/ 70 997 70<br \/>\r\nFax: 04504 \/ 4791<br \/>\r\nE-Mail: info@waldbestattung-lociks.de<br \/>\r\nInternet: http:\/\/www.lociks.de<\/div>\n                        <\/li><li class=\"rf-partner\">\n                            <div class=\"rf-partner-name\">Bestattungshaus Mielke<\/div>\n                            <div class=\"rf-partner-anschrift\">Wagrienring 46<br>\n                            23730 Neustadt i. H.<\/div>\n                            <div class=\"rf-partner-kontakt\">Telefon 04561 - 51010<br \/>\r\nFax: 04561 - 510150<br \/>\r\nbestattungshaus-mielke@gmx.info<br \/>\r\nhttp:\/\/www.bestattungshaus-mielke.de<\/div>\n                        <\/li><li class=\"rf-partner\">\n                            <div class=\"rf-partner-name\">Bestattungsinstitut Hecht GmbH<\/div>\n                            <div class=\"rf-partner-anschrift\">Paul-von-Sch\u00f6naich-Str. 13<br>\n                            23858 Reinfeld<\/div>\n                            <div class=\"rf-partner-kontakt\">Tel.: 04533 - 4954<br \/>\r\nFax: 04533 - 3328<br \/>\r\nE-Mail: bestattungsinstituthecht@web.de<\/div>\n                        <\/li><li class=\"rf-partner\">\n                            <div class=\"rf-partner-name\">Bestattungsunternehmen St. J\u00fcrgen<\/div>\n                            <div class=\"rf-partner-anschrift\">Krummeck 1<br>\n                            23562 L\u00fcbeck<\/div>\n                            <div class=\"rf-partner-kontakt\">Tel.: 0451 - 4869990<br \/>\r\nFax.: 0451 - 4869991<br \/>\r\nE-Mail: info@bestattungen-st-juergen.de<br \/>\r\nInternet: http:\/\/www.bestattungen-st-juergen.de<\/div>\n                        <\/li><li class=\"rf-partner\">\n                            <div class=\"rf-partner-name\">Erd-, Feuer-, Wald- und Seebestattungen\r\nBoller Hans\u00fchn<\/div>\n                            <div class=\"rf-partner-anschrift\">Rosenstrasse 5<br>\n                            23758 Hans\u00fchn<\/div>\n                            <div class=\"rf-partner-kontakt\">Tel.: 04382 - 203<br \/>\r\nFax: 04382 - 920627<br \/>\r\nInternet: http:\/\/www.boller-hansuehn.de<br \/>\r\nE-Mail: tobisa@boller-hansuehn.de<\/div>\n                        <\/li><li class=\"rf-partner\">\n                            <div class=\"rf-partner-name\">Gebr. M\u00fcter Bestattungen\r\nInh. Carsten Berend e. K.<\/div>\n                            <div class=\"rf-partner-anschrift\">M\u00fchlenstra\u00dfe 33<br>\n                            23552 L\u00fcbeck<\/div>\n                            <div class=\"rf-partner-kontakt\">Tel.: 0451 799820<br \/>\r\nFax: 0451 7063224<br \/>\r\nE-Mail: info@mueter-bestattungen.de<br \/>\r\nInternet: http:\/\/www.mueter-bestattungen.de\/<\/div>\n                        <\/li><li class=\"rf-partner\">\n                            <div class=\"rf-partner-name\">Gebr\u00fcder K\u00f6nig Bestattungen GbR<\/div>\n                            <div class=\"rf-partner-anschrift\">Westring 485 Nordfriedhof<br>\n                            24118 Kiel<\/div>\n                            <div class=\"rf-partner-kontakt\">Internet: http:\/\/www.gebrueder-koenig-bestattungen.de<br \/>\r\nTel.: 0431\/ 88864400<\/div>\n                        <\/li><li class=\"rf-partner\">\n                            <div class=\"rf-partner-name\">Gebr\u00fcder K\u00f6nig Bestattungen GbR<\/div>\n                            <div class=\"rf-partner-anschrift\">Kirchhofsallee 9<br>\n                            23730 Neustadt i.H.<\/div>\n                            <div class=\"rf-partner-kontakt\">Internet: http:\/\/www.gebrueder-koenig-bestattungen.de<br \/>\r\nTel.: 04561\/5255152<\/div>\n                        <\/li><li class=\"rf-partner\">\n                            <div class=\"rf-partner-name\">Gerrit Schwab\r\nMusiker\r\nSaxophon<\/div>\n                            <div class=\"rf-partner-anschrift\">Mittelstrasse 6<br>\n                            23558 L\u00fcbeck<\/div>\n                            <div class=\"rf-partner-kontakt\">E-Mail: gerritschwab@yahoo.de<br \/>\r\nTel.: 0176 60975324<br \/>\r\nInternet: http:\/\/www.saxophonunterricht-l\u00fcbeck.de<\/div>\n                        <\/li><li class=\"rf-partner\">\n                            <div class=\"rf-partner-name\">Hamburger Bestattungsinstitut\r\nInhaber: Sven Havemeister e.K.<\/div>\n                            <div class=\"rf-partner-anschrift\">Fuhlsb\u00fcttler Stra\u00dfe 775<br>\n                            22337 Hamburg<\/div>\n                            <div class=\"rf-partner-kontakt\">Tel.: 040 44 44 77<br \/>\r\nInternet: www.hamburger-bestattungsinstitut.de<br \/>\r\nE-Mail: info@hamburger-bestattungsinstitut.de<\/div>\n                        <\/li><li class=\"rf-partner\">\n                            <div class=\"rf-partner-name\">Landschoof Bestattungen\r\nInh. Ruediger Stief<\/div>\n                            <div class=\"rf-partner-anschrift\">Schuhstra\u00dfe 55<br>\n                            23758 Oldenburg i. H.<\/div>\n                            <div class=\"rf-partner-kontakt\">Tel.: 04361 2339<br \/>\r\nFax: 04361 2301<br \/>\r\nE-Mail: landschoof.stief@t-online.de<\/div>\n                        <\/li><li class=\"rf-partner\">\n                            <div class=\"rf-partner-name\">Musikvermittlung\r\nAlle Instrumente\r\nGerrit Gippert<\/div>\n                            <div class=\"rf-partner-anschrift\">Bei St. Johannis 32<br>\n                            23552 L\u00fcbeck<\/div>\n                            <div class=\"rf-partner-kontakt\">Tel: 0176 60975324<br \/>\r\nE-Mail: gerritschwab@yahoo.de<br \/>\r\nInternet: http:\/\/www.saxophonlehrer-l\u00fcbeck.de<\/div>\n                        <\/li><li class=\"rf-partner\">\n                            <div class=\"rf-partner-name\">R\u00fcting Bestattungen<\/div>\n                            <div class=\"rf-partner-anschrift\">Schmiedestra\u00dfe 5 - 7<br>\n                            23730 Neustadt<\/div>\n                            <div class=\"rf-partner-kontakt\">Tel.: 04561 - 44 44<br \/>\r\nFax: 04561 - 44 96<br \/>\r\nE-Mail: kontakt@rueting-bestattungen.de<br \/>\r\nInternet: http:\/\/www.rueting-bestattungen.de<\/div>\n                        <\/li><li class=\"rf-partner\">\n                            <div class=\"rf-partner-name\">Schr\u00f6der Bestattungen\r\nIn guten H\u00e4nden<\/div>\n                            <div class=\"rf-partner-anschrift\">Elisabethstra\u00dfe 35<br>\n                            23701 Eutin<\/div>\n                            <div class=\"rf-partner-kontakt\">Internet: http:\/\/www.schroeder-bestattungen.de<br \/>\r\nE-Mail: info@schroeder-bestattungen.de<br \/>\r\nTel.: 04521-2553<br \/>\r\nFax: 04521-70890<\/div>\n                        <\/li><li class=\"rf-partner\">\n                            <div class=\"rf-partner-name\">Schr\u00f6der Bestattungen<\/div>\n                            <div class=\"rf-partner-anschrift\">L\u00fctjenburger Stra\u00dfe 38<br>\n                            23714 Bad Malente<\/div>\n                            <div class=\"rf-partner-kontakt\">Internet: http:\/\/www.schroeder-bestattungen.de<br \/>\r\nE-Mail: info@schroeder-bestattungen.de<br \/>\r\nTel.: 04523-2291<br \/>\r\nFax: 0451 \/ 70890<br \/>\r\nTag-und Nachtruf<br \/>\r\n04523 \/ 2291<\/div>\n                        <\/li><li class=\"rf-partner\">\n                            <div class=\"rf-partner-name\">Schr\u00f6der Bestattungen<\/div>\n                            <div class=\"rf-partner-anschrift\">Bahnhofstra\u00dfe 4<br>\n                            23738 Lensahn<\/div>\n                            <div class=\"rf-partner-kontakt\">Internet: http:\/\/www.schroeder-bestattungen.de<br \/>\r\nE-Mail: info@schroeder.bestattungen.de<br \/>\r\nTel.:  04363-1623<br \/>\r\nFax:  04521-70890<br \/>\r\nTag-und Nachtruf<br \/>\r\n04363 - 1623<\/div>\n                        <\/li><li class=\"rf-partner\">\n                            <div class=\"rf-partner-name\">Trauerredner\r\nChristoph Krell<\/div>\n                            <div class=\"rf-partner-anschrift\">Freier Theologe-Trauerbegleiter<br>\n                            23558 L\u00fcbeck<\/div>\n                            <div class=\"rf-partner-kontakt\">Tel: 015257822222<br \/>\r\nE-Mail: christophkrell@web.de<br \/>\r\nInternet: http:\/\/www.ihr-redner.de<\/div>\n                        <\/li><li class=\"rf-partner\">\n                            <div class=\"rf-partner-name\">Trauerredner\r\nJ\u00fcrgen Brenner<\/div>\n                            <div class=\"rf-partner-anschrift\">Friedhofsallee 57<br>\n                            235554 L\u00fcbeck<\/div>\n                            <div class=\"rf-partner-kontakt\">Handy: 0171 - 475 9563<br \/>\r\nE-Mail: juergen.brenner-luebeck@t-online.de<\/div>\n                        <\/li><li class=\"rf-partner\">\n                            <div class=\"rf-partner-name\">Trauerrednerin\r\nGisa Zeiss<\/div>\n                            <div class=\"rf-partner-anschrift\">Bahnhofstr. 29<br>\n                            23769 Burg\/Fehmarn<\/div>\n                            <div class=\"rf-partner-kontakt\">Tel.: 04371-863656<br \/>\r\nE-Mail: gz@zeiss.net<br \/>\r\nInternet: http:\/\/www.trauerredner.org<\/div>\n                        <\/li><li class=\"rf-partner\">\n                            <div class=\"rf-partner-name\">Walter Ullrich + Sohn\r\nBestattungsunternehmen\r\nInh. H.-J. Bartels e.K.<\/div>\n                            <div class=\"rf-partner-anschrift\">Wilhelm-Wisser-Stra\u00dfe 3<br>\n                            23701 Eutin<\/div>\n                            <div class=\"rf-partner-kontakt\">Tel.: 0 45 21 - 28 10<br \/>\r\nFax: 0 45 21 - 7 31 91<br \/>\r\nMobil: 01 72 - 4 56 08 60<br \/>\r\nE-Mail: bestattungen-ullrich-u.-sohn@t-online.de<\/div>\n                        <\/li><\/ul><\/div><\/div>[\/vc_column_text][\/vc_tta_section][vc_tta_section title=&#8220;Partner vorschlagen&#8220; tab_id=&#8220;1725886631551-c66a4542-7948&#8243;][vc_column_text css=&#8220;&#8220;]<\/p>\n<h3>Partner vorschlagen<\/h3>\n<p>Bestattungsunternehmen, Trauerrednerinnen und Trauerredner k\u00f6nnen sich hier registrieren oder registrieren lassen, wenn sie nicht in unserer Partnerliste zu finden sind. F\u00fcllen Sie bitte alle Felder aus und klicken anschlie\u00dfend auf \u00fcbermitteln. Nachdem wir Ihre Eingaben erfolgreich gepr\u00fcft haben, wird der Eintrag freigegeben.[\/vc_column_text][vc_column_text css=&#8220;&#8220;]    <style>\n        \/* optionales visuelles Feedback *\/\n        .is-invalid { outline: 2px solid red; }\n        .is-valid   { outline: 2px solid green; }\n    <\/style>\n    <form id=\"rf-partner-submit-form\" method=\"post\">\n        <div class=\"form-row\">\n            <label for=\"kategorie\">Kategorie<\/label>\n            <select id=\"kategorie\" name=\"kategorie\" required>\n            <option value=\"\">-- Bitte w\u00e4hlen --<\/option>\n            <option value=\"Bestatter\">Bestatter<\/option>\n            <option value=\"Dienstleister\">Dienstleister<\/option>\n            <option value=\"Trauerredner\">Trauerredner<\/option>\n            <\/select>\n        <\/div>\n        <div class=\"form-row\">\n            <label for=\"name\">Name<\/label>\n            <textarea id=\"name\" name=\"name\" required><\/textarea>\n        <\/div>\n        <div class=\"form-row\">\n            <label for=\"strasse\">Stra\u00dfe<\/label>\n            <input id=\"strasse\" name=\"strasse\" type=\"text\" required>\n        <\/div>\n        <div class=\"form-row\">\n            <label for=\"plz\">PLZ<\/label>\n            <input id=\"plz\" name=\"plz\"\n                    type=\"text\"\n                    inputmode=\"numeric\"\n                    maxlength=\"5\"\n                    pattern=\"^\\d{5}$\"\n                    title=\"Bitte genau 5 Ziffern eingeben\"\n                    required>\n        <\/div>\n        <div class=\"form-row\">\n            <label for=\"ort\">Ort<\/label>\n            <input id=\"ort\" name=\"ort\" type=\"text\" required>\n        <\/div>\n        <div class=\"form-row\">\n            <label for=\"telefon\">Telefon<\/label>\n            <input id=\"telefon\" name=\"telefon\" type=\"tel\"\n                    pattern=\"[0-9\\\/+ ]{5,}\"\n                    inputmode=\"tel\"\n                    autocomplete=\"tel\"\n                    title=\"Nur Ziffern, +, \/ und Leerzeichen; mindestens 5 Ziffern\">\n        <\/div>\n        <div class=\"form-row\">\n            <label for=\"mobil\">Mobil<\/label>\n            <input id=\"mobil\" name=\"mobil\" type=\"tel\"\n                    pattern=\"[0-9\\\/+ ]{5,}\"\n                    inputmode=\"tel\"\n                    autocomplete=\"tel\"\n                    title=\"Nur Ziffern, +, \/ und Leerzeichen; mindestens 5 Ziffern\">\n        <\/div>\n        <div class=\"form-row\">\n            <label for=\"fax\">Fax<\/label>\n            <input id=\"fax\" name=\"fax\" type=\"tel\"\n                    pattern=\"[0-9\\\/+ ]{5,}\"\n                    inputmode=\"tel\"\n                    autocomplete=\"tel\"\n                    title=\"Nur Ziffern, +, \/ und Leerzeichen; mindestens 5 Ziffern\">\n        <\/div>\n        <div class=\"form-row\">\n            <label for=\"email\">E-Mail<\/label>\n            <input id=\"email\" name=\"email\" type=\"email\">\n        <\/div>\n        <div class=\"form-row\">\n            <label for=\"url\">Website<\/label>\n            <input id=\"url\" name=\"url\" type=\"url\"\n                    pattern=\"https?:\/\/.+\"\n                    title=\"Bitte eine URL mit http:\/\/ oder https:\/\/ eingeben\"\n                    placeholder=\"https:\/\/www.beispiel.de\">\n        <\/div>\n        <div class=\"form-row\"><label for=\"standort\">Standort<\/label><input type=\"hidden\" id=\"standort\" name=\"standort\" value=\"RuheForst Ostseek\u00fcste\/Brodau\"><input type=\"text\" value=\"RuheForst Ostseek\u00fcste\/Brodau\" disabled><\/div>\n        <!-- Honeypot-Feld (nicht ausf\u00fcllen) -->\n        <div style=\"display:none;\">\n            <label for=\"hp_field\">Nicht ausf\u00fcllen<\/label>\n            <input type=\"text\" id=\"hp_field\" name=\"hp_field\" value=\"\">\n        <\/div>\n\n        <!-- Sicherheits-Nonce -->\n        <input type=\"hidden\" id=\"rf_partner_nonce\" name=\"rf_partner_nonce\" value=\"fa7191a92e\" \/><input type=\"hidden\" name=\"_wp_http_referer\" value=\"\/ostseekueste\/wp-json\/wp\/v2\/pages\/132\" \/>\n        <!-- Hidden-Feld: aktiv wird immer als \"0\" \u00fcbermittelt -->\n        <input type=\"hidden\" id=\"aktiv\" name=\"aktiv\" value=\"0\">\n\n        <div class=\"form-row\">\n            <label for=\"submit\"><\/label>\n            <input type=\"submit\" value=\"Absenden\">\n        <\/div>\n    <\/form>\n    <div id=\"rf-partner-submit-message\"><\/div>\n    \n    <script>\n    (function () {\n        var form = document.getElementById('rf-partner-submit-form');\n        if (!form) return;\n\n        \/\/ Felder, die wir beobachten (alle Inputs, Textareas, Selects)\n        var fields = form.querySelectorAll('input, textarea, select');\n\n        function paint(el) {\n            \/\/ Nur einf\u00e4rben, wenn der User etwas eingegeben\/gew\u00e4hlt hat\n            var hasValue = (el.type === 'checkbox' || el.type === 'radio')\n            ? el.checked\n            : (el.value || '').trim() !== '';\n\n            var valid = el.checkValidity();\n            el.classList.toggle('is-valid',   hasValue && valid);\n            el.classList.toggle('is-invalid', hasValue && !valid);\n        }\n\n        fields.forEach(function (el) {\n            \/\/ W\u00e4hrend der Eingabe live pr\u00fcfen (ohne st\u00f6rende Bubble)\n            el.addEventListener('input', function () { paint(el); });\n\n            \/\/ Beim Verlassen auch die native Meldung zeigen, falls ung\u00fcltig\n            \/*\n            el.addEventListener('blur', function () {\n                paint(el);\n                if (!el.checkValidity() && (el.value || '').trim() !== '') {\n                    el.reportValidity();\n                }\n            });\n            *\/\n        });\n\n        \/\/ Beim Submit native Validierung nutzen\n        form.addEventListener('submit', function (e) {\n            \/\/ einmal alles f\u00e4rben\n            fields.forEach(paint);\n            if (!form.checkValidity()) {\n            e.preventDefault();\n            form.reportValidity();\n            }\n        });\n    })();\n    <\/script>\n    [\/vc_column_text][\/vc_tta_section][\/vc_tta_tabs][vc_column_text css=&#8220;&#8220;]Sollten Sie feststellen, dass ein Partnereintrag nicht vollst\u00e4ndig oder fehlerhaft ist, dann senden Sie eine Mail mit den korrekten Angaben an: <a href=\"mailto:kontakt@ruheforst.de\">kontakt@ruheforst.de<\/a>. Wir werden dann die entsprechende Berichtigung vornehmen.<\/p>\n<p>[\/vc_column_text][\/vc_column][\/vc_row]<\/p>\n<\/div>","protected":false},"excerpt":{"rendered":"<p>[vc_row][vc_column][vc_column_text css=&#8220;&#8220;] Unsere Partner [\/vc_column_text][vc_column_text css=&#8220;&#8220;]Bestattungsunternehmen, Trauerrednerinnen und Trauerredner sind wichtige Ansprechpartner, die Sie bei der Organisation und Durchf\u00fchrung von Beisetzungen im RuheForst\u00ae unterst\u00fctzen. \u00dcber die Partnersuche finden Sie Kontaktdaten&#8230; <a class=\"read-more\" href=\"https:\/\/www.ruheforst-deutschland.de\/ostseekueste\/unsere-partner\/\">Weiterlesen<\/a><\/p>\n","protected":false},"author":1,"featured_media":0,"parent":0,"menu_order":10,"comment_status":"closed","ping_status":"closed","template":"","meta":{"site-sidebar-layout":"no-sidebar","site-content-layout":"plain-container","ast-site-content-layout":"default","site-content-style":"default","site-sidebar-style":"default","ast-global-header-display":"","ast-banner-title-visibility":"","ast-main-header-display":"","ast-hfb-above-header-display":"","ast-hfb-below-header-display":"","ast-hfb-mobile-header-display":"","site-post-title":"disabled","ast-breadcrumbs-content":"","ast-featured-img":"disabled","footer-sml-layout":"","ast-disable-related-posts":"","theme-transparent-header-meta":"default","adv-header-id-meta":"","stick-header-meta":"","header-above-stick-meta":"","header-main-stick-meta":"","header-below-stick-meta":"","astra-migrate-meta-layouts":"set","ast-page-background-enabled":"default","ast-page-background-meta":{"desktop":{"background-color":"var(--ast-global-color-4)","background-image":"","background-repeat":"repeat","background-position":"center center","background-size":"auto","background-attachment":"scroll","background-type":"","background-media":"","overlay-type":"","overlay-color":"","overlay-opacity":"","overlay-gradient":""},"tablet":{"background-color":"","background-image":"","background-repeat":"repeat","background-position":"center center","background-size":"auto","background-attachment":"scroll","background-type":"","background-media":"","overlay-type":"","overlay-color":"","overlay-opacity":"","overlay-gradient":""},"mobile":{"background-color":"","background-image":"","background-repeat":"repeat","background-position":"center center","background-size":"auto","background-attachment":"scroll","background-type":"","background-media":"","overlay-type":"","overlay-color":"","overlay-opacity":"","overlay-gradient":""}},"ast-content-background-meta":{"desktop":{"background-color":"var(--ast-global-color-5)","background-image":"","background-repeat":"repeat","background-position":"center center","background-size":"auto","background-attachment":"scroll","background-type":"","background-media":"","overlay-type":"","overlay-color":"","overlay-opacity":"","overlay-gradient":""},"tablet":{"background-color":"var(--ast-global-color-5)","background-image":"","background-repeat":"repeat","background-position":"center center","background-size":"auto","background-attachment":"scroll","background-type":"","background-media":"","overlay-type":"","overlay-color":"","overlay-opacity":"","overlay-gradient":""},"mobile":{"background-color":"var(--ast-global-color-5)","background-image":"","background-repeat":"repeat","background-position":"center center","background-size":"auto","background-attachment":"scroll","background-type":"","background-media":"","overlay-type":"","overlay-color":"","overlay-opacity":"","overlay-gradient":""}},"footnotes":""},"class_list":["post-132","page","type-page","status-publish","hentry"],"_links":{"self":[{"href":"https:\/\/www.ruheforst-deutschland.de\/ostseekueste\/wp-json\/wp\/v2\/pages\/132","targetHints":{"allow":["GET"]}}],"collection":[{"href":"https:\/\/www.ruheforst-deutschland.de\/ostseekueste\/wp-json\/wp\/v2\/pages"}],"about":[{"href":"https:\/\/www.ruheforst-deutschland.de\/ostseekueste\/wp-json\/wp\/v2\/types\/page"}],"author":[{"embeddable":true,"href":"https:\/\/www.ruheforst-deutschland.de\/ostseekueste\/wp-json\/wp\/v2\/users\/1"}],"replies":[{"embeddable":true,"href":"https:\/\/www.ruheforst-deutschland.de\/ostseekueste\/wp-json\/wp\/v2\/comments?post=132"}],"version-history":[{"count":22,"href":"https:\/\/www.ruheforst-deutschland.de\/ostseekueste\/wp-json\/wp\/v2\/pages\/132\/revisions"}],"predecessor-version":[{"id":1117,"href":"https:\/\/www.ruheforst-deutschland.de\/ostseekueste\/wp-json\/wp\/v2\/pages\/132\/revisions\/1117"}],"wp:attachment":[{"href":"https:\/\/www.ruheforst-deutschland.de\/ostseekueste\/wp-json\/wp\/v2\/media?parent=132"}],"curies":[{"name":"wp","href":"https:\/\/api.w.org\/{rel}","templated":true}]}}