{"id":409,"date":"2024-09-11T15:52:59","date_gmt":"2024-09-11T13:52:59","guid":{"rendered":"https:\/\/www.ruheforst-deutschland.de\/ostseekueste\/?page_id=409"},"modified":"2024-09-11T15:56:49","modified_gmt":"2024-09-11T13:56:49","slug":"faq-allgemein","status":"publish","type":"page","link":"https:\/\/www.ruheforst-deutschland.de\/ostseekueste\/faq-allgemein\/","title":{"rendered":"FAQ Allgemein"},"content":{"rendered":"\n<h3 class=\"wp-block-heading\">Hier bekommen Sie Antworten zum Thema RuheForst<sup>\u00ae<\/sup>&nbsp;und Waldbestattungen im RuheForst<\/h3>\n\n\n\n<p>Klicken Sie einfach auf die jeweilige Frage, um die entsprechende Antwort einsehen zu k\u00f6nnen.<\/p>\n\n\n\n<div class=\"wp-block-columns is-layout-flex wp-container-core-columns-is-layout-566e7077 wp-block-columns-is-layout-flex\" style=\"padding-top:0;padding-right:0;padding-bottom:var(--wp--preset--spacing--50);padding-left:0\">\n<div class=\"wp-block-column is-layout-flow wp-block-column-is-layout-flow\">\n<h3 class=\"wp-block-heading\">Was ist ein RuheBiotop<sup>\u00ae<\/sup>?<\/h3>\n\n\n\n<p>Ein RuheBiotop ist eine Fl\u00e4che im Wald, die als Grabfl\u00e4che ausgew\u00e4hlt wird. Im Mittelpunkt befindet sich ein Naturelement, welches beispielsweise ein Baum, ein Strauch oder auch ein gro\u00dfer moos\u00fcberzogener Baumstumpf sein kann. Um dieses Naturelement herum befinden sich in der Regel bis zu 12 Grabst\u00e4tten f\u00fcr Urnen.<\/p>\n<\/div>\n\n\n\n<div class=\"wp-block-column is-layout-flow wp-block-column-is-layout-flow\">\n<figure class=\"wp-block-image size-full\"><img decoding=\"async\" src=\"https:\/\/www.ruheforst-deutschland.de\/wp-content\/uploads\/2024\/03\/BiotopUrnenkreis-klein.jpg\" alt=\"\" class=\"wp-image-805\"\/><\/figure>\n<\/div>\n<\/div>\n\n\n\n<h3 class=\"wp-block-heading\">Kann ich auch schon zu Lebzeiten ein RuheBiotop erwerben?<\/h3>\n\n\n\n<p>Viele Menschen haben den Wunsch, die Art der Beisetzung und ihre letzte Ruhest\u00e4tte selbst festzulegen. Im RuheForst ist dies m\u00f6glich: Bei einem gemeinsamen Spaziergang mit der RuheForst-Betreuerin oder dem RuheForst-Betreuer kann eine Grabst\u00e4tte ausgew\u00e4hlt werden, wo es einem am besten gef\u00e4llt. Durch die lange vertragliche Laufzeit von bis zu 99 Jahren erwerben h\u00e4ufig auch j\u00fcngere Menschen eine Ruhest\u00e4tte.<\/p>\n\n\n\n<h3 class=\"wp-block-heading\">Was ist der Unterschied zwischen einem Gemeinschafts- und einem FamilienBiotop?<\/h3>\n\n\n\n<p>An beiden RuheBiotop-Typen gibt es bis zu 12 Urnengrabst\u00e4tten. Bei einem GemeinschaftsBiotop k\u00f6nnen eine oder mehrere einzelne Beisetzungsstellen erworben werden. Bei einem FamilienBiotop erwirbt man die gesamte Grabst\u00e4tte mit allen Urnenbeisetzungsstellen f\u00fcr die Familie oder auch f\u00fcr Freunde. Ein FamilienBiotop kann \u00fcber mehrere Generationen genutzt werden k\u00f6nnen.<\/p>\n\n\n\n<h3 class=\"wp-block-heading\">Wie kann ich mir ein RuheBiotop aussuchen?<\/h3>\n\n\n\n<p>Zur RuheBiotop-Auswahl kann ein kostenloser und unverbindlicher Einzelf\u00fchrungstermin mit den RuheForst-Betreuerinnen\/-Betreuern vereinbart werden. Bei diesem Termin werden die zur Auswahl zur Verf\u00fcgung stehenden RuheBiotope gezeigt sowie Fragen zum Thema Beisetzung und Ablauf einer Trauerfeier beantwortet. Ansonsten kann ein RuheBiotop auch im Anschluss an eine allgemeine Gruppenf\u00fchrung ausgew\u00e4hlt werden. F\u00fcr Personen, die den RuheForst nicht besuchen k\u00f6nnen, w\u00e4hlen wir gerne im Auftrag ein wunschgem\u00e4\u00dfes RuheBiotop aus.<\/p>\n\n\n\n<h3 class=\"wp-block-heading\">Sind Erdbestattungen m\u00f6glich?<\/h3>\n\n\n\n<p>Im RuheForst sind nur Urnenbestattungen m\u00f6glich.<\/p>\n\n\n\n<div class=\"wp-block-columns is-layout-flex wp-container-core-columns-is-layout-566e7077 wp-block-columns-is-layout-flex\" style=\"padding-top:0;padding-right:0;padding-bottom:var(--wp--preset--spacing--50);padding-left:0\">\n<div class=\"wp-block-column is-layout-flow wp-block-column-is-layout-flow\">\n<h3 class=\"wp-block-heading\">Woraus besteht die Urne?<\/h3>\n\n\n\n<p>In einem RuheForst k\u00f6nnen grunds\u00e4tzlich nur biologisch abbaubare Urnen und Aschekapseln beigesetzt werden, welche sich innerhalb weniger Monate im Boden zersetzen.<\/p>\n<\/div>\n\n\n\n<div class=\"wp-block-column is-layout-flow wp-block-column-is-layout-flow\">\n<figure class=\"wp-block-image size-large\"><img decoding=\"async\" src=\"https:\/\/www.ruheforst-deutschland.de\/wp-content\/uploads\/2024\/03\/RF-Wingst_Urne-1500x801.jpg\" alt=\"\" class=\"wp-image-795\"\/><\/figure>\n<\/div>\n<\/div>\n\n\n\n<h3 class=\"wp-block-heading\">Ist eine Grabpflege erforderlich?<\/h3>\n\n\n\n<p>Eine Grabpflege ist im RuheForst weder n\u00f6tig noch erw\u00fcnscht: Das Erscheinungsbild des alten Laubwaldes soll erhalten bleiben; die Grabpflege \u00fcbernimmt die Natur. Verpflichtungen zur Grabgestaltung f\u00fcr die Angeh\u00f6rigen entfallen somit.<\/p>\n\n\n\n<div class=\"wp-block-columns is-layout-flex wp-container-core-columns-is-layout-566e7077 wp-block-columns-is-layout-flex\" style=\"padding-top:0;padding-right:0;padding-bottom:var(--wp--preset--spacing--50);padding-left:0\">\n<div class=\"wp-block-column is-layout-flow wp-block-column-is-layout-flow\">\n<h3 class=\"wp-block-heading\">Ist eine namentliche Kennzeichnung m\u00f6glich?<\/h3>\n\n\n\n<p>Die Anbringung von Namenstafeln mit den Namen der Verstorbenen ist m\u00f6glich; die Gr\u00f6\u00dfe und Form sind einheitlich dezent.<\/p>\n<\/div>\n\n\n\n<div class=\"wp-block-column is-layout-flow wp-block-column-is-layout-flow\">\n<figure class=\"wp-block-image size-full\"><img decoding=\"async\" src=\"https:\/\/www.ruheforst-deutschland.de\/wp-content\/uploads\/2024\/06\/RF-Namenstafeln.jpg\" alt=\"\" class=\"wp-image-1009961\"\/><\/figure>\n<\/div>\n<\/div>\n\n\n\n<h3 class=\"wp-block-heading\">Gibt es eine Einschr\u00e4nkung in Bezug auf den Wohnort?<\/h3>\n\n\n\n<p>Es gibt keine Einschr\u00e4nkungen f\u00fcr Beisetzungen im RuheForst bez\u00fcglich des letzten Wohnortes; beigesetzt werden k\u00f6nnen Menschen jeder Kommune Deutschlands und sogar weltweit. Im RuheForst haben Verstorbene aus allen Teilen Deutschlands, Europas und sogar Nord- und S\u00fcdamerikas ihre letzte Ruhe gefunden. Eine Reihe von Auswanderern hat als Vorsorgema\u00dfnahme eine Ruhest\u00e4tte in der alten Heimat, z. T. gemeinsam mit Freunden, im RuheForst ausgew\u00e4hlt.<\/p>\n\n\n\n<h3 class=\"wp-block-heading\">Was ist ein RuheForst?<\/h3>\n\n\n\n<p>Ein RuheForst ist ein Bestattungswald, der besonderen Anspr\u00fcchen gen\u00fcgt: Oft werden alte W\u00e4lder mit gesundem Laubholzbestand als RuheForst ausgew\u00e4hlt. Bevorzugt werden au\u00dferdem artenreiche Mischw\u00e4lder, die Lebensraum f\u00fcr die heimische Tierwelt bieten. Viele W\u00e4lder, in denen die RuheForste liegen, sind FSC- oder PEFC-zertifiziert und erf\u00fcllen h\u00f6chstm\u00f6gliche Standards.<\/p>\n\n\n\n<h3 class=\"wp-block-heading\">Graben Wildschweine die Urnen aus?<\/h3>\n\n\n\n<p><strong>Nein! Das leichte \u201eUmherstochern\u201c der Wildtiere zeigt nur deren Suche nach Kleinstlebewesen, d. h. Nahrung.<\/strong><\/p>\n\n\n\n<p>Die Urnen bestehen aus biologisch abbaubaren Materialien wie u. a. Holz, Lignin oder St\u00e4rke. Diese sind f\u00fcr jedwede Tiere unattraktiv. Auch die Urnenasche lockt keine Tiere an und ist ebenfalls f\u00fcr diese uninteressant. \u2013 zudem ist durch die Bestattungsgesetze i. d. R. eine Tiefe der Beisetzung auf 80 Zentimeter festgelegt.<\/p>\n\n\n\n<div style=\"height:50px\" aria-hidden=\"true\" class=\"wp-block-spacer\"><\/div>\n","protected":false},"excerpt":{"rendered":"<p>Hier bekommen Sie Antworten zum Thema RuheForst\u00ae&nbsp;und Waldbestattungen im RuheForst Klicken Sie einfach auf die jeweilige Frage, um die entsprechende Antwort einsehen zu k\u00f6nnen. Was ist ein RuheBiotop\u00ae? Ein RuheBiotop&#8230; <a class=\"read-more\" href=\"https:\/\/www.ruheforst-deutschland.de\/ostseekueste\/faq-allgemein\/\">Weiterlesen<\/a><\/p>\n","protected":false},"author":1,"featured_media":0,"parent":0,"menu_order":0,"comment_status":"closed","ping_status":"closed","template":"","meta":{"site-sidebar-layout":"default","site-content-layout":"","ast-site-content-layout":"default","site-content-style":"default","site-sidebar-style":"default","ast-global-header-display":"","ast-banner-title-visibility":"","ast-main-header-display":"","ast-hfb-above-header-display":"","ast-hfb-below-header-display":"","ast-hfb-mobile-header-display":"","site-post-title":"","ast-breadcrumbs-content":"","ast-featured-img":"","footer-sml-layout":"","ast-disable-related-posts":"","theme-transparent-header-meta":"","adv-header-id-meta":"","stick-header-meta":"","header-above-stick-meta":"","header-main-stick-meta":"","header-below-stick-meta":"","astra-migrate-meta-layouts":"default","ast-page-background-enabled":"default","ast-page-background-meta":{"desktop":{"background-color":"var(--ast-global-color-4)","background-image":"","background-repeat":"repeat","background-position":"center center","background-size":"auto","background-attachment":"scroll","background-type":"","background-media":"","overlay-type":"","overlay-color":"","overlay-opacity":"","overlay-gradient":""},"tablet":{"background-color":"","background-image":"","background-repeat":"repeat","background-position":"center center","background-size":"auto","background-attachment":"scroll","background-type":"","background-media":"","overlay-type":"","overlay-color":"","overlay-opacity":"","overlay-gradient":""},"mobile":{"background-color":"","background-image":"","background-repeat":"repeat","background-position":"center center","background-size":"auto","background-attachment":"scroll","background-type":"","background-media":"","overlay-type":"","overlay-color":"","overlay-opacity":"","overlay-gradient":""}},"ast-content-background-meta":{"desktop":{"background-color":"var(--ast-global-color-5)","background-image":"","background-repeat":"repeat","background-position":"center center","background-size":"auto","background-attachment":"scroll","background-type":"","background-media":"","overlay-type":"","overlay-color":"","overlay-opacity":"","overlay-gradient":""},"tablet":{"background-color":"var(--ast-global-color-5)","background-image":"","background-repeat":"repeat","background-position":"center center","background-size":"auto","background-attachment":"scroll","background-type":"","background-media":"","overlay-type":"","overlay-color":"","overlay-opacity":"","overlay-gradient":""},"mobile":{"background-color":"var(--ast-global-color-5)","background-image":"","background-repeat":"repeat","background-position":"center center","background-size":"auto","background-attachment":"scroll","background-type":"","background-media":"","overlay-type":"","overlay-color":"","overlay-opacity":"","overlay-gradient":""}},"footnotes":""},"class_list":["post-409","page","type-page","status-publish","hentry"],"_links":{"self":[{"href":"https:\/\/www.ruheforst-deutschland.de\/ostseekueste\/wp-json\/wp\/v2\/pages\/409","targetHints":{"allow":["GET"]}}],"collection":[{"href":"https:\/\/www.ruheforst-deutschland.de\/ostseekueste\/wp-json\/wp\/v2\/pages"}],"about":[{"href":"https:\/\/www.ruheforst-deutschland.de\/ostseekueste\/wp-json\/wp\/v2\/types\/page"}],"author":[{"embeddable":true,"href":"https:\/\/www.ruheforst-deutschland.de\/ostseekueste\/wp-json\/wp\/v2\/users\/1"}],"replies":[{"embeddable":true,"href":"https:\/\/www.ruheforst-deutschland.de\/ostseekueste\/wp-json\/wp\/v2\/comments?post=409"}],"version-history":[{"count":3,"href":"https:\/\/www.ruheforst-deutschland.de\/ostseekueste\/wp-json\/wp\/v2\/pages\/409\/revisions"}],"predecessor-version":[{"id":417,"href":"https:\/\/www.ruheforst-deutschland.de\/ostseekueste\/wp-json\/wp\/v2\/pages\/409\/revisions\/417"}],"wp:attachment":[{"href":"https:\/\/www.ruheforst-deutschland.de\/ostseekueste\/wp-json\/wp\/v2\/media?parent=409"}],"curies":[{"name":"wp","href":"https:\/\/api.w.org\/{rel}","templated":true}]}}