{"id":319,"date":"2024-09-09T16:37:32","date_gmt":"2024-09-09T14:37:32","guid":{"rendered":"https:\/\/www.ruheforst-deutschland.de\/rickenbach\/?page_id=319"},"modified":"2025-04-10T14:13:16","modified_gmt":"2025-04-10T12:13:16","slug":"ruhebiotop-erwerb-arten-und-kennzeichnung","status":"publish","type":"page","link":"https:\/\/www.ruheforst-deutschland.de\/rickenbach\/ruhebiotop-erwerb-arten-und-kennzeichnung\/","title":{"rendered":"RuheBiotop-Erwerb, -Arten und -Kennzeichnung"},"content":{"rendered":"<div class=\"wpb-content-wrapper\"><p>[vc_row][vc_column][vc_column_text css=&#8220;&#8220;]<\/p>\n<h1>Um ein RuheBiotop\u00ae zu erwerben gibt es mehrere M\u00f6glichkeiten.<\/h1>\n<p>Einerseits k\u00f6nnen Sie sich selbst im Rahmen der Vorsorge aktiv um die Auswahl und den Erwerb des Nutzungsrechts an einem RuheBiotop (Urnengrabst\u00e4tte) k\u00fcmmern, oder Ihre Angeh\u00f6rigen \u00fcbernehmen dies f\u00fcr Sie im Sterbefall. In beiden F\u00e4llen k\u00f6nnen Sie direkt Kontakt mit den Mitarbeiterinnen und Mitarbeitern des RuheForstes aufnehmen und sich im Rahmen eines Beratungsgespr\u00e4chs dar\u00fcber informieren, wie man das Nutzungsrecht an einem RuheBiotop erwerben kann und was man dabei alles beachten muss.<\/p>\n<p><strong>Um ein RuheBiotop f\u00fcr sich zu erwerben und den dazugeh\u00f6rigen Nutzungsvertrag abzuschlie\u00dfen gibt es zwei M\u00f6glichkeiten:<\/strong><\/p>\n<ol>\n<li>Man trifft sich nach Vereinbarung direkt im RuheForst zu einem gef\u00fchrten Waldspaziergang und schlie\u00dft den Erwerb mit einem unterschriebenen Nutzungsvertrag im Standortb\u00fcro ab, oder<\/li>\n<li>man beginnt die Beratung im Standortb\u00fcro, geht dann zur Baumauswahl in den Wald und schlie\u00dft den Erwerb mit einem unterschriebenen Nutzungsvertrag dann wieder im Standortb\u00fcro ab.<\/li>\n<\/ol>\n<p>Bei beiden Beratungsvarianten erh\u00e4lt man zus\u00e4tzlich vielf\u00e4ltige Informationen rund um den RuheForst und wie eine Beisetzung in einem RuheForst gestaltet werden kann.[\/vc_column_text][\/vc_column][\/vc_row][vc_row full_width=&#8220;stretch_row&#8220; css=&#8220;.vc_custom_1725896565390{margin-top: 50px !important;margin-bottom: 50px !important;padding-top: 50px !important;padding-bottom: 50px !important;background-color: #DFEBC5 !important;}&#8220;][vc_column][vc_column_text css=&#8220;&#8220;]<\/p>\n<h1>Ein RuheBiotop\u00ae als Grabst\u00e4tte<\/h1>\n<p>[\/vc_column_text][vc_row_inner gap=&#8220;25&#8243; css=&#8220;.vc_custom_1725895474840{padding: 0px !important;}&#8220;][vc_column_inner width=&#8220;2\/3&#8243;][vc_column_text css=&#8220;&#8220;]Ein RuheBiotop ist eine Stelle im Wald, die als Grabst\u00e4tte dient. In ihrem Mittelpunkt befindet sich ein Naturelement, um das sich im Kreis, in einem bestimmten Abstand, die einzelnen Urnengrabstellen befinden, wie im Bild rechts schematisch dargestellt, zu sehen ist.<\/p>\n<p>Ein Naturelement kann ein Baum, ein Strauch, ein Wurzelstubben, ein moos\u00fcberzogener Baumstumpf oder \u2026 sein. Auch neben Findlingen oder auf Lichtungen k\u00f6nnen letzte Ruhest\u00e4tten liegen.[\/vc_column_text][vc_single_image image=&#8220;347&#8243; img_size=&#8220;large&#8220; onclick=&#8220;link_image&#8220; css=&#8220;&#8220;][vc_empty_space height=&#8220;25&#8243;][vc_column_text css=&#8220;&#8220;]<\/p>\n<h3>Woher kommt der Begriff RuheBiotop f\u00fcr eine Urnengrabstellte?<\/h3>\n<p>[\/vc_column_text][vc_column_text css=&#8220;&#8220;]RuheBiotop\u00ae ist ein eigens f\u00fcr den RuheForst entwickeltes Wort. Teilt man das Wort RuheBiotop in seine Bestandteile auf, dann erhalten Sie die zwei W\u00f6rter Ruhe und Biotop.<\/p>\n<p><strong>Ruhe:<\/strong> Das Wort Ruhe bezieht sich auf den Ort der letzten Ruhest\u00e4tte, an welchem die Asche eines verstorbenen Menschen, in einer biologisch abbaubaren Urne ruht.<\/p>\n<p><strong>Biotop:<\/strong> Das Wort Biotop wird in der Biologie verwendet und steht f\u00fcr den Lebensraum einer Lebensgemeinschaft in einem bestimmten Gebiet.<\/p>\n<p>(Bio kommt vom griechischen Bios = zu Deutsch das Leben und Top kommt vom griechischen Topos = in Deutsch der Ort.)[\/vc_column_text][vc_column_text css=&#8220;.vc_custom_1726053037240{padding-top: 30px !important;padding-bottom: 50px !important;background-color: #076F32 !important;}&#8220;]<\/p>\n<blockquote><p><span style=\"color: #ffffff; font-weight: bold;\">Wird ein Mensch in einem Biotop zu seiner letzten Ruhe beigesetzt, dann entsteht ein RuheBiotop\u00ae.<\/span><\/p><\/blockquote>\n<p>[\/vc_column_text][\/vc_column_inner][vc_column_inner width=&#8220;1\/3&#8243; css=&#8220;.vc_custom_1725895743773{background-color: #EEEEEE00 !important;}&#8220;][vc_single_image image=&#8220;333&#8243; img_size=&#8220;large&#8220; onclick=&#8220;link_image&#8220; css=&#8220;&#8220;][\/vc_column_inner][\/vc_row_inner][vc_row_inner gap=&#8220;25&#8243; css=&#8220;.vc_custom_1725895474840{padding: 0px !important;}&#8220;][vc_column_inner width=&#8220;2\/3&#8243;][\/vc_column_inner][vc_column_inner width=&#8220;1\/3&#8243;][\/vc_column_inner][\/vc_row_inner][\/vc_column][\/vc_row][vc_row][vc_column][vc_column_text css=&#8220;&#8220;]<\/p>\n<h1>Kennzeichnung der RuheBiotope\u00ae<\/h1>\n<p>Die einzelnen RuheBiotope\u00ae (Urnengrabstellen) mit bis zu 18 Bestattungspl\u00e4tzen sind mit sogenannten Nummernronden gekennzeichnet und eingemessen, so dass man sie jederzeit wiederfinden kann. Wenn an dem RuheBiotop\u00ae noch Pl\u00e4tze frei sind, befinden sich hinter den Nummerronden noch farbige Kunststoffscheiben. Fehlen diese, dann ist das RuheBiotop\u00ae bereits komplett vergeben.<\/p>\n<p>Auf der schwarzen Nummernronde steht oben das Standortnamensk\u00fcrzel RRS f\u00fcr RuheForst Rickenbach im S\u00fcdschwarzwald. Darunter befindet sich die einem RuheBiotop fest zugeordnete RuheBiotop-Nummer, \u00fcber die alle Informationen zu dem RuheBiotop nachvollzogen und gepr\u00fcft werden k\u00f6nnen.[\/vc_column_text][vc_row_inner gap=&#8220;25&#8243; css=&#8220;.vc_custom_1725895474840{padding: 0px !important;}&#8220;][vc_column_inner width=&#8220;1\/4&#8243;][vc_single_image image=&#8220;265&#8243; img_size=&#8220;large&#8220; css=&#8220;&#8220;][\/vc_column_inner][vc_column_inner width=&#8220;3\/4&#8243;][vc_column_text css=&#8220;&#8220;]<\/p>\n<h4>Das GemeinschaftsBiotop\u00ae<\/h4>\n<p>An einem GemeinschaftsBiotop\u00ae k\u00f6nnen Sie einzelne oder mehrere nebeneinanderliegende Urnengrabstellen erwerben. Diese RuheBiotope\u00ae sind mit einer gelben Kunststoffscheibe gekennzeichnet.[\/vc_column_text][\/vc_column_inner][\/vc_row_inner][vc_row_inner gap=&#8220;25&#8243; css=&#8220;.vc_custom_1725895474840{padding: 0px !important;}&#8220;][vc_column_inner width=&#8220;1\/4&#8243;][vc_single_image image=&#8220;264&#8243; img_size=&#8220;large&#8220; css=&#8220;&#8220;][\/vc_column_inner][vc_column_inner width=&#8220;3\/4&#8243;][vc_column_text css=&#8220;&#8220;]<\/p>\n<h4>Das Familien-\/FreundschaftsBiotop\u00ae<\/h4>\n<p>An einem Familien-\/FreundschaftsBiotop\u00ae erwerben Sie 12 Urnengrabstellen, die durch Sie frei vergeben werden k\u00f6nnen. Diese RuheBiotope\u00ae sind mit einer blauen Kunststoffscheibe gekennzeichnet.[\/vc_column_text][\/vc_column_inner][\/vc_row_inner][vc_row_inner gap=&#8220;25&#8243; css=&#8220;.vc_custom_1725895474840{padding: 0px !important;}&#8220;][vc_column_inner width=&#8220;1\/4&#8243;][vc_single_image image=&#8220;353&#8243; img_size=&#8220;large&#8220; css=&#8220;&#8220;][\/vc_column_inner][vc_column_inner width=&#8220;3\/4&#8243;][vc_column_text css=&#8220;&#8220;]<\/p>\n<h4>Das RegebogenBiotop\u00ae f\u00fcr Sternenkinder<\/h4>\n<p>Eltern, die ihr Kind durch Fehl- oder Totgeburt verloren haben, k\u00f6nnen ihr Sternenkind in unserem RegenbogenBiotop\u00ae bestatten und so w\u00fcrdevoll Abschied nehmen. RegenbogenBiotope\u00ae werden in unserem RuheForst\u00ae unentgeltlich zur Verf\u00fcgung gestellt. Es wird lediglich das Beisetzungsentgelt berechnet.[\/vc_column_text][vc_column_text css=&#8220;&#8220;]<img loading=\"lazy\" decoding=\"async\" class=\"alignright wp-image-375 size-medium\" src=\"https:\/\/www.ruheforst-deutschland.de\/rickenbach\/wp-content\/uploads\/sites\/6\/2024\/09\/Regenbogenbiotop-Schild-300x177.jpg\" alt=\"\" width=\"300\" height=\"177\" srcset=\"https:\/\/www.ruheforst-deutschland.de\/rickenbach\/wp-content\/uploads\/sites\/6\/2024\/09\/Regenbogenbiotop-Schild-300x177.jpg 300w, https:\/\/www.ruheforst-deutschland.de\/rickenbach\/wp-content\/uploads\/sites\/6\/2024\/09\/Regenbogenbiotop-Schild-1000x591.jpg 1000w, https:\/\/www.ruheforst-deutschland.de\/rickenbach\/wp-content\/uploads\/sites\/6\/2024\/09\/Regenbogenbiotop-Schild-768x454.jpg 768w, https:\/\/www.ruheforst-deutschland.de\/rickenbach\/wp-content\/uploads\/sites\/6\/2024\/09\/Regenbogenbiotop-Schild-1024x605.jpg 1024w, https:\/\/www.ruheforst-deutschland.de\/rickenbach\/wp-content\/uploads\/sites\/6\/2024\/09\/Regenbogenbiotop-Schild.jpg 1500w\" sizes=\"auto, (max-width: 300px) 100vw, 300px\" \/>Das RegenbogenBiotop ist wie die anderen RuheBiotope ebenfalls mit einer Nummernronde versehen. Anstatt der farbigen Kunststoffscheiben findet man aber eine kleine Metalltafel mit dem Regenbogensymbol.[\/vc_column_text][\/vc_column_inner][\/vc_row_inner][vc_empty_space height=&#8220;75&#8243;][\/vc_column][\/vc_row]<\/p>\n<\/div>","protected":false},"excerpt":{"rendered":"<p>[vc_row][vc_column][vc_column_text css=&#8220;&#8220;] Um ein RuheBiotop\u00ae zu erwerben gibt es mehrere M\u00f6glichkeiten. Einerseits k\u00f6nnen Sie sich selbst im Rahmen der Vorsorge aktiv um die Auswahl und den Erwerb des Nutzungsrechts an&#8230; <a class=\"read-more\" href=\"https:\/\/www.ruheforst-deutschland.de\/rickenbach\/ruhebiotop-erwerb-arten-und-kennzeichnung\/\">Weiterlesen<\/a><\/p>\n","protected":false},"author":1,"featured_media":0,"parent":0,"menu_order":0,"comment_status":"closed","ping_status":"closed","template":"","meta":{"site-sidebar-layout":"no-sidebar","site-content-layout":"plain-container","ast-site-content-layout":"default","site-content-style":"default","site-sidebar-style":"default","ast-global-header-display":"","ast-banner-title-visibility":"","ast-main-header-display":"","ast-hfb-above-header-display":"","ast-hfb-below-header-display":"","ast-hfb-mobile-header-display":"","site-post-title":"disabled","ast-breadcrumbs-content":"","ast-featured-img":"disabled","footer-sml-layout":"","ast-disable-related-posts":"","theme-transparent-header-meta":"default","adv-header-id-meta":"","stick-header-meta":"","header-above-stick-meta":"","header-main-stick-meta":"","header-below-stick-meta":"","astra-migrate-meta-layouts":"set","ast-page-background-enabled":"default","ast-page-background-meta":{"desktop":{"background-color":"var(--ast-global-color-4)","background-image":"","background-repeat":"repeat","background-position":"center center","background-size":"auto","background-attachment":"scroll","background-type":"","background-media":"","overlay-type":"","overlay-color":"","overlay-opacity":"","overlay-gradient":""},"tablet":{"background-color":"","background-image":"","background-repeat":"repeat","background-position":"center center","background-size":"auto","background-attachment":"scroll","background-type":"","background-media":"","overlay-type":"","overlay-color":"","overlay-opacity":"","overlay-gradient":""},"mobile":{"background-color":"","background-image":"","background-repeat":"repeat","background-position":"center center","background-size":"auto","background-attachment":"scroll","background-type":"","background-media":"","overlay-type":"","overlay-color":"","overlay-opacity":"","overlay-gradient":""}},"ast-content-background-meta":{"desktop":{"background-color":"var(--ast-global-color-5)","background-image":"","background-repeat":"repeat","background-position":"center center","background-size":"auto","background-attachment":"scroll","background-type":"","background-media":"","overlay-type":"","overlay-color":"","overlay-opacity":"","overlay-gradient":""},"tablet":{"background-color":"var(--ast-global-color-5)","background-image":"","background-repeat":"repeat","background-position":"center center","background-size":"auto","background-attachment":"scroll","background-type":"","background-media":"","overlay-type":"","overlay-color":"","overlay-opacity":"","overlay-gradient":""},"mobile":{"background-color":"var(--ast-global-color-5)","background-image":"","background-repeat":"repeat","background-position":"center center","background-size":"auto","background-attachment":"scroll","background-type":"","background-media":"","overlay-type":"","overlay-color":"","overlay-opacity":"","overlay-gradient":""}},"footnotes":""},"class_list":["post-319","page","type-page","status-publish","hentry"],"_links":{"self":[{"href":"https:\/\/www.ruheforst-deutschland.de\/rickenbach\/wp-json\/wp\/v2\/pages\/319","targetHints":{"allow":["GET"]}}],"collection":[{"href":"https:\/\/www.ruheforst-deutschland.de\/rickenbach\/wp-json\/wp\/v2\/pages"}],"about":[{"href":"https:\/\/www.ruheforst-deutschland.de\/rickenbach\/wp-json\/wp\/v2\/types\/page"}],"author":[{"embeddable":true,"href":"https:\/\/www.ruheforst-deutschland.de\/rickenbach\/wp-json\/wp\/v2\/users\/1"}],"replies":[{"embeddable":true,"href":"https:\/\/www.ruheforst-deutschland.de\/rickenbach\/wp-json\/wp\/v2\/comments?post=319"}],"version-history":[{"count":32,"href":"https:\/\/www.ruheforst-deutschland.de\/rickenbach\/wp-json\/wp\/v2\/pages\/319\/revisions"}],"predecessor-version":[{"id":520,"href":"https:\/\/www.ruheforst-deutschland.de\/rickenbach\/wp-json\/wp\/v2\/pages\/319\/revisions\/520"}],"wp:attachment":[{"href":"https:\/\/www.ruheforst-deutschland.de\/rickenbach\/wp-json\/wp\/v2\/media?parent=319"}],"curies":[{"name":"wp","href":"https:\/\/api.w.org\/{rel}","templated":true}]}}