{"id":101,"date":"2024-09-04T14:22:24","date_gmt":"2024-09-04T12:22:24","guid":{"rendered":"https:\/\/www.ruheforst-deutschland.de\/segeberger-heide\/?page_id=101"},"modified":"2026-03-24T07:38:29","modified_gmt":"2026-03-24T06:38:29","slug":"fuehrungen","status":"publish","type":"page","link":"https:\/\/www.ruheforst-deutschland.de\/segeberger-heide\/fuehrungen\/","title":{"rendered":"F\u00fchrungen"},"content":{"rendered":"<div class=\"wpb-content-wrapper\"><p>[vc_row gap=&#8220;25&#8243;][vc_column][vc_column_text css=&#8220;&#8220;]<\/p>\n<h1>F\u00fchrungen durch den RuheForst\u00ae<\/h1>\n<p>[\/vc_column_text][\/vc_column][\/vc_row][vc_row gap=&#8220;25&#8243;][vc_column width=&#8220;2\/3&#8243;][vc_column_text css=&#8220;&#8220;]Wir laden Sie herzlich zu unseren kostenlosen F\u00fchrungen ein.<\/p>\n<p>W\u00e4hrend einer Waldf\u00fchrung mit dem F\u00f6rster haben Sie die M\u00f6glichkeit, sich n\u00e4her \u00fcber diese Bestattungsform, aber auch die \u00f6kologische Waldwirtschaft im Segeberger Forst-Hartenholm zu informieren.[\/vc_column_text][vc_column_text css=&#8220;&#8220;]<\/p>\n<h3>Kontaktdaten<\/h3>\n<p><strong>RuheForst\u00ae B\u00fcroadresse<\/strong><\/p>\n<p>Landwirtschaftskammer Schleswig-Holstein<br \/>\nWaldbestattung<br \/>\nHamburger Stra\u00dfe 115<br \/>\n23795 Bad Segeberg<\/p>\n<table class=\"standort-kontakt\" style=\"font-size: 16px; font-style: normal;\">\n<tbody>\n<tr>\n<td style=\"vertical-align: top;\">Festnetz<\/td>\n<td>+49 04551 95 98 &#8211; 45<\/td>\n<\/tr>\n<tr>\n<td class=\"space\" colspan=\"2\"><\/td>\n<\/tr>\n<tr>\n<td>E-Mail-Adresse:<\/td>\n<td><a href=\"mailto:info@ruheforst-segebergerheide.de\">info@ruheforst-segebergerheide.de<\/a><\/td>\n<\/tr>\n<tr>\n<td><\/td>\n<td><\/td>\n<\/tr>\n<\/tbody>\n<\/table>\n<p>[\/vc_column_text][\/vc_column][vc_column width=&#8220;1\/3&#8243;][vc_column_text css=&#8220;.vc_custom_1774334307934{padding-top: 25px !important;padding-right: 25px !important;padding-bottom: 25px !important;padding-left: 25px !important;background-color: #BFD4C2 !important;}&#8220;]<\/p>\n<h3>Termine<\/h3>\n<table class=\"table-termine\">\n<tbody>\n<tr>\n<td>Samstag, 11. April 2026<\/td>\n<td><\/td>\n<td><\/td>\n<\/tr>\n<tr>\n<td>Samstag, 09. Mai 2026<\/td>\n<td><\/td>\n<td><\/td>\n<\/tr>\n<tr>\n<td>Samstag, 06. Juni 2026<\/td>\n<td><\/td>\n<td><\/td>\n<\/tr>\n<tr>\n<td>Samstag, 04. Juli 2026<\/td>\n<td><\/td>\n<td><\/td>\n<\/tr>\n<tr>\n<td>Samstag, 01. August 2026<\/td>\n<td><\/td>\n<td><\/td>\n<\/tr>\n<tr>\n<td>Samstag, 05. September 2026<\/td>\n<td><\/td>\n<td><\/td>\n<\/tr>\n<tr>\n<td>Samstag, 10. Oktober 2026<\/td>\n<td><\/td>\n<\/tr>\n<tr>\n<td>Samstag, 07. November 2026<\/td>\n<\/tr>\n<tr>\n<td>Samstag, 05. Dezember 2026<\/td>\n<\/tr>\n<tr>\n<td>jeweils um 14:30 Uhr<\/td>\n<\/tr>\n<\/tbody>\n<\/table>\n<h3>Anmeldungen<\/h3>\n<p>Anmeldungen zu den Gruppenf\u00fchrungen bitte unter Telefon (04551) 95 98 \u2013 45.<\/p>\n<h3>Treffpunkt<\/h3>\n<p>RuheForst<sup>\u00ae<\/sup>-Parkplatz gegen\u00fcber von M\u00fchlenstra\u00dfe 10, kurz vorm Ortseingang Hartenholm.[\/vc_column_text][\/vc_column][\/vc_row][vc_row gap=&#8220;25&#8243;][vc_column][vc_media_grid element_width=&#8220;3&#8243; css=&#8220;&#8220; grid_id=&#8220;vc_gid:1774334297360-01b18b5f-2158-8&#8243; include=&#8220;1855,1856,1857,1859,1860,1861,1862,1838&#8243;][\/vc_column][\/vc_row]<\/p>\n<\/div>","protected":false},"excerpt":{"rendered":"<p>[vc_row gap=&#8220;25&#8243;][vc_column][vc_column_text css=&#8220;&#8220;] F\u00fchrungen durch den RuheForst\u00ae [\/vc_column_text][\/vc_column][\/vc_row][vc_row gap=&#8220;25&#8243;][vc_column width=&#8220;2\/3&#8243;][vc_column_text css=&#8220;&#8220;]Wir laden Sie herzlich zu unseren kostenlosen F\u00fchrungen ein. W\u00e4hrend einer Waldf\u00fchrung mit dem F\u00f6rster haben Sie die M\u00f6glichkeit, sich&#8230; <a class=\"read-more\" href=\"https:\/\/www.ruheforst-deutschland.de\/segeberger-heide\/fuehrungen\/\">Weiterlesen<\/a><\/p>\n","protected":false},"author":1,"featured_media":0,"parent":0,"menu_order":4,"comment_status":"closed","ping_status":"closed","template":"","meta":{"site-sidebar-layout":"no-sidebar","site-content-layout":"plain-container","ast-site-content-layout":"default","site-content-style":"default","site-sidebar-style":"default","ast-global-header-display":"","ast-banner-title-visibility":"","ast-main-header-display":"","ast-hfb-above-header-display":"","ast-hfb-below-header-display":"","ast-hfb-mobile-header-display":"","site-post-title":"disabled","ast-breadcrumbs-content":"","ast-featured-img":"disabled","footer-sml-layout":"","ast-disable-related-posts":"","theme-transparent-header-meta":"default","adv-header-id-meta":"","stick-header-meta":"","header-above-stick-meta":"","header-main-stick-meta":"","header-below-stick-meta":"","astra-migrate-meta-layouts":"set","ast-page-background-enabled":"default","ast-page-background-meta":{"desktop":{"background-color":"var(--ast-global-color-4)","background-image":"","background-repeat":"repeat","background-position":"center center","background-size":"auto","background-attachment":"scroll","background-type":"","background-media":"","overlay-type":"","overlay-color":"","overlay-opacity":"","overlay-gradient":""},"tablet":{"background-color":"","background-image":"","background-repeat":"repeat","background-position":"center center","background-size":"auto","background-attachment":"scroll","background-type":"","background-media":"","overlay-type":"","overlay-color":"","overlay-opacity":"","overlay-gradient":""},"mobile":{"background-color":"","background-image":"","background-repeat":"repeat","background-position":"center center","background-size":"auto","background-attachment":"scroll","background-type":"","background-media":"","overlay-type":"","overlay-color":"","overlay-opacity":"","overlay-gradient":""}},"ast-content-background-meta":{"desktop":{"background-color":"var(--ast-global-color-5)","background-image":"","background-repeat":"repeat","background-position":"center center","background-size":"auto","background-attachment":"scroll","background-type":"","background-media":"","overlay-type":"","overlay-color":"","overlay-opacity":"","overlay-gradient":""},"tablet":{"background-color":"var(--ast-global-color-5)","background-image":"","background-repeat":"repeat","background-position":"center center","background-size":"auto","background-attachment":"scroll","background-type":"","background-media":"","overlay-type":"","overlay-color":"","overlay-opacity":"","overlay-gradient":""},"mobile":{"background-color":"var(--ast-global-color-5)","background-image":"","background-repeat":"repeat","background-position":"center center","background-size":"auto","background-attachment":"scroll","background-type":"","background-media":"","overlay-type":"","overlay-color":"","overlay-opacity":"","overlay-gradient":""}},"footnotes":""},"class_list":["post-101","page","type-page","status-publish","hentry"],"_links":{"self":[{"href":"https:\/\/www.ruheforst-deutschland.de\/segeberger-heide\/wp-json\/wp\/v2\/pages\/101","targetHints":{"allow":["GET"]}}],"collection":[{"href":"https:\/\/www.ruheforst-deutschland.de\/segeberger-heide\/wp-json\/wp\/v2\/pages"}],"about":[{"href":"https:\/\/www.ruheforst-deutschland.de\/segeberger-heide\/wp-json\/wp\/v2\/types\/page"}],"author":[{"embeddable":true,"href":"https:\/\/www.ruheforst-deutschland.de\/segeberger-heide\/wp-json\/wp\/v2\/users\/1"}],"replies":[{"embeddable":true,"href":"https:\/\/www.ruheforst-deutschland.de\/segeberger-heide\/wp-json\/wp\/v2\/comments?post=101"}],"version-history":[{"count":39,"href":"https:\/\/www.ruheforst-deutschland.de\/segeberger-heide\/wp-json\/wp\/v2\/pages\/101\/revisions"}],"predecessor-version":[{"id":2019,"href":"https:\/\/www.ruheforst-deutschland.de\/segeberger-heide\/wp-json\/wp\/v2\/pages\/101\/revisions\/2019"}],"wp:attachment":[{"href":"https:\/\/www.ruheforst-deutschland.de\/segeberger-heide\/wp-json\/wp\/v2\/media?parent=101"}],"curies":[{"name":"wp","href":"https:\/\/api.w.org\/{rel}","templated":true}]}}