{"id":126,"date":"2024-09-04T14:48:53","date_gmt":"2024-09-04T12:48:53","guid":{"rendered":"https:\/\/www.ruheforst-deutschland.de\/segeberger-heide\/?page_id=126"},"modified":"2026-03-22T16:27:47","modified_gmt":"2026-03-22T15:27:47","slug":"anfahrt","status":"publish","type":"page","link":"https:\/\/www.ruheforst-deutschland.de\/segeberger-heide\/anfahrt\/","title":{"rendered":"Anfahrt"},"content":{"rendered":"<div class=\"wpb-content-wrapper\"><p>[vc_row][vc_column][vc_column_text css=&#8220;&#8220;]<\/p>\n<h1>Anfahrt<\/h1>\n<p>[\/vc_column_text][vc_row_inner gap=&#8220;25&#8243; css=&#8220;.vc_custom_1725978475409{padding: 0px !important;}&#8220;][vc_column_inner width=&#8220;1\/3&#8243;][vc_column_text css=&#8220;&#8220;]<\/p>\n<h2>So finden Sie den RuheForst Segeberger Heide:<\/h2>\n<h3>von Norden oder S\u00fcden:<\/h3>\n<p>\u00dcber Autobahn A7 bis Autobahn-Ausfahrt Bad Bramstedt, danach Richtung Bad Segeberg auf der B 206 (\u00fcber Hasenmoor, Fuhlenr\u00fce). Ca. 400 m nach Fuhlenr\u00fce rechts Richtung Hartenholm abbiegen. Der Vorfahrtstra\u00dfe ca. 3 km folgen und dann nach rechts Richtung Kaltenkirchen abbiegen. Nach 200 m links auf den RuheForst<sup>\u00ae<\/sup>-Parkplatz einbiegen.<br \/>\nEingabe f\u00fcr Ihr Navigationsger\u00e4t: M\u00fchlenstra\u00dfe 10 in 24628 Hartenholm (liegt gegen\u00fcber dem RuheForst-Parkplatz).<\/p>\n<h3>von Osten:<\/h3>\n<p>\u00dcber Autobahn A 21 (B 404) bis Ausfahrt Bad Segeberg (12), anschlie\u00dfend Richtung Bad Bramstedt auf der B 206 (\u00fcber Rotenhahn, Wittenborn, Schafhaus, Bockhorn). Nach 15 km links ab nach Hartenholm. Nach dem Ortsschild 1.000 m links auf den RuheForst<sup>\u00ae<\/sup>-Parkplatz einbiegen.<br \/>\nEingabe f\u00fcr Ihr Navigationsger\u00e4t: M\u00fchlenstra\u00dfe 10 in 24628 Hartenholm (liegt gegen\u00fcber dem RuheForst-Parkplatz).<\/p>\n<h3>Mit Bus und Bahn:<\/h3>\n<p>Bis Bahnhof Kaltenkirchen bzw. Bad Segeberg, weiter mit dem Taxi oder ab dem Bahnhof Kaltenkirchen mit der Buslinie 7950 bis zur Haltestelle in der Dorfstra\u00dfe in Hartenholm. Von dort sind es ungef\u00e4hr noch 200 m Fu\u00dfweg bis zum RuheForst.<\/p>\n<h3>Eingabe Navigation:<\/h3>\n<ul>\n<li>RuheForst Segeberger Heide \/ Hartenholm, M\u00fchlstr. 10, 24628 Hartenholm<\/li>\n<li>Koordinaten: 53.89620, 10.06593<\/li>\n<\/ul>\n<h3><\/h3>\n<p>[\/vc_column_text][vc_single_image image=&#8220;1725&#8243; img_size=&#8220;medium&#8220; css=&#8220;&#8220;][\/vc_column_inner][vc_column_inner width=&#8220;2\/3&#8243;][vc_gmaps link=&#8220;#E-8_JTNDaWZyYW1lJTIwc3JjJTNEJTIyaHR0cHMlM0ElMkYlMkZ3d3cuZ29vZ2xlLmNvbSUyRm1hcHMlMkZlbWJlZCUzRnBiJTNEJTIxMW0xOCUyMTFtMTIlMjExbTMlMjExZDIzNTEuMDA5NzIyNTAwOTA3NiUyMTJkMTAuMDYzMzU4MDc3MDgwMDQ1JTIxM2Q1My44OTYwMzExMzM0NTIzNCUyMTJtMyUyMTFmMCUyMTJmMCUyMTNmMCUyMTNtMiUyMTFpMTAyNCUyMTJpNzY4JTIxNGYxMy4xJTIxM20zJTIxMW0yJTIxMXMweDQ3YjIzMDlkZWVhYTAwOGQlMjUzQTB4YzgxNmRmOGMyYzBjNjVhZiUyMTJzUnVoZUZvcnN0JTI1MjBTZWdlYmVyZ2VyJTI1MjBIZWlkZSUyNTJGJTI1MjBIYXJ0ZW5ob2xtJTIxNWUwJTIxM20yJTIxMXNkZSUyMTJzZGUlMjE0djE3NjUzNTk4NjYyNTMlMjE1bTIlMjExc2RlJTIxMnNkZSUyMiUyMHdpZHRoJTNEJTIyMTAwJTI1JTIyJTIwaGVpZ2h0JTNEJTIyNTUwJTIyJTIwc3R5bGUlM0QlMjJib3JkZXIlM0EwJTNCJTIyJTIwYWxsb3dmdWxsc2NyZWVuJTNEJTIyJTIyJTIwbG9hZGluZyUzRCUyMmxhenklMjIlMjByZWZlcnJlcnBvbGljeSUzRCUyMm5vLXJlZmVycmVyLXdoZW4tZG93bmdyYWRlJTIyJTNFJTNDJTJGaWZyYW1lJTNFJTBBJTBB&#8220; css=&#8220;&#8220;][\/vc_column_inner][\/vc_row_inner][\/vc_column][\/vc_row]<\/p>\n<\/div>","protected":false},"excerpt":{"rendered":"<p>[vc_row][vc_column][vc_column_text css=&#8220;&#8220;] Anfahrt [\/vc_column_text][vc_row_inner gap=&#8220;25&#8243; css=&#8220;.vc_custom_1725978475409{padding: 0px !important;}&#8220;][vc_column_inner width=&#8220;1\/3&#8243;][vc_column_text css=&#8220;&#8220;] So finden Sie den RuheForst Segeberger Heide: von Norden oder S\u00fcden: \u00dcber Autobahn A7 bis Autobahn-Ausfahrt Bad Bramstedt, danach Richtung&#8230; <a class=\"read-more\" href=\"https:\/\/www.ruheforst-deutschland.de\/segeberger-heide\/anfahrt\/\">Weiterlesen<\/a><\/p>\n","protected":false},"author":1,"featured_media":0,"parent":0,"menu_order":7,"comment_status":"closed","ping_status":"closed","template":"","meta":{"site-sidebar-layout":"no-sidebar","site-content-layout":"plain-container","ast-site-content-layout":"default","site-content-style":"default","site-sidebar-style":"default","ast-global-header-display":"","ast-banner-title-visibility":"","ast-main-header-display":"","ast-hfb-above-header-display":"","ast-hfb-below-header-display":"","ast-hfb-mobile-header-display":"","site-post-title":"disabled","ast-breadcrumbs-content":"","ast-featured-img":"disabled","footer-sml-layout":"","ast-disable-related-posts":"","theme-transparent-header-meta":"default","adv-header-id-meta":"","stick-header-meta":"","header-above-stick-meta":"","header-main-stick-meta":"","header-below-stick-meta":"","astra-migrate-meta-layouts":"set","ast-page-background-enabled":"default","ast-page-background-meta":{"desktop":{"background-color":"var(--ast-global-color-4)","background-image":"","background-repeat":"repeat","background-position":"center center","background-size":"auto","background-attachment":"scroll","background-type":"","background-media":"","overlay-type":"","overlay-color":"","overlay-opacity":"","overlay-gradient":""},"tablet":{"background-color":"","background-image":"","background-repeat":"repeat","background-position":"center center","background-size":"auto","background-attachment":"scroll","background-type":"","background-media":"","overlay-type":"","overlay-color":"","overlay-opacity":"","overlay-gradient":""},"mobile":{"background-color":"","background-image":"","background-repeat":"repeat","background-position":"center center","background-size":"auto","background-attachment":"scroll","background-type":"","background-media":"","overlay-type":"","overlay-color":"","overlay-opacity":"","overlay-gradient":""}},"ast-content-background-meta":{"desktop":{"background-color":"var(--ast-global-color-5)","background-image":"","background-repeat":"repeat","background-position":"center center","background-size":"auto","background-attachment":"scroll","background-type":"","background-media":"","overlay-type":"","overlay-color":"","overlay-opacity":"","overlay-gradient":""},"tablet":{"background-color":"var(--ast-global-color-5)","background-image":"","background-repeat":"repeat","background-position":"center center","background-size":"auto","background-attachment":"scroll","background-type":"","background-media":"","overlay-type":"","overlay-color":"","overlay-opacity":"","overlay-gradient":""},"mobile":{"background-color":"var(--ast-global-color-5)","background-image":"","background-repeat":"repeat","background-position":"center center","background-size":"auto","background-attachment":"scroll","background-type":"","background-media":"","overlay-type":"","overlay-color":"","overlay-opacity":"","overlay-gradient":""}},"footnotes":""},"class_list":["post-126","page","type-page","status-publish","hentry"],"_links":{"self":[{"href":"https:\/\/www.ruheforst-deutschland.de\/segeberger-heide\/wp-json\/wp\/v2\/pages\/126","targetHints":{"allow":["GET"]}}],"collection":[{"href":"https:\/\/www.ruheforst-deutschland.de\/segeberger-heide\/wp-json\/wp\/v2\/pages"}],"about":[{"href":"https:\/\/www.ruheforst-deutschland.de\/segeberger-heide\/wp-json\/wp\/v2\/types\/page"}],"author":[{"embeddable":true,"href":"https:\/\/www.ruheforst-deutschland.de\/segeberger-heide\/wp-json\/wp\/v2\/users\/1"}],"replies":[{"embeddable":true,"href":"https:\/\/www.ruheforst-deutschland.de\/segeberger-heide\/wp-json\/wp\/v2\/comments?post=126"}],"version-history":[{"count":17,"href":"https:\/\/www.ruheforst-deutschland.de\/segeberger-heide\/wp-json\/wp\/v2\/pages\/126\/revisions"}],"predecessor-version":[{"id":2007,"href":"https:\/\/www.ruheforst-deutschland.de\/segeberger-heide\/wp-json\/wp\/v2\/pages\/126\/revisions\/2007"}],"wp:attachment":[{"href":"https:\/\/www.ruheforst-deutschland.de\/segeberger-heide\/wp-json\/wp\/v2\/media?parent=126"}],"curies":[{"name":"wp","href":"https:\/\/api.w.org\/{rel}","templated":true}]}}