{"id":195,"date":"2024-09-04T15:20:32","date_gmt":"2024-09-04T13:20:32","guid":{"rendered":"https:\/\/www.ruheforst-deutschland.de\/segeberger-heide\/datenschutzerklaerung\/"},"modified":"2024-09-04T15:21:16","modified_gmt":"2024-09-04T13:21:16","slug":"datenschutzerklaerung","status":"publish","type":"page","link":"https:\/\/www.ruheforst-deutschland.de\/segeberger-heide\/datenschutzerklaerung\/","title":{"rendered":"Datenschutzerkl\u00e4rung"},"content":{"rendered":"\n<p><strong>\u00a7 1 Information \u00fcber die Erhebung personenbezogener Daten<\/strong><br>(1) Im Folgenden informieren wir \u00fcber die Erhebung personenbezogener Daten bei Nutzung unserer Website. Personenbezogene Daten sind alle Daten, die auf Sie pers\u00f6nlich beziehbar sind, z. B. Name, Adresse, E-Mail-Adressen, Nutzerverhalten.<\/p>\n\n\n\n<p>(2) Verantwortlicher gem. Art. 4 Abs. 7 EU-Datenschutz-Grundverordnung (DS-GVO) ist:<\/p>\n\n\n\n<p>RuheForst GmbH<br>An der Sang 30<br>57271 Hilchenbach<br>Gesch\u00e4ftsf\u00fchrer: Jost Arnold<br>E-Mail: kontakt@ruheforst.de<\/p>\n\n\n\n<p>(3) Bei Ihrer Kontaktaufnahme mit uns per E-Mail oder \u00fcber ein Kontaktformular werden die von Ihnen mitgeteilten Daten von uns gespeichert, um Ihre Fragen zu beantworten. Die in diesem Zusammenhang anfallenden Daten (z.B. E-Mail \u2013 Adressen, Name und Anschrift oder ggfls. Ihre Telefonnummer) l\u00f6schen wir, nachdem die Speicherung nicht mehr erforderlich ist, oder schr\u00e4nken die Verarbeitung ein, falls gesetzliche Aufbewahrungspflichten bestehen.<\/p>\n\n\n\n<p><strong>\u00a7 2 Ihre Rechte<\/strong><br>(1) Sie haben gegen\u00fcber uns folgende Rechte hinsichtlich der Sie betreffenden personenbezogenen Daten:<br>\u2013 Recht auf Auskunft,<br>\u2013 Recht auf Berichtigung oder L\u00f6schung,<br>\u2013 Recht auf Einschr\u00e4nkung der Verarbeitung,<br>\u2013 Recht auf Widerspruch gegen die Verarbeitung,<br>\u2013 Recht auf Daten\u00fcbertragbarkeit.<\/p>\n\n\n\n<p>Hinsichtlich der Daten\u00fcbertragbarkeit haben Sie das Recht, die Sie betreffenden Daten in einem strukturierten, g\u00e4ngigen und maschinenlesbaren Format zu erhalten. Sie haben zudem das Recht, eine \u00dcbermittlung dieser Daten von uns an einen anderen Verantwortlichen zu verlangen.<\/p>\n\n\n\n<p>(2) Sie haben zudem das Recht, sich bei einer Datenschutz-Aufsichtsbeh\u00f6rde \u00fcber die Verarbeitung Ihrer personenbezogenen Daten durch uns zu beschweren.<\/p>\n\n\n\n<p><strong>\u00a7 3 Erhebung personenbezogener Daten bei Besuch unserer Website<\/strong><br>(1) Bei der blo\u00df informatorischen Nutzung der Website, also wenn Sie sich nicht registrieren oder uns anderweitig Informationen \u00fcbermitteln, erheben wir nur die personenbezogenen Daten, die Ihr Browser an unseren Server \u00fcbermittelt. Wenn Sie unsere Website betrachten m\u00f6chten, erheben wir die folgenden Daten, die f\u00fcr uns technisch erforderlich sind, um Ihnen unsere Website anzuzeigen und die Stabilit\u00e4t und Sicherheit zu gew\u00e4hrleisten (Rechtsgrundlage ist Art. 6 Abs. 1 S. 1 lit. f DS-GVO):<br>\u2013 IP-Adresse<br>\u2013 Datum und Uhrzeit der Anfrage<br>\u2013 Zeitzonendifferenz zur Greenwich Mean Time (GMT)<br>\u2013 Inhalt der Anforderung (konkrete Seite)<br>\u2013 Zugriffsstatus\/HTTP-Statuscode<br>\u2013 jeweils \u00fcbertragene Datenmenge<br>\u2013 Website, von der die Anforderung kommt<br>\u2013 Browser<br>\u2013 Betriebssystem und dessen Oberfl\u00e4che<br>\u2013 Sprache und Version der Browsersoftware.<\/p>\n\n\n\n<p>(2) Zus\u00e4tzlich zu den zuvor genannten Daten werden bei Ihrer Nutzung unserer Website Cookies auf Ihrem Rechner gespeichert. Bei Cookies handelt es sich um kleine Textdateien, die auf Ihrer Festplatte dem von Ihnen verwendeten Browser zugeordnet gespeichert werden und durch welche der Stelle, die den Cookie setzt (hier durch uns), bestimmte Informationen zuflie\u00dfen. Cookies k\u00f6nnen keine Programme ausf\u00fchren oder Viren auf Ihren Computer \u00fcbertragen. Sie dienen dazu, das Internetangebot insgesamt nutzerfreundlicher und effektiver zu machen.<\/p>\n\n\n\n<p>(3) Einsatz von Cookies:<br>a) Diese Website nutzt folgende Arten von Cookies, deren Umfang und Funktionsweise im Folgenden erl\u00e4utert werden:<br>\u2013 Transiente Cookies (dazu b)<br>\u2013 Persistente Cookies (dazu c).<br>b) Transiente Cookies werden automatisiert gel\u00f6scht, wenn Sie den Browser schlie\u00dfen. Dazu z\u00e4hlen insbesondere die Session-Cookies. Diese speichern eine sogenannte Session-ID, mit welcher sich verschiedene Anfragen Ihres Browsers der gemeinsamen Sitzung zuordnen lassen. Dadurch kann Ihr Rechner wiedererkannt werden, wenn Sie auf unsere Website zur\u00fcckkehren. Die Session-Cookies werden gel\u00f6scht, wenn Sie sich ausloggen oder den Browser schlie\u00dfen.<br>c) Persistente Cookies werden automatisiert nach einer vorgegebenen Dauer gel\u00f6scht, die sich je nach Cookie unterscheiden kann. Sie k\u00f6nnen die Cookies in den Sicherheitseinstellungen Ihres Browsers jederzeit l\u00f6schen.<br>d) Sie k\u00f6nnen Ihre Browser-Einstellung entsprechend Ihren W\u00fcnschen konfigurieren und z. B. die Annahme von Third-Party-Cookies oder allen Cookies ablehnen. Wir weisen Sie darauf hin, dass Sie eventuell nicht alle Funktionen dieser Website nutzen k\u00f6nnen.<br>e) Wir setzen Cookies ein, um Sie f\u00fcr Folgebesuche identifizieren zu k\u00f6nnen, falls Sie \u00fcber einen Account bei uns verf\u00fcgen. Andernfalls m\u00fcssten Sie sich f\u00fcr jeden Besuch erneut einloggen.<\/p>\n\n\n\n<p>(4). Einbindung von Google Maps<br>a) Auf dieser Webseite nutzen wir das Angebot von Google Maps. Dadurch k\u00f6nnen wir Ihnen interaktive Karten direkt in der Website anzeigen und erm\u00f6glichen Ihnen die komfortable Nutzung der Karten-Funktion.<br>b) Durch den Besuch auf der Website erh\u00e4lt Google die Information, dass Sie die entsprechende Unterseite unserer Website aufgerufen haben. Zudem werden die unter \u00a7 3 dieser Erkl\u00e4rung genannten Daten \u00fcbermittelt. Dies erfolgt unabh\u00e4ngig davon, ob Google ein Nutzerkonto bereitstellt, \u00fcber das Sie eingeloggt sind, oder ob kein Nutzerkonto besteht. Wenn Sie bei Google eingeloggt sind, werden Ihre Daten direkt Ihrem Konto zugeordnet. Wenn Sie die Zuordnung mit Ihrem Profil bei Google nicht w\u00fcnschen, m\u00fcssen Sie sich vor Aktivierung des Buttons ausloggen. Google speichert Ihre Daten als Nutzungsprofile und nutzt sie f\u00fcr Zwecke der Werbung, Marktforschung und\/oder bedarfsgerechten Gestaltung seiner Website. Eine solche Auswertung erfolgt insbesondere (selbst f\u00fcr nicht eingeloggte Nutzer) zur Erbringung von bedarfsgerechter Werbung und um andere Nutzer des sozialen Netzwerks \u00fcber Ihre Aktivit\u00e4ten auf unserer Website zu informieren. Ihnen steht ein Widerspruchsrecht zu gegen die Bildung dieser Nutzerprofile, wobei Sie sich zur Aus\u00fcbung dessen an Google richten m\u00fcssen.<br>c) Weitere Informationen zu Zweck und Umfang der Datenerhebung und ihrer Verarbeitung durch den Plug-in-Anbieter erhalten Sie in den Datenschutzerkl\u00e4rungen des Anbieters. Dort erhalten Sie auch weitere Informationen zu Ihren diesbez\u00fcglichen Rechten und Einstellungsm\u00f6glichkeiten zum Schutze Ihrer Privatsph\u00e4re:<a href=\"https:\/\/www.google.de\/intl\/de\/policies\/privacy\" target=\"_blank\" rel=\"noreferrer noopener\">&nbsp;https:\/\/www.google.de\/intl\/de\/policies\/privacy<\/a>. Google verarbeitet Ihre personenbezogenen Daten auch in den USA und hat sich dem EU-US Privacy Shield unterworfen,<a href=\"https:\/\/www.privacyshield.gov\/EU-US-Framework\" target=\"_blank\" rel=\"noreferrer noopener\">https:\/\/www.privacyshield.gov\/EU-US-Framework<\/a>.<\/p>\n\n\n\n<p><strong>\u00a7 4 Widerspruch oder Widerruf gegen die Verarbeitung Ihrer Daten<\/strong><br>(1) Falls Sie eine Einwilligung zur Verarbeitung Ihrer Daten erteilt haben, k\u00f6nnen Sie diese jederzeit widerrufen. Ein solcher Widerruf beeinflusst die Zul\u00e4ssigkeit der Verarbeitung Ihrer personenbezogenen Daten, nachdem Sie ihn gegen\u00fcber uns ausgesprochen haben.<\/p>\n\n\n\n<p>(2) Sie haben das Recht, aus Gr\u00fcnden, die sich aus Ihrer besonderen Situation ergeben, jederzeit gegen die Verarbeitung Sie betreffender personenbezogener Daten, die aufgrund von Art. 6 Abs. 1 e) DSGVO (Datenverarbeitung im \u00f6ffentlichen Interesse) oder Art. 6 Abs. 1 f) (Datenverarbeitung auf der Grundlage einer Interessenabw\u00e4gung) erfolgt, Widerspruch einzulegen. Legen sie Widerspruch ein, werden wir Ihre personenbezogenen Daten nur weiter verarbeiten, soweit wir daf\u00fcr zwingende berechtigte Gr\u00fcnde nachweisen k\u00f6nnen, die Ihre Interessen, Rechte und Freiheiten \u00fcberwiegen, oder soweit die Verarbeitung der Geltendmachung, der Aus\u00fcbung oder Verteidigung von Rechtsanspr\u00fcchen dient. Sie haben zudem das Recht, jederzeit Widerspruch gegen die Verarbeitung Ihrer Daten zu Werbezwecken einzulegen.<\/p>\n\n\n\n<p>(3) Wir bitten Sie, Ihren Widerspruch oder Widerruf, Anspr\u00fcche oder Erkl\u00e4rungen an den oben unter \u00a7 1 Abs. 2 dieser Datenschutzerkl\u00e4rung als verantwortlich bezeichneten Adressaten (Verantwortlicher gem\u00e4\u00df Art. 4 Abs. 7 DS \u2013 GVO) zu richten.<\/p>\n\n\n\n<p><strong>\u00a7 5 Empf\u00e4nger Ihrer personenbezogenen Daten<\/strong><br>Ihre personenbezogenen Daten werden auch von anderen Unternehmen, die von uns beauftragt sind (Auftragsverarbeiter) genutzt. M\u00f6gliche Empf\u00e4nger Ihrer Daten sind Netz \u2013 und Serverbetreiber, Internetprovider und IT \u2013 Dienstleister. Diese wurden von uns sorgf\u00e4ltig ausgew\u00e4hlt und beauftragt, sind an unsere Weisungen gebunden und werden regelm\u00e4\u00dfig kontrolliert.<\/p>\n\n\n\n<p><strong>\u00a7 6 Verwendung von Scriptbibliotheken (Google Webfonts)<\/strong><br>Um unsere Inhalte browser\u00fcbergreifend korrekt und grafisch ansprechend darzustellen, verwenden wir auf dieser Website Scriptbibliotheken und Schriftbibliotheken wie z. B. Google Webfonts (https:\/\/www.google.com\/webfonts\/). Google Webfonts werden zur Vermeidung mehrfachen Ladens in den Cache Ihres Browsers \u00fcbertragen. Falls der Browser die Google Webfonts nicht unterst\u00fctzt oder den Zugriff unterbindet, werden Inhalte in einer Standardschrift angezeigt. Der Aufruf von Scriptbibliotheken oder Schriftbibliotheken l\u00f6st automatisch eine Verbindung zum Betreiber der Bibliothek aus. Dabei ist es theoretisch m\u00f6glich \u2013 aktuell<br>allerdings auch unklar ob und ggf. zu welchen Zwecken \u2013 dass Betreiber entsprechender Bibliotheken Daten erheben.<br>Die Datenschutzrichtlinie des Bibliothekbetreibers Google finden Sie hier:&nbsp;<a href=\"https:\/\/www.google.com\/policies\/privacy\/\" target=\"_blank\" rel=\"noreferrer noopener\">https:\/\/www.google.com\/policies\/privacy\/<\/a><\/p>\n\n\n\n<p><strong>\u00a7 7 Eingebettete YouTube-Videos und Nutzung von Vimeo \u2013 Plugins<\/strong><br>(1) Auf einigen unserer Webseiten betten wir Youtube-Videos ein. Betreiber der entsprechenden Plugins ist die YouTube, LLC, 901 Cherry Ave., San Bruno, CA 94066, USA. Wenn Sie eine Seite mit dem YouTube-Plugin besuchen, wird eine Verbindung zu Servern von Youtube hergestellt. Dabei wird Youtube mitgeteilt, welche Seiten Sie besuchen. Wenn Sie in Ihrem Youtube-Account eingeloggt sind, kann Youtube Ihr Surfverhalten Ihnen pers\u00f6nlich zuzuordnen. Dies verhindern Sie, indem Sie sich vorher aus Ihrem Youtube-Account ausloggen. Wird ein Youtube-Video gestartet, setzt der Anbieter Cookies ein, die Hinweise \u00fcber das Nutzerverhalten sammeln. Wer das Speichern von Cookies f\u00fcr das Google-Ad-Programm deaktiviert hat, wird auch beim Anschauen von Youtube-Videos mit keinen solchen Cookies rechnen m\u00fcssen. Youtube legt aber auch in anderen Cookies nicht-personenbezogene Nutzungsinformationen ab. M\u00f6chten Sie dies verhindern, so m\u00fcssen Sie das Speichern von Cookies im Browser blockieren. Weitere Informationen zum Datenschutz bei \u201eYoutube\u201c finden Sie in der Datenschutzerkl\u00e4rung des Anbieters unter:&nbsp;<a href=\"https:\/\/www.google.de\/intl\/de\/policies\/privacy\/\" target=\"_blank\" rel=\"noreferrer noopener\">https:\/\/www.google.de\/intl\/de\/policies\/privacy\/<\/a><\/p>\n\n\n\n<p>(2) Wir nutzen f\u00fcr die Einbindung von Videos u.a. den Anbieter Vimeo. Vimeo wird betrieben von Vimeo, LLC mit Hauptsitz in 555 West 18th Street, New York, New York 10011. Auf einigen unserer Internetseiten verwenden wir Plugins des Anbieters Vimeo. Wenn Sie die mit einem solchen Plugin versehenen Internetseiten unserer Internetpr\u00e4senz aufrufen \u2013 beispielsweise unsere Mediathek \u2013, wird eine Verbindung zu den Vimeo-Servern hergestellt und dabei das Plugin dargestellt. Hierdurch wird an den Vimeo-Server \u00fcbermittelt, welche unserer Internetseiten Sie besucht haben. Sind Sie dabei als Mitglied bei Vimeo eingeloggt, ordnet Vimeo diese Information Ihrem pers\u00f6nlichen Benutzerkonto zu. Bei Nutzung des Plugins wie z.B. Anklicken des Start-Buttons eines Videos wird diese Information ebenfalls Ihrem Benutzerkonto zugeordnet. Sie k\u00f6nnen diese Zuordnung verhindern, indem Sie sich vor der Nutzung unserer Internetseite aus ihrem Vimeo-Benutzerkonto abmelden und die entsprechenden Cookies von Vimeo l\u00f6schen. Weitere Informationen zur Datenverarbeitung und Hinweise zum Datenschutz durch Vimeo finden Sie unter&nbsp;<a href=\"https:\/\/vimeo.com\/privacy\" target=\"_blank\" rel=\"noreferrer noopener\">https:\/\/vimeo.com\/privacy<\/a>.<\/p>\n\n\n\n<p><strong>\u00a7 8 Google AdWords<\/strong><br>Unsere Webseite nutzt das Google Conversion-Tracking. Sind Sie \u00fcber eine von Google geschaltete Anzeige auf unsere Webseite gelangt, wird von Google Adwords ein Cookie auf Ihrem Rechner gesetzt. Das Cookie f\u00fcr Conversion-Tracking wird gesetzt, wenn ein Nutzer auf eine von Google geschaltete Anzeige klickt. Diese Cookies verlieren nach 30 Tagen ihre G\u00fcltigkeit und dienen nicht der pers\u00f6nlichen Identifizierung. Besucht der Nutzer bestimmte Seiten unserer Website und das Cookie ist noch nicht abgelaufen, k\u00f6nnen wir und Google erkennen, dass der Nutzer auf die Anzeige geklickt hat und zu dieser Seite weitergeleitet wurde. Jeder Google AdWords-Kunde erh\u00e4lt ein anderes Cookie. Cookies k\u00f6nnen somit nicht \u00fcber die Websites von AdWords-Kunden nachverfolgt werden. Die mithilfe des Conversion-Cookies eingeholten Informationen dienen dazu, Conversion-Statistiken f\u00fcr AdWords-Kunden zu erstellen, die sich f\u00fcr Conversion-Tracking entschieden haben. Die Kunden erfahren die Gesamtanzahl der Nutzer, die auf ihre Anzeige geklickt haben und zu einer mit einem Conversion-Tracking-Tag versehenen Seite weitergeleitet wurden. Sie erhalten jedoch keine Informationen, mit denen sich Nutzer pers\u00f6nlich identifizieren lassen. M\u00f6chten Sie nicht am Tracking teilnehmen, k\u00f6nnen Sie das hierf\u00fcr erforderliche Setzen eines Cookies ablehnen \u2013 etwa per Browser-Einstellung, die das automatische Setzen von Cookies generell deaktiviert oder Ihren Browser so einstellen, dass Cookies von der Domain \u201egoogleleadservices.com\u201c blockiert werden.<br>Bitte beachten Sie, dass Sie die Opt-out-Cookies nicht l\u00f6schen d\u00fcrfen, solange Sie keine Aufzeichnung von Messdaten w\u00fcnschen. Haben Sie alle Ihre Cookies im Browser gel\u00f6scht, m\u00fcssen Sie das jeweilige Opt-out Cookie erneut setzen.<\/p>\n\n\n\n<p><strong>\u00a7 9 Verwendung der SSL-Verschl\u00fcsselung<\/strong><br>Um die Sicherheit Ihrer Daten bei der \u00dcbertragung zu sch\u00fctzen, verwenden wir dem aktuellen Stand der Technik entsprechende Verschl\u00fcsselungsverfahren (z. B. SSL) \u00fcber HTTPS.<\/p>\n\n\n\n<p><strong>\u00a7 10 Vorlesetechnik Readspeaker<\/strong><br>ReadSpeaker ist ein Vorleseservice f\u00fcr \u00f6ffentliche Internetinhalte. Bei Klick auf den \u201eVorlesen\u201c-Button, wird der entsprechende Text \u00fcber die IP des User an den ReadSpeaker-Server \u00fcbergeben, dort eine Audiodatei generiert und im Streaming-Verfahren an die User-IP zur\u00fcckgesendet. Sofort nach Auslieferung der Audiodatei, wird der Vorgang und die IP-Adresse des Nutzers auf dem ReadSpeaker-Server gel\u00f6scht. ReadSpeaker speichert keine personenbezogenen Daten. Alle Services werden in Europa realisiert (Schweden und Irland).<\/p>\n\n\n\n<p>Betreiber des Services:<br>Adresse: ReadSpeaker<br>ReadSpeaker<br>V\u00e4stra \u00c5gatan 16<br>753 09 Uppsala<br>Schweden<br>Tel. (Sales): +46 18 60 44 94<br>Tel. (allgemein): +46 18 60 44 40<br>Tel. (Support): +46 18 60 44 41<br>Fax: +46 18 60 44 97<br>Email:&nbsp;<a href=\"mailto:sverige@readspeaker.com\">sverige@readspeaker.com<\/a><\/p>\n\n\n\n<p>ReadSpeaker GmbH<br>Am Sommerfeld 7<br>86825 Bad W\u00f6rishofen<br>Deutschland<br>Tel.: +49 8247 \/ 906 30 10<br>Email:&nbsp;<a href=\"mailto:deutschland@readspeaker.com\">deutschland@readspeaker.com<\/a><\/p>\n\n\n\n<p>Bei Nutzung der ReadSpeaker-Funktion werden technische Cookies auf dem Endger\u00e4t gespeichert, um die vom Benutzer gew\u00e4hlten Einstellungen beizubehalten (Hervorhebungseinstellung, Textgr\u00f6\u00dfe usw.) und nach der Session bzw. je nach Funktion einem entsprechenden Zeitraum (maximal 30 Tage) wieder gel\u00f6scht. Wird die ReadSpeaker-Funktion nicht aktiviert, werden beim Besuch der Webseite keine Cookies auf dem Endger\u00e4t gespeichert.<\/p>\n\n\n\n<p>Cookie-Name | Daten und Zweck | G\u00fcltig f\u00fcr<\/p>\n\n\n\n<p>* _rspkrLoadCore | Cookie, das festlegt, ob die Javascripts beim Laden der Seite geladen werden sollen. Dieser Cookie wird gesetzt, wenn der Benutzer mit der Schaltfl\u00e4che interagiert. | Session<br>* ReadSpeakerSettings | Speichert \u00c4nderungen an der Einstellungsseite im ReadSpeaker | ca. 4 Tage<\/p>\n\n\n\n<p>Die L\u00f6schung der Daten erfolgt, sobald der Zweck ihrer Erhebung erf\u00fcllt wurde. Weitere Informationen zum Handling der \u00fcbertragenen Daten finden Sie in der Datenschutzerkl\u00e4rung von Read Speaker:&nbsp;<a href=\"https:\/\/www.readspeaker.com\/de\/erklarung-zum-datenschutz\/\">https:\/\/www.readspeaker.com\/de\/erklarung-zum-datenschutz\/<\/a>. Sie k\u00f6nnen die Erfassung sowie die Verarbeitung Ihrer Daten durch Read Speaker verhindern, indem Sie die Ausf\u00fchrung von Script-Code in Ihrem Browser deaktivieren oder einen Script-Blocker in Ihrem Browser installieren (diesen finden Sie z.B. unter&nbsp;<a href=\"https:\/\/www.noscript.net\/\">https:\/\/www.noscript.net<\/a>&nbsp;oder&nbsp;<a href=\"https:\/\/www.ghostery.com\/\">https:\/\/www.ghostery.com<\/a>).<\/p>\n\n\n\n<p><strong>\u00a7 11 \u00c4nderung unserer Datenschutzbestimmungen<\/strong><br>Wir behalten uns vor, diese Datenschutzerkl\u00e4rung gelegentlich anzupassen, damit sie stets den aktuellen rechtlichen Anforderungen entspricht oder um \u00c4nderungen unserer Leistungen in der Datenschutzerkl\u00e4rung umzusetzen, z. B. bei der Einf\u00fchrung neuer Services. F\u00fcr Ihren erneuten Besuch gilt dann die neue Datenschutzerkl\u00e4rung.<\/p>\n\n\n\n<hr class=\"wp-block-separator has-alpha-channel-opacity is-style-wide\"\/>\n\n\n\n<p>Zur Verwaltung der eingesetzten Cookies und \u00e4hnlichen Technologien (Tracking-Pixel, Web-Beacons etc.) und diesbez\u00fcglicher Einwilligungen setzen wir das Consent Tool &#8222;Real Cookie Banner&#8220; ein. Details zur Funktionsweise von &#8222;Real Cookie Banner&#8220; findest du unter <a href=\"https:\/\/devowl.io\/de\/rcb\/datenverarbeitung\/\" rel=\"noreferrer noopener\" target=\"_blank\">https:\/\/devowl.io\/de\/rcb\/datenverarbeitung\/<\/a>.<\/p>\n\n\n\n<p>Rechtsgrundlagen f\u00fcr die Verarbeitung von personenbezogenen Daten in diesem Zusammenhang sind Art. 6 Abs. 1 lit. c DS-GVO und Art. 6 Abs. 1 lit. f DS-GVO. Unser berechtigtes Interesse ist die Verwaltung der eingesetzten Cookies und \u00e4hnlichen Technologien und der diesbez\u00fcglichen Einwilligungen.<\/p>\n\n\n\n<p>Die Bereitstellung der personenbezogenen Daten ist weder vertraglich vorgeschrieben noch f\u00fcr den Abschluss eines Vertrages notwendig. Du bist nicht verpflichtet die personenbezogenen Daten bereitzustellen. Wenn du die personenbezogenen Daten nicht bereitstellst, k\u00f6nnen wir deine Einwilligungen nicht verwalten.<\/p>\n","protected":false},"excerpt":{"rendered":"<p>\u00a7 1 Information \u00fcber die Erhebung personenbezogener Daten(1) Im Folgenden informieren wir \u00fcber die Erhebung personenbezogener Daten bei Nutzung unserer Website. Personenbezogene Daten sind alle Daten, die auf Sie pers\u00f6nlich&#8230; <a class=\"read-more\" href=\"https:\/\/www.ruheforst-deutschland.de\/segeberger-heide\/datenschutzerklaerung\/\">Weiterlesen<\/a><\/p>\n","protected":false},"author":1,"featured_media":0,"parent":0,"menu_order":11,"comment_status":"closed","ping_status":"closed","template":"","meta":{"site-sidebar-layout":"default","site-content-layout":"","ast-site-content-layout":"default","site-content-style":"default","site-sidebar-style":"default","ast-global-header-display":"","ast-banner-title-visibility":"","ast-main-header-display":"","ast-hfb-above-header-display":"","ast-hfb-below-header-display":"","ast-hfb-mobile-header-display":"","site-post-title":"","ast-breadcrumbs-content":"","ast-featured-img":"","footer-sml-layout":"","ast-disable-related-posts":"","theme-transparent-header-meta":"","adv-header-id-meta":"","stick-header-meta":"","header-above-stick-meta":"","header-main-stick-meta":"","header-below-stick-meta":"","astra-migrate-meta-layouts":"default","ast-page-background-enabled":"default","ast-page-background-meta":{"desktop":{"background-color":"var(--ast-global-color-4)","background-image":"","background-repeat":"repeat","background-position":"center center","background-size":"auto","background-attachment":"scroll","background-type":"","background-media":"","overlay-type":"","overlay-color":"","overlay-opacity":"","overlay-gradient":""},"tablet":{"background-color":"","background-image":"","background-repeat":"repeat","background-position":"center center","background-size":"auto","background-attachment":"scroll","background-type":"","background-media":"","overlay-type":"","overlay-color":"","overlay-opacity":"","overlay-gradient":""},"mobile":{"background-color":"","background-image":"","background-repeat":"repeat","background-position":"center center","background-size":"auto","background-attachment":"scroll","background-type":"","background-media":"","overlay-type":"","overlay-color":"","overlay-opacity":"","overlay-gradient":""}},"ast-content-background-meta":{"desktop":{"background-color":"var(--ast-global-color-5)","background-image":"","background-repeat":"repeat","background-position":"center center","background-size":"auto","background-attachment":"scroll","background-type":"","background-media":"","overlay-type":"","overlay-color":"","overlay-opacity":"","overlay-gradient":""},"tablet":{"background-color":"var(--ast-global-color-5)","background-image":"","background-repeat":"repeat","background-position":"center center","background-size":"auto","background-attachment":"scroll","background-type":"","background-media":"","overlay-type":"","overlay-color":"","overlay-opacity":"","overlay-gradient":""},"mobile":{"background-color":"var(--ast-global-color-5)","background-image":"","background-repeat":"repeat","background-position":"center center","background-size":"auto","background-attachment":"scroll","background-type":"","background-media":"","overlay-type":"","overlay-color":"","overlay-opacity":"","overlay-gradient":""}},"footnotes":""},"class_list":["post-195","page","type-page","status-publish","hentry"],"_links":{"self":[{"href":"https:\/\/www.ruheforst-deutschland.de\/segeberger-heide\/wp-json\/wp\/v2\/pages\/195","targetHints":{"allow":["GET"]}}],"collection":[{"href":"https:\/\/www.ruheforst-deutschland.de\/segeberger-heide\/wp-json\/wp\/v2\/pages"}],"about":[{"href":"https:\/\/www.ruheforst-deutschland.de\/segeberger-heide\/wp-json\/wp\/v2\/types\/page"}],"author":[{"embeddable":true,"href":"https:\/\/www.ruheforst-deutschland.de\/segeberger-heide\/wp-json\/wp\/v2\/users\/1"}],"replies":[{"embeddable":true,"href":"https:\/\/www.ruheforst-deutschland.de\/segeberger-heide\/wp-json\/wp\/v2\/comments?post=195"}],"version-history":[{"count":2,"href":"https:\/\/www.ruheforst-deutschland.de\/segeberger-heide\/wp-json\/wp\/v2\/pages\/195\/revisions"}],"predecessor-version":[{"id":199,"href":"https:\/\/www.ruheforst-deutschland.de\/segeberger-heide\/wp-json\/wp\/v2\/pages\/195\/revisions\/199"}],"wp:attachment":[{"href":"https:\/\/www.ruheforst-deutschland.de\/segeberger-heide\/wp-json\/wp\/v2\/media?parent=195"}],"curies":[{"name":"wp","href":"https:\/\/api.w.org\/{rel}","templated":true}]}}