{"id":231,"date":"2024-09-09T10:49:16","date_gmt":"2024-09-09T08:49:16","guid":{"rendered":"https:\/\/www.ruheforst-deutschland.de\/segeberger-heide\/?page_id=231"},"modified":"2025-12-10T10:40:35","modified_gmt":"2025-12-10T09:40:35","slug":"ruheforst-konzept","status":"publish","type":"page","link":"https:\/\/www.ruheforst-deutschland.de\/segeberger-heide\/ruheforst-konzept\/","title":{"rendered":"RuheForst\u00ae Konzept"},"content":{"rendered":"<div class=\"wpb-content-wrapper\"><p>[vc_row gap=&#8220;25&#8243;][vc_column][vc_column_text css=&#8220;&#8220;]<\/p>\n<h1>RuheForst\u00ae Konzept<\/h1>\n<p>[\/vc_column_text][vc_row_inner gap=&#8220;25&#8243; css=&#8220;.vc_custom_1725874562904{padding: 0px !important;}&#8220;][vc_column_inner][vc_column_text css=&#8220;&#8220;]Als Alternative zu herk\u00f6mmlichen Bestattungsarten geht RuheForst\u00ae neue Wege: Die M\u00f6glichkeit, in der nat\u00fcrlichen Umgebung des Waldes beigesetzt zu werden, ist f\u00fcr viele Menschen eine w\u00fcrdevolle Form des Abschieds. Ruhe, Harmonie und st\u00e4ndiger Wandel der Natur spenden Trost f\u00fcr Angeh\u00f6rige und Freunde. Entsprechend wird die letzte Ruhest\u00e4tte nicht Grab, sondern RuheBiotop\u00ae genannt. Interessenten k\u00f6nnen sich zu Lebzeiten informieren und beraten lassen, sich mit dem Ort vertraut machen und sich eine letzte Ruhest\u00e4tte in alten, naturbelassenen Waldbest\u00e4nden aussuchen.<\/p>\n<p>RuheForste sind also zeitgleich der Ort der letzten Ruhe f\u00fcr die Verstorbenen, ein Ort zum Trauern und Erinnern f\u00fcr die Hinterbliebenen und ein Lebensraum f\u00fcr Pflanzen und Tiere.[\/vc_column_text][vc_column_text css=&#8220;&#8220;]<\/p>\n<h1>Naturschutz<\/h1>\n<p>[\/vc_column_text][vc_column_text css=&#8220;&#8220;]Insbesondere der Waldrand und auch die Weger\u00e4nder erhalten durch das Pflanzen von heimischen Baum- und Straucharten eine weitere \u00f6kologische und landschafts\u00e4sthetische Aufwertung. Der den RuheForst Segeberger Heide\/Hartenholm auf ganzer L\u00e4nge durchflie\u00dfende m\u00e4andrierende Waldbach \u2013 die malerische Lindeloh \u2013 kann auf 3 h\u00f6lzernen Br\u00fccken \u00fcbergangen werden. Mit etwas Gl\u00fcck beobachtet der ruhige Besucher sogar den seltenen Eisvogel beim Fischen oder den Schwarzspecht.<\/p>\n<p>Durch das Verpachten der RuheBiotope\u00ae wird besonders aus \u00f6kologischer Sicht ein dauerhaftes Sichern dieser Naturelemente erreicht, das hei\u00dft, dass z.B. die ausgew\u00e4hlten B\u00e4ume mindestens weitere 99 Jahre zuk\u00fcnftig vor einer Nutzung gesichert sind und somit eine langfristige Standortssicherheit erhalten bleibt. Das gilt nat\u00fcrlich auch f\u00fcr den Erhalt von Waldlichtungen und anderer ausgew\u00e4hlter Sonder-RuheBiotope\u00ae. Es gilt das oberste Prinzip \u201eSch\u00fctzen und Bewahren\u201c[\/vc_column_text][vc_column_text css=&#8220;&#8220;]<\/p>\n<h1>Waldbau<\/h1>\n<p>[\/vc_column_text][vc_column_text css=&#8220;&#8220;]Der Waldbesitzer bewirtschaftet den RuheForst Segeberger Heide\/Hartenholm gemeinsam mit der Forstabteilung der Landwirtschaftskammer Schleswig-Holstein nach den Prinzipen der besonders naturnahen Vorgaben des PEFC-\u00d6ko-Standards. Dies bedeutet z.B. ein Verzicht auf Kahlschl\u00e4ge und Chemieeinsatz und beinhaltet ganz besonders den Erhalt von \u00f6kologisch wertvollen B\u00e4umen und Einzelbiotopen. Somit wird der heutige Zustand des Waldes gesichert und sogar zuk\u00fcnftig noch weiter im Sinne des Natur- und Artenschutzes aufgewertet.<\/p>\n<p>Zum dauerhaften Schutz der ausgew\u00e4hlten RuheBiotope<sup>\u00ae<\/sup> ist lediglich geplant, bedr\u00e4ngende B\u00e4ume schonend zu entnehmen, sodass damit eine dauerhafte Sicherung des RuheBiotop<sup>\u00ae<\/sup>-Zustandes erm\u00f6glicht wird. Damit der RuheForst<sup>\u00ae<\/sup> gefahrlos auf den Wegen betreten werden kann, wird gro\u00dfe Sorgfalt im Sichten von gef\u00e4hrdenden \u00c4sten und Ganzb\u00e4umen gelegt. Diese Sichtung erfolgt durch besonders geschultes Forstpersonal regelm\u00e4\u00dfig, mindestens jedoch je einmal im belaubten und unbelaubten Zustand.[\/vc_column_text][vc_media_grid element_width=&#8220;3&#8243; css=&#8220;&#8220; grid_id=&#8220;vc_gid:1765359503904-e0af0a91-293c-7&#8243; include=&#8220;1819,1820,1821,1822,1823,1825,1827,1829,1830,1831,1832,1833&#8243;][\/vc_column_inner][\/vc_row_inner][\/vc_column][\/vc_row]<\/p>\n<\/div>","protected":false},"excerpt":{"rendered":"<p>[vc_row gap=&#8220;25&#8243;][vc_column][vc_column_text css=&#8220;&#8220;] RuheForst\u00ae Konzept [\/vc_column_text][vc_row_inner gap=&#8220;25&#8243; css=&#8220;.vc_custom_1725874562904{padding: 0px !important;}&#8220;][vc_column_inner][vc_column_text css=&#8220;&#8220;]Als Alternative zu herk\u00f6mmlichen Bestattungsarten geht RuheForst\u00ae neue Wege: Die M\u00f6glichkeit, in der nat\u00fcrlichen Umgebung des Waldes beigesetzt zu werden,&#8230; <a class=\"read-more\" href=\"https:\/\/www.ruheforst-deutschland.de\/segeberger-heide\/ruheforst-konzept\/\">Weiterlesen<\/a><\/p>\n","protected":false},"author":1,"featured_media":0,"parent":0,"menu_order":0,"comment_status":"closed","ping_status":"closed","template":"","meta":{"site-sidebar-layout":"no-sidebar","site-content-layout":"plain-container","ast-site-content-layout":"default","site-content-style":"default","site-sidebar-style":"default","ast-global-header-display":"","ast-banner-title-visibility":"","ast-main-header-display":"","ast-hfb-above-header-display":"","ast-hfb-below-header-display":"","ast-hfb-mobile-header-display":"","site-post-title":"disabled","ast-breadcrumbs-content":"","ast-featured-img":"disabled","footer-sml-layout":"","ast-disable-related-posts":"","theme-transparent-header-meta":"default","adv-header-id-meta":"","stick-header-meta":"","header-above-stick-meta":"","header-main-stick-meta":"","header-below-stick-meta":"","astra-migrate-meta-layouts":"set","ast-page-background-enabled":"default","ast-page-background-meta":{"desktop":{"background-color":"var(--ast-global-color-4)","background-image":"","background-repeat":"repeat","background-position":"center center","background-size":"auto","background-attachment":"scroll","background-type":"","background-media":"","overlay-type":"","overlay-color":"","overlay-opacity":"","overlay-gradient":""},"tablet":{"background-color":"","background-image":"","background-repeat":"repeat","background-position":"center center","background-size":"auto","background-attachment":"scroll","background-type":"","background-media":"","overlay-type":"","overlay-color":"","overlay-opacity":"","overlay-gradient":""},"mobile":{"background-color":"","background-image":"","background-repeat":"repeat","background-position":"center center","background-size":"auto","background-attachment":"scroll","background-type":"","background-media":"","overlay-type":"","overlay-color":"","overlay-opacity":"","overlay-gradient":""}},"ast-content-background-meta":{"desktop":{"background-color":"var(--ast-global-color-5)","background-image":"","background-repeat":"repeat","background-position":"center center","background-size":"auto","background-attachment":"scroll","background-type":"","background-media":"","overlay-type":"","overlay-color":"","overlay-opacity":"","overlay-gradient":""},"tablet":{"background-color":"var(--ast-global-color-5)","background-image":"","background-repeat":"repeat","background-position":"center center","background-size":"auto","background-attachment":"scroll","background-type":"","background-media":"","overlay-type":"","overlay-color":"","overlay-opacity":"","overlay-gradient":""},"mobile":{"background-color":"var(--ast-global-color-5)","background-image":"","background-repeat":"repeat","background-position":"center center","background-size":"auto","background-attachment":"scroll","background-type":"","background-media":"","overlay-type":"","overlay-color":"","overlay-opacity":"","overlay-gradient":""}},"footnotes":""},"class_list":["post-231","page","type-page","status-publish","hentry"],"_links":{"self":[{"href":"https:\/\/www.ruheforst-deutschland.de\/segeberger-heide\/wp-json\/wp\/v2\/pages\/231","targetHints":{"allow":["GET"]}}],"collection":[{"href":"https:\/\/www.ruheforst-deutschland.de\/segeberger-heide\/wp-json\/wp\/v2\/pages"}],"about":[{"href":"https:\/\/www.ruheforst-deutschland.de\/segeberger-heide\/wp-json\/wp\/v2\/types\/page"}],"author":[{"embeddable":true,"href":"https:\/\/www.ruheforst-deutschland.de\/segeberger-heide\/wp-json\/wp\/v2\/users\/1"}],"replies":[{"embeddable":true,"href":"https:\/\/www.ruheforst-deutschland.de\/segeberger-heide\/wp-json\/wp\/v2\/comments?post=231"}],"version-history":[{"count":18,"href":"https:\/\/www.ruheforst-deutschland.de\/segeberger-heide\/wp-json\/wp\/v2\/pages\/231\/revisions"}],"predecessor-version":[{"id":1985,"href":"https:\/\/www.ruheforst-deutschland.de\/segeberger-heide\/wp-json\/wp\/v2\/pages\/231\/revisions\/1985"}],"wp:attachment":[{"href":"https:\/\/www.ruheforst-deutschland.de\/segeberger-heide\/wp-json\/wp\/v2\/media?parent=231"}],"curies":[{"name":"wp","href":"https:\/\/api.w.org\/{rel}","templated":true}]}}