{"id":126,"date":"2024-09-04T14:48:53","date_gmt":"2024-09-04T12:48:53","guid":{"rendered":"https:\/\/www.ruheforst-deutschland.de\/vogtland\/?page_id=126"},"modified":"2025-04-25T15:30:47","modified_gmt":"2025-04-25T13:30:47","slug":"anfahrt","status":"publish","type":"page","link":"https:\/\/www.ruheforst-deutschland.de\/vogtland\/anfahrt\/","title":{"rendered":"Anfahrt"},"content":{"rendered":"<div class=\"wpb-content-wrapper\"><p>[vc_row][vc_column][vc_column_text css=&#8220;&#8220;]<\/p>\n<h1>Anfahrt<\/h1>\n<p>[\/vc_column_text][vc_row_inner gap=&#8220;25&#8243; css=&#8220;.vc_custom_1725978475409{padding: 0px !important;}&#8220;][vc_column_inner width=&#8220;1\/3&#8243;][vc_column_text css=&#8220;&#8220;]<strong>RuheForst Vogtland \u2013 Am Schlosspark Bad K\u00f6stritz<br \/>\n<\/strong><\/p>\n<p><strong>Aus Richtung Osten:<\/strong><br \/>\nAutobahn A 4 aus Richtung Dresden kommend die Abfahrt \u201eGera\u201c (Nr. 58 a) nutzen. Weiter auf der B 7 nach Bad K\u00f6stritz. In Bad K\u00f6stritz der Stra\u00dfe \u201eAm Kirchberg\u201c und dann weiter der Stra\u00dfe \u201eK\u00f6stritzer Weg\u201c folgen. Anschlie\u00dfend der \u00f6rtlichen Ausschil derung folgen.<\/p>\n<p><strong>Aus Richtung Westen:<\/strong><br \/>\nAutobahn A 4 aus Richtung Frankfurt\/M. kommend die Abfahrt \u201eR\u00fcdersdorf\u201c (Nr. 57) nutzen. Der Kreisstra\u00dfe (K 12) durch R\u00fcdersdorf und Gr\u00fcna nach \u201eHartmannsdorf\u201c folgen. Nach der Ortsdurchfahrt von Hartmannsdorf nach ca. 300m links auf den RuheForst Parkplatz abbiegen.<\/p>\n<p><strong>Adresse f\u00fcr Eingabe in Navigationsger\u00e4te:<\/strong><br \/>\nK\u00f6stritzer Weg (in Richtung Hartmannsdorf)<br \/>\n07586 Bad K\u00f6stritz<\/p>\n<p>Koordinaten: 50.916217, 12.019991<\/p>\n<p><a href=\"https:\/\/www.ruheforst-deutschland.de\/vogtland\/wp-content\/uploads\/sites\/11\/2025\/04\/Anfahrtsskizze-RF-Vogtland-RuheForst-ohne-QR-Code-scaled.jpg\"><img loading=\"lazy\" decoding=\"async\" class=\"alignnone size-medium wp-image-711\" src=\"https:\/\/www.ruheforst-deutschland.de\/vogtland\/wp-content\/uploads\/sites\/11\/2025\/04\/Anfahrtsskizze-RF-Vogtland-RuheForst-ohne-QR-Code-702x1000.jpg\" alt=\"\" width=\"702\" height=\"1000\" srcset=\"https:\/\/www.ruheforst-deutschland.de\/vogtland\/wp-content\/uploads\/sites\/11\/2025\/04\/Anfahrtsskizze-RF-Vogtland-RuheForst-ohne-QR-Code-702x1000.jpg 702w, https:\/\/www.ruheforst-deutschland.de\/vogtland\/wp-content\/uploads\/sites\/11\/2025\/04\/Anfahrtsskizze-RF-Vogtland-RuheForst-ohne-QR-Code-1053x1500.jpg 1053w, https:\/\/www.ruheforst-deutschland.de\/vogtland\/wp-content\/uploads\/sites\/11\/2025\/04\/Anfahrtsskizze-RF-Vogtland-RuheForst-ohne-QR-Code-768x1094.jpg 768w, https:\/\/www.ruheforst-deutschland.de\/vogtland\/wp-content\/uploads\/sites\/11\/2025\/04\/Anfahrtsskizze-RF-Vogtland-RuheForst-ohne-QR-Code-1079x1536.jpg 1079w, https:\/\/www.ruheforst-deutschland.de\/vogtland\/wp-content\/uploads\/sites\/11\/2025\/04\/Anfahrtsskizze-RF-Vogtland-RuheForst-ohne-QR-Code-1438x2048.jpg 1438w, https:\/\/www.ruheforst-deutschland.de\/vogtland\/wp-content\/uploads\/sites\/11\/2025\/04\/Anfahrtsskizze-RF-Vogtland-RuheForst-ohne-QR-Code-scaled.jpg 1798w\" sizes=\"auto, (max-width: 702px) 100vw, 702px\" \/><\/a>[\/vc_column_text][\/vc_column_inner][vc_column_inner width=&#8220;2\/3&#8243;][vc_gmaps link=&#8220;#E-8_JTNDaWZyYW1lJTIwc3JjJTNEaHR0cHMlM0ElMkYlMkZ3d3cuZ29vZ2xlLmNvbSUyRm1hcHMlMkZkJTJGZW1iZWQlM0ZtaWQlM0QxUm9iMTZZQW80cVlQUjNDeFJTMGljOGdnY1RQbjNXUSUyNmVoYmMlM0QyRTMxMkYlMjZ6JTNEMTYlMjIlMjB3aWR0aCUzRCUyMjEwMCUyNSUyMiUyMGhlaWdodCUzRCUyMjU1MCUyMiUyMHN0eWxlJTNEJTIyYm9yZGVyJTNBMCUzQiUyMiUyMGFsbG93ZnVsbHNjcmVlbiUzRCUyMiUyMiUyMGxvYWRpbmclM0QlMjJsYXp5JTIyJTIwcmVmZXJyZXJwb2xpY3klM0QlMjJuby1yZWZlcnJlci13aGVuLWRvd25ncmFkZSUyMiUzRSUzQyUyRmlmcmFtZSUzRQ==&#8220; css=&#8220;&#8220;][\/vc_column_inner][\/vc_row_inner][\/vc_column][\/vc_row]<\/p>\n<\/div>","protected":false},"excerpt":{"rendered":"<p>[vc_row][vc_column][vc_column_text css=&#8220;&#8220;] Anfahrt [\/vc_column_text][vc_row_inner gap=&#8220;25&#8243; css=&#8220;.vc_custom_1725978475409{padding: 0px !important;}&#8220;][vc_column_inner width=&#8220;1\/3&#8243;][vc_column_text css=&#8220;&#8220;]RuheForst Vogtland \u2013 Am Schlosspark Bad K\u00f6stritz Aus Richtung Osten: Autobahn A 4 aus Richtung Dresden kommend die Abfahrt \u201eGera\u201c (Nr&#8230;. <a class=\"read-more\" href=\"https:\/\/www.ruheforst-deutschland.de\/vogtland\/anfahrt\/\">Weiterlesen<\/a><\/p>\n","protected":false},"author":1,"featured_media":0,"parent":0,"menu_order":7,"comment_status":"closed","ping_status":"closed","template":"","meta":{"site-sidebar-layout":"no-sidebar","site-content-layout":"plain-container","ast-site-content-layout":"default","site-content-style":"default","site-sidebar-style":"default","ast-global-header-display":"","ast-banner-title-visibility":"","ast-main-header-display":"","ast-hfb-above-header-display":"","ast-hfb-below-header-display":"","ast-hfb-mobile-header-display":"","site-post-title":"disabled","ast-breadcrumbs-content":"","ast-featured-img":"disabled","footer-sml-layout":"","ast-disable-related-posts":"","theme-transparent-header-meta":"default","adv-header-id-meta":"","stick-header-meta":"","header-above-stick-meta":"","header-main-stick-meta":"","header-below-stick-meta":"","astra-migrate-meta-layouts":"set","ast-page-background-enabled":"default","ast-page-background-meta":{"desktop":{"background-color":"var(--ast-global-color-4)","background-image":"","background-repeat":"repeat","background-position":"center center","background-size":"auto","background-attachment":"scroll","background-type":"","background-media":"","overlay-type":"","overlay-color":"","overlay-opacity":"","overlay-gradient":""},"tablet":{"background-color":"","background-image":"","background-repeat":"repeat","background-position":"center center","background-size":"auto","background-attachment":"scroll","background-type":"","background-media":"","overlay-type":"","overlay-color":"","overlay-opacity":"","overlay-gradient":""},"mobile":{"background-color":"","background-image":"","background-repeat":"repeat","background-position":"center center","background-size":"auto","background-attachment":"scroll","background-type":"","background-media":"","overlay-type":"","overlay-color":"","overlay-opacity":"","overlay-gradient":""}},"ast-content-background-meta":{"desktop":{"background-color":"var(--ast-global-color-5)","background-image":"","background-repeat":"repeat","background-position":"center center","background-size":"auto","background-attachment":"scroll","background-type":"","background-media":"","overlay-type":"","overlay-color":"","overlay-opacity":"","overlay-gradient":""},"tablet":{"background-color":"var(--ast-global-color-5)","background-image":"","background-repeat":"repeat","background-position":"center center","background-size":"auto","background-attachment":"scroll","background-type":"","background-media":"","overlay-type":"","overlay-color":"","overlay-opacity":"","overlay-gradient":""},"mobile":{"background-color":"var(--ast-global-color-5)","background-image":"","background-repeat":"repeat","background-position":"center center","background-size":"auto","background-attachment":"scroll","background-type":"","background-media":"","overlay-type":"","overlay-color":"","overlay-opacity":"","overlay-gradient":""}},"footnotes":""},"class_list":["post-126","page","type-page","status-publish","hentry"],"_links":{"self":[{"href":"https:\/\/www.ruheforst-deutschland.de\/vogtland\/wp-json\/wp\/v2\/pages\/126","targetHints":{"allow":["GET"]}}],"collection":[{"href":"https:\/\/www.ruheforst-deutschland.de\/vogtland\/wp-json\/wp\/v2\/pages"}],"about":[{"href":"https:\/\/www.ruheforst-deutschland.de\/vogtland\/wp-json\/wp\/v2\/types\/page"}],"author":[{"embeddable":true,"href":"https:\/\/www.ruheforst-deutschland.de\/vogtland\/wp-json\/wp\/v2\/users\/1"}],"replies":[{"embeddable":true,"href":"https:\/\/www.ruheforst-deutschland.de\/vogtland\/wp-json\/wp\/v2\/comments?post=126"}],"version-history":[{"count":19,"href":"https:\/\/www.ruheforst-deutschland.de\/vogtland\/wp-json\/wp\/v2\/pages\/126\/revisions"}],"predecessor-version":[{"id":715,"href":"https:\/\/www.ruheforst-deutschland.de\/vogtland\/wp-json\/wp\/v2\/pages\/126\/revisions\/715"}],"wp:attachment":[{"href":"https:\/\/www.ruheforst-deutschland.de\/vogtland\/wp-json\/wp\/v2\/media?parent=126"}],"curies":[{"name":"wp","href":"https:\/\/api.w.org\/{rel}","templated":true}]}}