{"id":101,"date":"2024-09-04T14:22:24","date_gmt":"2024-09-04T12:22:24","guid":{"rendered":"https:\/\/www.ruheforst-deutschland.de\/waldhufe\/?page_id=101"},"modified":"2026-03-06T08:29:00","modified_gmt":"2026-03-06T07:29:00","slug":"fuehrungen","status":"publish","type":"page","link":"https:\/\/www.ruheforst-deutschland.de\/waldhufe\/fuehrungen\/","title":{"rendered":"F\u00fchrungen"},"content":{"rendered":"<div class=\"wpb-content-wrapper\"><p>[vc_row gap=&#8220;25&#8243;][vc_column][vc_column_text css=&#8220;&#8220;]<\/p>\n<h1>F\u00fchrungen durch den RuheForst\u00ae<\/h1>\n<p>[\/vc_column_text][\/vc_column][\/vc_row][vc_row gap=&#8220;25&#8243;][vc_column width=&#8220;2\/3&#8243;][vc_column_text css=&#8220;&#8220;]Wir laden Sie herzlich zu unseren kostenlosen F\u00fchrungen ein.<\/p>\n<p>Der Parkplatz des RuheForst\u00ae Waldhufe ist gut zu erreichen und liegt unmittelbar am Eingangsbereich der RuheForst\u00ae-Fl\u00e4che. W\u00e4hrend der kostenlosen \u00f6ffentlichen F\u00fchrung mit unseren Mitarbeiterinnen oder Mitarbeitern haben Sie die M\u00f6glichkeit, sich \u00fcber diese alternative Bestattungsform zu informieren und den RuheForst\u00ae sowie die Bestattungsm\u00f6glichkeiten in ihm kennen zu lernen.[\/vc_column_text][vc_column_text css=&#8220;&#8220;]<\/p>\n<h3>Kontaktdaten<\/h3>\n<p><strong>RuheForst\u00ae B\u00fcroadresse<\/strong><\/p>\n<p>RuheForst Waldhufe\/Doberlug-Kirchhain<br \/>\nWaldbestattung<br \/>\nFriedrich-Engels-Stra\u00dfe 18<br \/>\n03253 Doberlug-Kirchhain<\/p>\n<table class=\"standort-kontakt\" style=\"font-size: 16px; font-style: normal;\">\n<tbody>\n<tr>\n<td style=\"vertical-align: top;\">Festnetz<\/td>\n<td>+49 35322 68 84 01<\/td>\n<\/tr>\n<tr>\n<td class=\"space\" colspan=\"2\"><\/td>\n<\/tr>\n<tr>\n<td>E-Mail-Adresse:<\/td>\n<td><a href=\"mailto:info@ruheforst-waldhufe.de\">info@ruheforst-waldhufe.de<\/a><\/td>\n<\/tr>\n<tr>\n<td><\/td>\n<td><\/td>\n<\/tr>\n<\/tbody>\n<\/table>\n<p>[\/vc_column_text][\/vc_column][vc_column width=&#8220;1\/3&#8243;][vc_column_text css=&#8220;.vc_custom_1772782138407{padding-top: 25px !important;padding-right: 25px !important;padding-bottom: 25px !important;padding-left: 25px !important;background-color: #BFD4C2 !important;}&#8220;]<\/p>\n<h3>Termine (jeweils um 14 Uhr)<\/h3>\n<p>02.01.26<br \/>\n06.02.26<br \/>\n06.03.26<br \/>\n10.04.26<br \/>\n08.05.26<br \/>\n05.06.26<br \/>\n03.07.26<br \/>\n07.08.26<br \/>\n04.09.26<br \/>\n02.10.26<br \/>\n06.11.26<br \/>\n04.12.26<\/p>\n<p>Sie k\u00f6nnen ohne Anmeldung an einer Gruppenf\u00fchrung teilnehmen.<\/p>\n<p>Bei Fragen melden Sie sich gern telefonisch unter: 035322 688 401<\/p>\n<p>Nat\u00fcrlich k\u00f6nnen Sie auch einen individuellen Termin mit uns vereinbaren.<\/p>\n<h3>Treffpunkt<\/h3>\n<p>RuheForst\u00ae-Parkplatz<\/p>\n<p>Waldhufenstr. 55, 03253 Doberlug Kirchhain<\/p>\n<h3>Dauer<\/h3>\n<p>ca. 1 Stunde[\/vc_column_text][\/vc_column][\/vc_row][vc_row gap=&#8220;25&#8243;][vc_column][vc_media_grid element_width=&#8220;3&#8243; css=&#8220;&#8220; grid_id=&#8220;vc_gid:1772782124572-7d8d5b72-f189-3&#8243; include=&#8220;824,825,826,828,829,830,831,832,833,834&#8243;][\/vc_column][\/vc_row]<\/p>\n<\/div>","protected":false},"excerpt":{"rendered":"<p>[vc_row gap=&#8220;25&#8243;][vc_column][vc_column_text css=&#8220;&#8220;] F\u00fchrungen durch den RuheForst\u00ae [\/vc_column_text][\/vc_column][\/vc_row][vc_row gap=&#8220;25&#8243;][vc_column width=&#8220;2\/3&#8243;][vc_column_text css=&#8220;&#8220;]Wir laden Sie herzlich zu unseren kostenlosen F\u00fchrungen ein. Der Parkplatz des RuheForst\u00ae Waldhufe ist gut zu erreichen und liegt&#8230; <a class=\"read-more\" href=\"https:\/\/www.ruheforst-deutschland.de\/waldhufe\/fuehrungen\/\">Weiterlesen<\/a><\/p>\n","protected":false},"author":1,"featured_media":0,"parent":0,"menu_order":4,"comment_status":"closed","ping_status":"closed","template":"","meta":{"site-sidebar-layout":"no-sidebar","site-content-layout":"plain-container","ast-site-content-layout":"default","site-content-style":"default","site-sidebar-style":"default","ast-global-header-display":"","ast-banner-title-visibility":"","ast-main-header-display":"","ast-hfb-above-header-display":"","ast-hfb-below-header-display":"","ast-hfb-mobile-header-display":"","site-post-title":"disabled","ast-breadcrumbs-content":"","ast-featured-img":"disabled","footer-sml-layout":"","ast-disable-related-posts":"","theme-transparent-header-meta":"default","adv-header-id-meta":"","stick-header-meta":"","header-above-stick-meta":"","header-main-stick-meta":"","header-below-stick-meta":"","astra-migrate-meta-layouts":"set","ast-page-background-enabled":"default","ast-page-background-meta":{"desktop":{"background-color":"var(--ast-global-color-4)","background-image":"","background-repeat":"repeat","background-position":"center center","background-size":"auto","background-attachment":"scroll","background-type":"","background-media":"","overlay-type":"","overlay-color":"","overlay-opacity":"","overlay-gradient":""},"tablet":{"background-color":"","background-image":"","background-repeat":"repeat","background-position":"center center","background-size":"auto","background-attachment":"scroll","background-type":"","background-media":"","overlay-type":"","overlay-color":"","overlay-opacity":"","overlay-gradient":""},"mobile":{"background-color":"","background-image":"","background-repeat":"repeat","background-position":"center center","background-size":"auto","background-attachment":"scroll","background-type":"","background-media":"","overlay-type":"","overlay-color":"","overlay-opacity":"","overlay-gradient":""}},"ast-content-background-meta":{"desktop":{"background-color":"var(--ast-global-color-5)","background-image":"","background-repeat":"repeat","background-position":"center center","background-size":"auto","background-attachment":"scroll","background-type":"","background-media":"","overlay-type":"","overlay-color":"","overlay-opacity":"","overlay-gradient":""},"tablet":{"background-color":"var(--ast-global-color-5)","background-image":"","background-repeat":"repeat","background-position":"center center","background-size":"auto","background-attachment":"scroll","background-type":"","background-media":"","overlay-type":"","overlay-color":"","overlay-opacity":"","overlay-gradient":""},"mobile":{"background-color":"var(--ast-global-color-5)","background-image":"","background-repeat":"repeat","background-position":"center center","background-size":"auto","background-attachment":"scroll","background-type":"","background-media":"","overlay-type":"","overlay-color":"","overlay-opacity":"","overlay-gradient":""}},"footnotes":""},"class_list":["post-101","page","type-page","status-publish","hentry"],"_links":{"self":[{"href":"https:\/\/www.ruheforst-deutschland.de\/waldhufe\/wp-json\/wp\/v2\/pages\/101","targetHints":{"allow":["GET"]}}],"collection":[{"href":"https:\/\/www.ruheforst-deutschland.de\/waldhufe\/wp-json\/wp\/v2\/pages"}],"about":[{"href":"https:\/\/www.ruheforst-deutschland.de\/waldhufe\/wp-json\/wp\/v2\/types\/page"}],"author":[{"embeddable":true,"href":"https:\/\/www.ruheforst-deutschland.de\/waldhufe\/wp-json\/wp\/v2\/users\/1"}],"replies":[{"embeddable":true,"href":"https:\/\/www.ruheforst-deutschland.de\/waldhufe\/wp-json\/wp\/v2\/comments?post=101"}],"version-history":[{"count":45,"href":"https:\/\/www.ruheforst-deutschland.de\/waldhufe\/wp-json\/wp\/v2\/pages\/101\/revisions"}],"predecessor-version":[{"id":874,"href":"https:\/\/www.ruheforst-deutschland.de\/waldhufe\/wp-json\/wp\/v2\/pages\/101\/revisions\/874"}],"wp:attachment":[{"href":"https:\/\/www.ruheforst-deutschland.de\/waldhufe\/wp-json\/wp\/v2\/media?parent=101"}],"curies":[{"name":"wp","href":"https:\/\/api.w.org\/{rel}","templated":true}]}}