{"id":126,"date":"2024-09-04T14:48:53","date_gmt":"2024-09-04T12:48:53","guid":{"rendered":"https:\/\/www.ruheforst-deutschland.de\/waldhufe\/?page_id=126"},"modified":"2025-09-30T16:03:16","modified_gmt":"2025-09-30T14:03:16","slug":"anfahrt","status":"publish","type":"page","link":"https:\/\/www.ruheforst-deutschland.de\/waldhufe\/anfahrt\/","title":{"rendered":"Anfahrt"},"content":{"rendered":"<div class=\"wpb-content-wrapper\"><p>[vc_row][vc_column][vc_column_text css=&#8220;&#8220;]<\/p>\n<h1>Anfahrt<\/h1>\n<p>[\/vc_column_text][vc_row_inner gap=&#8220;25&#8243; css=&#8220;.vc_custom_1725978475409{padding: 0px !important;}&#8220;][vc_column_inner width=&#8220;1\/3&#8243;][vc_column_text css=&#8220;&#8220;]<\/p>\n<h3><strong>RuheForst Waldhufe<\/strong><\/h3>\n<p>Der Ruheforst Waldhufe ist am besten \u00fcber den Markt im Ortsteil Kirchhain und dann \u00fcber die Waldhufenstra\u00dfe zu erreichen. Die Entfernung vom Markt betr\u00e4gt 2,1 km.<\/p>\n<h5>Mit der Bahn und zu Fu\u00df:<\/h5>\n<p>Der Bahnhof Doberlug-Kirchhain ist aus den Richtungen Dresden, Leipzig, Berlin und Cottbus sehr gut erreichbar. Vom Bahnhof k\u00f6nnen Sie per Taxi oder zu Fu\u00df zum RuheForst gelangen. Der Fu\u00dfweg (4km) f\u00fchrt \u00fcber Bahnhofsallee \u2013Am Krankenhaus \u2013Baumschulenweg \u2013Torgauer Stra\u00dfe zur Waldhufe.<\/p>\n<p>Adresse f\u00fcr Eingabe in Navigationsger\u00e4te:<br \/>\nWaldhufenstr. 55, 03253 Doberlug Kirchhain<\/p>\n<p>Koordinaten: 51\u00b038\u201810.16\u2018\u2018N 13\u00b031\u201855.84\u2018\u2018E<\/p>\n<p>QR-Code Anfahrt[\/vc_column_text][vc_single_image image=&#8220;779&#8243; img_size=&#8220;200&#215;200&#8243; css=&#8220;&#8220;][\/vc_column_inner][vc_column_inner width=&#8220;2\/3&#8243;][vc_gmaps link=&#8220;#E-8_JTNDaWZyYW1lJTIwc3JjJTNEJTIyaHR0cHMlM0ElMkYlMkZ3d3cuZ29vZ2xlLmNvbSUyRm1hcHMlMkZlbWJlZCUzRnBiJTNEJTIxMW0xOCUyMTFtMTIlMjExbTMlMjExZDI0NzYuMjk0MjgzMDE4NDY1JTIxMmQxMy41Mjk2MzU5Nzc1OTUyNDYlMjEzZDUxLjYzNjEzNTUwMTI4OTQ3JTIxMm0zJTIxMWYwJTIxMmYwJTIxM2YwJTIxM20yJTIxMWkxMDI0JTIxMmk3NjglMjE0ZjEzLjElMjEzbTMlMjExbTIlMjExczB4NDdhN2YzZWNmOWFmNzY1NSUyNTNBMHg4OThjMGNkMTIyNGFkZjZmJTIxMnNSdWhlRm9yc3QlMjUyMFdhbGRodWZlJTI1MkZEb2Jlcmx1Zy1LaXJjaGhhaW4lMjE1ZTAlMjEzbTIlMjExc2RlJTIxMnNkZSUyMTR2MTc1OTIzMjk1MjU2NSUyMTVtMiUyMTFzZGUlMjEyc2RlJTIyJTIwd2lkdGglM0QlMjIxMDAlMjUlMjIlMjBoZWlnaHQlM0QlMjI1NTAlMjIlMjBzdHlsZSUzRCUyMmJvcmRlciUzQTAlM0IlMjIlMjBhbGxvd2Z1bGxzY3JlZW4lM0QlMjIlMjIlMjBsb2FkaW5nJTNEJTIybGF6eSUyMiUyMHJlZmVycmVycG9saWN5JTNEJTIybm8tcmVmZXJyZXItd2hlbi1kb3duZ3JhZGUlMjIlM0UlM0MlMkZpZnJhbWUlM0UlMEElMEE=&#8220; css=&#8220;&#8220;][\/vc_column_inner][\/vc_row_inner][\/vc_column][\/vc_row]<\/p>\n<\/div>","protected":false},"excerpt":{"rendered":"<p>[vc_row][vc_column][vc_column_text css=&#8220;&#8220;] Anfahrt [\/vc_column_text][vc_row_inner gap=&#8220;25&#8243; css=&#8220;.vc_custom_1725978475409{padding: 0px !important;}&#8220;][vc_column_inner width=&#8220;1\/3&#8243;][vc_column_text css=&#8220;&#8220;] RuheForst Waldhufe Der Ruheforst Waldhufe ist am besten \u00fcber den Markt im Ortsteil Kirchhain und dann \u00fcber die Waldhufenstra\u00dfe zu&#8230; <a class=\"read-more\" href=\"https:\/\/www.ruheforst-deutschland.de\/waldhufe\/anfahrt\/\">Weiterlesen<\/a><\/p>\n","protected":false},"author":1,"featured_media":0,"parent":0,"menu_order":7,"comment_status":"closed","ping_status":"closed","template":"","meta":{"site-sidebar-layout":"no-sidebar","site-content-layout":"plain-container","ast-site-content-layout":"default","site-content-style":"default","site-sidebar-style":"default","ast-global-header-display":"","ast-banner-title-visibility":"","ast-main-header-display":"","ast-hfb-above-header-display":"","ast-hfb-below-header-display":"","ast-hfb-mobile-header-display":"","site-post-title":"disabled","ast-breadcrumbs-content":"","ast-featured-img":"disabled","footer-sml-layout":"","ast-disable-related-posts":"","theme-transparent-header-meta":"default","adv-header-id-meta":"","stick-header-meta":"","header-above-stick-meta":"","header-main-stick-meta":"","header-below-stick-meta":"","astra-migrate-meta-layouts":"set","ast-page-background-enabled":"default","ast-page-background-meta":{"desktop":{"background-color":"var(--ast-global-color-4)","background-image":"","background-repeat":"repeat","background-position":"center center","background-size":"auto","background-attachment":"scroll","background-type":"","background-media":"","overlay-type":"","overlay-color":"","overlay-opacity":"","overlay-gradient":""},"tablet":{"background-color":"","background-image":"","background-repeat":"repeat","background-position":"center center","background-size":"auto","background-attachment":"scroll","background-type":"","background-media":"","overlay-type":"","overlay-color":"","overlay-opacity":"","overlay-gradient":""},"mobile":{"background-color":"","background-image":"","background-repeat":"repeat","background-position":"center center","background-size":"auto","background-attachment":"scroll","background-type":"","background-media":"","overlay-type":"","overlay-color":"","overlay-opacity":"","overlay-gradient":""}},"ast-content-background-meta":{"desktop":{"background-color":"var(--ast-global-color-5)","background-image":"","background-repeat":"repeat","background-position":"center center","background-size":"auto","background-attachment":"scroll","background-type":"","background-media":"","overlay-type":"","overlay-color":"","overlay-opacity":"","overlay-gradient":""},"tablet":{"background-color":"var(--ast-global-color-5)","background-image":"","background-repeat":"repeat","background-position":"center center","background-size":"auto","background-attachment":"scroll","background-type":"","background-media":"","overlay-type":"","overlay-color":"","overlay-opacity":"","overlay-gradient":""},"mobile":{"background-color":"var(--ast-global-color-5)","background-image":"","background-repeat":"repeat","background-position":"center center","background-size":"auto","background-attachment":"scroll","background-type":"","background-media":"","overlay-type":"","overlay-color":"","overlay-opacity":"","overlay-gradient":""}},"footnotes":""},"class_list":["post-126","page","type-page","status-publish","hentry"],"_links":{"self":[{"href":"https:\/\/www.ruheforst-deutschland.de\/waldhufe\/wp-json\/wp\/v2\/pages\/126","targetHints":{"allow":["GET"]}}],"collection":[{"href":"https:\/\/www.ruheforst-deutschland.de\/waldhufe\/wp-json\/wp\/v2\/pages"}],"about":[{"href":"https:\/\/www.ruheforst-deutschland.de\/waldhufe\/wp-json\/wp\/v2\/types\/page"}],"author":[{"embeddable":true,"href":"https:\/\/www.ruheforst-deutschland.de\/waldhufe\/wp-json\/wp\/v2\/users\/1"}],"replies":[{"embeddable":true,"href":"https:\/\/www.ruheforst-deutschland.de\/waldhufe\/wp-json\/wp\/v2\/comments?post=126"}],"version-history":[{"count":14,"href":"https:\/\/www.ruheforst-deutschland.de\/waldhufe\/wp-json\/wp\/v2\/pages\/126\/revisions"}],"predecessor-version":[{"id":781,"href":"https:\/\/www.ruheforst-deutschland.de\/waldhufe\/wp-json\/wp\/v2\/pages\/126\/revisions\/781"}],"wp:attachment":[{"href":"https:\/\/www.ruheforst-deutschland.de\/waldhufe\/wp-json\/wp\/v2\/media?parent=126"}],"curies":[{"name":"wp","href":"https:\/\/api.w.org\/{rel}","templated":true}]}}